{"id":635,"date":"2025-06-05T10:05:19","date_gmt":"2025-06-05T10:05:19","guid":{"rendered":"https:\/\/spinbetter.cash\/ee\/?page_id=635"},"modified":"2025-06-11T09:14:47","modified_gmt":"2025-06-11T09:14:47","slug":"bet-now-pay-later","status":"publish","type":"page","link":"https:\/\/spinbetter.cash\/ee\/bonus\/bet-now-pay-later\/","title":{"rendered":"Panusta kohe \u2013 maksa hiljem"},"content":{"rendered":"","protected":false},"excerpt":{"rendered":"","protected":false},"author":1,"featured_media":0,"parent":152,"menu_order":0,"comment_status":"closed","ping_status":"closed","template":"","meta":{"_acf_changed":false,"footnotes":""},"class_list":["post-635","page","type-page","status-publish","hentry"],"acf":[],"yoast_head":"<!-- This site is optimized with the Yoast SEO plugin v27.3 - https:\/\/yoast.com\/product\/yoast-seo-wordpress\/ -->\n<title>Panusta kohe, maksa hiljem Advance Betiga SpinBetter!<\/title>\n<meta name=\"description\" content=\"\u00c4ra lase t\u00fchjal kontol oma p\u00f5nevust rikkuda! SpinBetter eelpanustega saad panuseid teha isegi siis, kui su kontol pole raha!\" \/>\n<meta name=\"robots\" content=\"index, follow, max-snippet:-1, max-image-preview:large, max-video-preview:-1\" \/>\n<meta property=\"og:locale\" content=\"et_EE\" \/>\n<meta property=\"og:type\" content=\"article\" \/>\n<meta property=\"og:title\" content=\"Panusta kohe, maksa hiljem Advance Betiga SpinBetter!\" \/>\n<meta property=\"og:description\" content=\"\u00c4ra lase t\u00fchjal kontol oma p\u00f5nevust rikkuda! SpinBetter eelpanustega saad panuseid teha isegi siis, kui su kontol pole raha!\" \/>\n<meta property=\"og:url\" content=\"https:\/\/spinbetter.cash\/ee\/bonus\/bet-now-pay-later\/\" \/>\n<meta property=\"og:site_name\" content=\"Spinbetter football EE\" \/>\n<meta property=\"article:modified_time\" content=\"2025-06-11T09:14:47+00:00\" \/>\n<meta name=\"twitter:card\" content=\"summary_large_image\" \/>\n<script type=\"application\/ld+json\" class=\"yoast-schema-graph\">{\"@context\":\"https:\\\/\\\/schema.org\",\"@graph\":[{\"@type\":\"WebPage\",\"@id\":\"https:\\\/\\\/spinbetter.cash\\\/ee\\\/bonus\\\/bet-now-pay-later\\\/\",\"url\":\"https:\\\/\\\/spinbetter.cash\\\/ee\\\/bonus\\\/bet-now-pay-later\\\/\",\"name\":\"Panusta kohe, maksa hiljem Advance Betiga SpinBetter!\",\"isPartOf\":{\"@id\":\"https:\\\/\\\/spinbetter.cash\\\/ee\\\/#website\"},\"datePublished\":\"2025-06-05T10:05:19+00:00\",\"dateModified\":\"2025-06-11T09:14:47+00:00\",\"description\":\"\u00c4ra lase t\u00fchjal kontol oma p\u00f5nevust rikkuda! SpinBetter eelpanustega saad panuseid teha isegi siis, kui su kontol pole raha!\",\"breadcrumb\":{\"@id\":\"https:\\\/\\\/spinbetter.cash\\\/ee\\\/bonus\\\/bet-now-pay-later\\\/#breadcrumb\"},\"inLanguage\":\"et\",\"potentialAction\":[{\"@type\":\"ReadAction\",\"target\":[\"https:\\\/\\\/spinbetter.cash\\\/ee\\\/bonus\\\/bet-now-pay-later\\\/\"]}]},{\"@type\":\"BreadcrumbList\",\"@id\":\"https:\\\/\\\/spinbetter.cash\\\/ee\\\/bonus\\\/bet-now-pay-later\\\/#breadcrumb\",\"itemListElement\":[{\"@type\":\"ListItem\",\"position\":1,\"name\":\"Home\",\"item\":\"https:\\\/\\\/spinbetter.cash\\\/ee\\\/\"},{\"@type\":\"ListItem\",\"position\":2,\"name\":\"Bonus\",\"item\":\"https:\\\/\\\/spinbetter.cash\\\/ee\\\/bonus\\\/\"},{\"@type\":\"ListItem\",\"position\":3,\"name\":\"Panusta kohe \u2013 maksa hiljem\"}]},{\"@type\":\"WebSite\",\"@id\":\"https:\\\/\\\/spinbetter.cash\\\/ee\\\/#website\",\"url\":\"https:\\\/\\\/spinbetter.cash\\\/ee\\\/\",\"name\":\"Spinbetter football EE\",\"description\":\"My WordPress Blog\",\"potentialAction\":[{\"@type\":\"SearchAction\",\"target\":{\"@type\":\"EntryPoint\",\"urlTemplate\":\"https:\\\/\\\/spinbetter.cash\\\/ee\\\/?s={search_term_string}\"},\"query-input\":{\"@type\":\"PropertyValueSpecification\",\"valueRequired\":true,\"valueName\":\"search_term_string\"}}],\"inLanguage\":\"et\"}]}<\/script>\n<!-- \/ Yoast SEO plugin. -->","yoast_head_json":{"title":"Panusta kohe, maksa hiljem Advance Betiga SpinBetter!","description":"\u00c4ra lase t\u00fchjal kontol oma p\u00f5nevust rikkuda! SpinBetter eelpanustega saad panuseid teha isegi siis, kui su kontol pole raha!","robots":{"index":"index","follow":"follow","max-snippet":"max-snippet:-1","max-image-preview":"max-image-preview:large","max-video-preview":"max-video-preview:-1"},"og_locale":"et_EE","og_type":"article","og_title":"Panusta kohe, maksa hiljem Advance Betiga SpinBetter!","og_description":"\u00c4ra lase t\u00fchjal kontol oma p\u00f5nevust rikkuda! SpinBetter eelpanustega saad panuseid teha isegi siis, kui su kontol pole raha!","og_url":"https:\/\/spinbetter.cash\/ee\/bonus\/bet-now-pay-later\/","og_site_name":"Spinbetter football EE","article_modified_time":"2025-06-11T09:14:47+00:00","twitter_card":"summary_large_image","schema":{"@context":"https:\/\/schema.org","@graph":[{"@type":"WebPage","@id":"https:\/\/spinbetter.cash\/ee\/bonus\/bet-now-pay-later\/","url":"https:\/\/spinbetter.cash\/ee\/bonus\/bet-now-pay-later\/","name":"Panusta kohe, maksa hiljem Advance Betiga SpinBetter!","isPartOf":{"@id":"https:\/\/spinbetter.cash\/ee\/#website"},"datePublished":"2025-06-05T10:05:19+00:00","dateModified":"2025-06-11T09:14:47+00:00","description":"\u00c4ra lase t\u00fchjal kontol oma p\u00f5nevust rikkuda! SpinBetter eelpanustega saad panuseid teha isegi siis, kui su kontol pole raha!","breadcrumb":{"@id":"https:\/\/spinbetter.cash\/ee\/bonus\/bet-now-pay-later\/#breadcrumb"},"inLanguage":"et","potentialAction":[{"@type":"ReadAction","target":["https:\/\/spinbetter.cash\/ee\/bonus\/bet-now-pay-later\/"]}]},{"@type":"BreadcrumbList","@id":"https:\/\/spinbetter.cash\/ee\/bonus\/bet-now-pay-later\/#breadcrumb","itemListElement":[{"@type":"ListItem","position":1,"name":"Home","item":"https:\/\/spinbetter.cash\/ee\/"},{"@type":"ListItem","position":2,"name":"Bonus","item":"https:\/\/spinbetter.cash\/ee\/bonus\/"},{"@type":"ListItem","position":3,"name":"Panusta kohe \u2013 maksa hiljem"}]},{"@type":"WebSite","@id":"https:\/\/spinbetter.cash\/ee\/#website","url":"https:\/\/spinbetter.cash\/ee\/","name":"Spinbetter football EE","description":"My WordPress Blog","potentialAction":[{"@type":"SearchAction","target":{"@type":"EntryPoint","urlTemplate":"https:\/\/spinbetter.cash\/ee\/?s={search_term_string}"},"query-input":{"@type":"PropertyValueSpecification","valueRequired":true,"valueName":"search_term_string"}}],"inLanguage":"et"}]}},"_links":{"self":[{"href":"https:\/\/spinbetter.cash\/ee\/wp-json\/wp\/v2\/pages\/635","targetHints":{"allow":["GET"]}}],"collection":[{"href":"https:\/\/spinbetter.cash\/ee\/wp-json\/wp\/v2\/pages"}],"about":[{"href":"https:\/\/spinbetter.cash\/ee\/wp-json\/wp\/v2\/types\/page"}],"author":[{"embeddable":true,"href":"https:\/\/spinbetter.cash\/ee\/wp-json\/wp\/v2\/users\/1"}],"replies":[{"embeddable":true,"href":"https:\/\/spinbetter.cash\/ee\/wp-json\/wp\/v2\/comments?post=635"}],"version-history":[{"count":2,"href":"https:\/\/spinbetter.cash\/ee\/wp-json\/wp\/v2\/pages\/635\/revisions"}],"predecessor-version":[{"id":637,"href":"https:\/\/spinbetter.cash\/ee\/wp-json\/wp\/v2\/pages\/635\/revisions\/637"}],"up":[{"embeddable":true,"href":"https:\/\/spinbetter.cash\/ee\/wp-json\/wp\/v2\/pages\/152"}],"wp:attachment":[{"href":"https:\/\/spinbetter.cash\/ee\/wp-json\/wp\/v2\/media?parent=635"}],"curies":[{"name":"wp","href":"https:\/\/api.w.org\/{rel}","templated":true}]}}