{"id":434,"date":"2024-10-11T14:32:24","date_gmt":"2024-10-11T14:32:24","guid":{"rendered":"https:\/\/spinbetter.cash\/ee\/?page_id=434"},"modified":"2025-02-11T11:20:54","modified_gmt":"2025-02-11T11:20:54","slug":"player-reviews","status":"publish","type":"page","link":"https:\/\/spinbetter.cash\/ee\/player-reviews\/","title":{"rendered":"M\u00e4ngijate Arvustused"},"content":{"rendered":"","protected":false},"excerpt":{"rendered":"","protected":false},"author":1,"featured_media":0,"parent":0,"menu_order":0,"comment_status":"closed","ping_status":"closed","template":"","meta":{"_acf_changed":false,"footnotes":""},"class_list":["post-434","page","type-page","status-publish","hentry"],"acf":[],"yoast_head":"<!-- This site is optimized with the Yoast SEO plugin v27.3 - https:\/\/yoast.com\/product\/yoast-seo-wordpress\/ -->\n<title>SpinBetter kasiino ja kihlveokontorite m\u00e4ngijate \u00fclevaated<\/title>\n<meta name=\"description\" content=\"Loe m\u00e4ngijate kommentaare SpinBetteri kohta. Uuri, kuidas teised panustavad, v\u00f5idavad ja saavad boonuseid!\" \/>\n<meta name=\"robots\" content=\"index, follow, max-snippet:-1, max-image-preview:large, max-video-preview:-1\" \/>\n<meta property=\"og:locale\" content=\"et_EE\" \/>\n<meta property=\"og:type\" content=\"article\" \/>\n<meta property=\"og:title\" content=\"SpinBetter kasiino ja kihlveokontorite m\u00e4ngijate \u00fclevaated\" \/>\n<meta property=\"og:description\" content=\"Loe m\u00e4ngijate kommentaare SpinBetteri kohta. Uuri, kuidas teised panustavad, v\u00f5idavad ja saavad boonuseid!\" \/>\n<meta property=\"og:url\" content=\"https:\/\/spinbetter.cash\/ee\/player-reviews\/\" \/>\n<meta property=\"og:site_name\" content=\"Spinbetter football EE\" \/>\n<meta property=\"article:modified_time\" content=\"2025-02-11T11:20:54+00:00\" \/>\n<meta name=\"twitter:card\" content=\"summary_large_image\" \/>\n<script type=\"application\/ld+json\" class=\"yoast-schema-graph\">{\"@context\":\"https:\\\/\\\/schema.org\",\"@graph\":[{\"@type\":\"WebPage\",\"@id\":\"https:\\\/\\\/spinbetter.cash\\\/ee\\\/player-reviews\\\/\",\"url\":\"https:\\\/\\\/spinbetter.cash\\\/ee\\\/player-reviews\\\/\",\"name\":\"SpinBetter kasiino ja kihlveokontorite m\u00e4ngijate \u00fclevaated\",\"isPartOf\":{\"@id\":\"https:\\\/\\\/spinbetter.cash\\\/ee\\\/#website\"},\"datePublished\":\"2024-10-11T14:32:24+00:00\",\"dateModified\":\"2025-02-11T11:20:54+00:00\",\"description\":\"Loe m\u00e4ngijate kommentaare SpinBetteri kohta. Uuri, kuidas teised panustavad, v\u00f5idavad ja saavad boonuseid!\",\"breadcrumb\":{\"@id\":\"https:\\\/\\\/spinbetter.cash\\\/ee\\\/player-reviews\\\/#breadcrumb\"},\"inLanguage\":\"et\",\"potentialAction\":[{\"@type\":\"ReadAction\",\"target\":[\"https:\\\/\\\/spinbetter.cash\\\/ee\\\/player-reviews\\\/\"]}]},{\"@type\":\"BreadcrumbList\",\"@id\":\"https:\\\/\\\/spinbetter.cash\\\/ee\\\/player-reviews\\\/#breadcrumb\",\"itemListElement\":[{\"@type\":\"ListItem\",\"position\":1,\"name\":\"Home\",\"item\":\"https:\\\/\\\/spinbetter.cash\\\/ee\\\/\"},{\"@type\":\"ListItem\",\"position\":2,\"name\":\"M\u00e4ngijate Arvustused\"}]},{\"@type\":\"WebSite\",\"@id\":\"https:\\\/\\\/spinbetter.cash\\\/ee\\\/#website\",\"url\":\"https:\\\/\\\/spinbetter.cash\\\/ee\\\/\",\"name\":\"Spinbetter football EE\",\"description\":\"My WordPress Blog\",\"potentialAction\":[{\"@type\":\"SearchAction\",\"target\":{\"@type\":\"EntryPoint\",\"urlTemplate\":\"https:\\\/\\\/spinbetter.cash\\\/ee\\\/?s={search_term_string}\"},\"query-input\":{\"@type\":\"PropertyValueSpecification\",\"valueRequired\":true,\"valueName\":\"search_term_string\"}}],\"inLanguage\":\"et\"}]}<\/script>\n<!-- \/ Yoast SEO plugin. -->","yoast_head_json":{"title":"SpinBetter kasiino ja kihlveokontorite m\u00e4ngijate \u00fclevaated","description":"Loe m\u00e4ngijate kommentaare SpinBetteri kohta. Uuri, kuidas teised panustavad, v\u00f5idavad ja saavad boonuseid!","robots":{"index":"index","follow":"follow","max-snippet":"max-snippet:-1","max-image-preview":"max-image-preview:large","max-video-preview":"max-video-preview:-1"},"og_locale":"et_EE","og_type":"article","og_title":"SpinBetter kasiino ja kihlveokontorite m\u00e4ngijate \u00fclevaated","og_description":"Loe m\u00e4ngijate kommentaare SpinBetteri kohta. Uuri, kuidas teised panustavad, v\u00f5idavad ja saavad boonuseid!","og_url":"https:\/\/spinbetter.cash\/ee\/player-reviews\/","og_site_name":"Spinbetter football EE","article_modified_time":"2025-02-11T11:20:54+00:00","twitter_card":"summary_large_image","schema":{"@context":"https:\/\/schema.org","@graph":[{"@type":"WebPage","@id":"https:\/\/spinbetter.cash\/ee\/player-reviews\/","url":"https:\/\/spinbetter.cash\/ee\/player-reviews\/","name":"SpinBetter kasiino ja kihlveokontorite m\u00e4ngijate \u00fclevaated","isPartOf":{"@id":"https:\/\/spinbetter.cash\/ee\/#website"},"datePublished":"2024-10-11T14:32:24+00:00","dateModified":"2025-02-11T11:20:54+00:00","description":"Loe m\u00e4ngijate kommentaare SpinBetteri kohta. Uuri, kuidas teised panustavad, v\u00f5idavad ja saavad boonuseid!","breadcrumb":{"@id":"https:\/\/spinbetter.cash\/ee\/player-reviews\/#breadcrumb"},"inLanguage":"et","potentialAction":[{"@type":"ReadAction","target":["https:\/\/spinbetter.cash\/ee\/player-reviews\/"]}]},{"@type":"BreadcrumbList","@id":"https:\/\/spinbetter.cash\/ee\/player-reviews\/#breadcrumb","itemListElement":[{"@type":"ListItem","position":1,"name":"Home","item":"https:\/\/spinbetter.cash\/ee\/"},{"@type":"ListItem","position":2,"name":"M\u00e4ngijate Arvustused"}]},{"@type":"WebSite","@id":"https:\/\/spinbetter.cash\/ee\/#website","url":"https:\/\/spinbetter.cash\/ee\/","name":"Spinbetter football EE","description":"My WordPress Blog","potentialAction":[{"@type":"SearchAction","target":{"@type":"EntryPoint","urlTemplate":"https:\/\/spinbetter.cash\/ee\/?s={search_term_string}"},"query-input":{"@type":"PropertyValueSpecification","valueRequired":true,"valueName":"search_term_string"}}],"inLanguage":"et"}]}},"_links":{"self":[{"href":"https:\/\/spinbetter.cash\/ee\/wp-json\/wp\/v2\/pages\/434","targetHints":{"allow":["GET"]}}],"collection":[{"href":"https:\/\/spinbetter.cash\/ee\/wp-json\/wp\/v2\/pages"}],"about":[{"href":"https:\/\/spinbetter.cash\/ee\/wp-json\/wp\/v2\/types\/page"}],"author":[{"embeddable":true,"href":"https:\/\/spinbetter.cash\/ee\/wp-json\/wp\/v2\/users\/1"}],"replies":[{"embeddable":true,"href":"https:\/\/spinbetter.cash\/ee\/wp-json\/wp\/v2\/comments?post=434"}],"version-history":[{"count":24,"href":"https:\/\/spinbetter.cash\/ee\/wp-json\/wp\/v2\/pages\/434\/revisions"}],"predecessor-version":[{"id":601,"href":"https:\/\/spinbetter.cash\/ee\/wp-json\/wp\/v2\/pages\/434\/revisions\/601"}],"wp:attachment":[{"href":"https:\/\/spinbetter.cash\/ee\/wp-json\/wp\/v2\/media?parent=434"}],"curies":[{"name":"wp","href":"https:\/\/api.w.org\/{rel}","templated":true}]}}