{"id":336,"date":"2024-10-11T14:31:35","date_gmt":"2024-10-11T14:31:35","guid":{"rendered":"https:\/\/spinbetter.cash\/ee\/?page_id=336"},"modified":"2025-06-11T09:04:24","modified_gmt":"2025-06-11T09:04:24","slug":"login","status":"publish","type":"page","link":"https:\/\/spinbetter.cash\/ee\/login\/","title":{"rendered":"Login"},"content":{"rendered":"","protected":false},"excerpt":{"rendered":"","protected":false},"author":1,"featured_media":0,"parent":0,"menu_order":0,"comment_status":"closed","ping_status":"closed","template":"","meta":{"_acf_changed":false,"footnotes":""},"class_list":["post-336","page","type-page","status-publish","hentry"],"acf":[],"yoast_head":"<!-- This site is optimized with the Yoast SEO plugin v27.3 - https:\/\/yoast.com\/product\/yoast-seo-wordpress\/ -->\n<title>SpinBetter sisselogimine | Kiire juurdep\u00e4\u00e4s panustele ja v\u00f5itudele!<\/title>\n<meta name=\"description\" content=\"Logi sisse SpinBetterisse &gt; Kohene juurdep\u00e4\u00e4s oma kontole, spordikihlvedudele ja hasartm\u00e4ngudele! Logi sisse ja hakka kohe v\u00f5itma!\" \/>\n<meta name=\"robots\" content=\"index, follow, max-snippet:-1, max-image-preview:large, max-video-preview:-1\" \/>\n<meta property=\"og:locale\" content=\"et_EE\" \/>\n<meta property=\"og:type\" content=\"article\" \/>\n<meta property=\"og:title\" content=\"SpinBetter sisselogimine | Kiire juurdep\u00e4\u00e4s panustele ja v\u00f5itudele!\" \/>\n<meta property=\"og:description\" content=\"Logi sisse SpinBetterisse &gt; Kohene juurdep\u00e4\u00e4s oma kontole, spordikihlvedudele ja hasartm\u00e4ngudele! Logi sisse ja hakka kohe v\u00f5itma!\" \/>\n<meta property=\"og:url\" content=\"https:\/\/spinbetter.cash\/ee\/login\/\" \/>\n<meta property=\"og:site_name\" content=\"Spinbetter football EE\" \/>\n<meta property=\"article:modified_time\" content=\"2025-06-11T09:04:24+00:00\" \/>\n<meta name=\"twitter:card\" content=\"summary_large_image\" \/>\n<script type=\"application\/ld+json\" class=\"yoast-schema-graph\">{\"@context\":\"https:\\\/\\\/schema.org\",\"@graph\":[{\"@type\":\"WebPage\",\"@id\":\"https:\\\/\\\/spinbetter.cash\\\/ee\\\/login\\\/\",\"url\":\"https:\\\/\\\/spinbetter.cash\\\/ee\\\/login\\\/\",\"name\":\"SpinBetter sisselogimine | Kiire juurdep\u00e4\u00e4s panustele ja v\u00f5itudele!\",\"isPartOf\":{\"@id\":\"https:\\\/\\\/spinbetter.cash\\\/ee\\\/#website\"},\"datePublished\":\"2024-10-11T14:31:35+00:00\",\"dateModified\":\"2025-06-11T09:04:24+00:00\",\"description\":\"Logi sisse SpinBetterisse > Kohene juurdep\u00e4\u00e4s oma kontole, spordikihlvedudele ja hasartm\u00e4ngudele! Logi sisse ja hakka kohe v\u00f5itma!\",\"breadcrumb\":{\"@id\":\"https:\\\/\\\/spinbetter.cash\\\/ee\\\/login\\\/#breadcrumb\"},\"inLanguage\":\"et\",\"potentialAction\":[{\"@type\":\"ReadAction\",\"target\":[\"https:\\\/\\\/spinbetter.cash\\\/ee\\\/login\\\/\"]}]},{\"@type\":\"BreadcrumbList\",\"@id\":\"https:\\\/\\\/spinbetter.cash\\\/ee\\\/login\\\/#breadcrumb\",\"itemListElement\":[{\"@type\":\"ListItem\",\"position\":1,\"name\":\"Home\",\"item\":\"https:\\\/\\\/spinbetter.cash\\\/ee\\\/\"},{\"@type\":\"ListItem\",\"position\":2,\"name\":\"Login\"}]},{\"@type\":\"WebSite\",\"@id\":\"https:\\\/\\\/spinbetter.cash\\\/ee\\\/#website\",\"url\":\"https:\\\/\\\/spinbetter.cash\\\/ee\\\/\",\"name\":\"Spinbetter football EE\",\"description\":\"My WordPress Blog\",\"potentialAction\":[{\"@type\":\"SearchAction\",\"target\":{\"@type\":\"EntryPoint\",\"urlTemplate\":\"https:\\\/\\\/spinbetter.cash\\\/ee\\\/?s={search_term_string}\"},\"query-input\":{\"@type\":\"PropertyValueSpecification\",\"valueRequired\":true,\"valueName\":\"search_term_string\"}}],\"inLanguage\":\"et\"}]}<\/script>\n<!-- \/ Yoast SEO plugin. -->","yoast_head_json":{"title":"SpinBetter sisselogimine | Kiire juurdep\u00e4\u00e4s panustele ja v\u00f5itudele!","description":"Logi sisse SpinBetterisse > Kohene juurdep\u00e4\u00e4s oma kontole, spordikihlvedudele ja hasartm\u00e4ngudele! Logi sisse ja hakka kohe v\u00f5itma!","robots":{"index":"index","follow":"follow","max-snippet":"max-snippet:-1","max-image-preview":"max-image-preview:large","max-video-preview":"max-video-preview:-1"},"og_locale":"et_EE","og_type":"article","og_title":"SpinBetter sisselogimine | Kiire juurdep\u00e4\u00e4s panustele ja v\u00f5itudele!","og_description":"Logi sisse SpinBetterisse > Kohene juurdep\u00e4\u00e4s oma kontole, spordikihlvedudele ja hasartm\u00e4ngudele! Logi sisse ja hakka kohe v\u00f5itma!","og_url":"https:\/\/spinbetter.cash\/ee\/login\/","og_site_name":"Spinbetter football EE","article_modified_time":"2025-06-11T09:04:24+00:00","twitter_card":"summary_large_image","schema":{"@context":"https:\/\/schema.org","@graph":[{"@type":"WebPage","@id":"https:\/\/spinbetter.cash\/ee\/login\/","url":"https:\/\/spinbetter.cash\/ee\/login\/","name":"SpinBetter sisselogimine | Kiire juurdep\u00e4\u00e4s panustele ja v\u00f5itudele!","isPartOf":{"@id":"https:\/\/spinbetter.cash\/ee\/#website"},"datePublished":"2024-10-11T14:31:35+00:00","dateModified":"2025-06-11T09:04:24+00:00","description":"Logi sisse SpinBetterisse > Kohene juurdep\u00e4\u00e4s oma kontole, spordikihlvedudele ja hasartm\u00e4ngudele! Logi sisse ja hakka kohe v\u00f5itma!","breadcrumb":{"@id":"https:\/\/spinbetter.cash\/ee\/login\/#breadcrumb"},"inLanguage":"et","potentialAction":[{"@type":"ReadAction","target":["https:\/\/spinbetter.cash\/ee\/login\/"]}]},{"@type":"BreadcrumbList","@id":"https:\/\/spinbetter.cash\/ee\/login\/#breadcrumb","itemListElement":[{"@type":"ListItem","position":1,"name":"Home","item":"https:\/\/spinbetter.cash\/ee\/"},{"@type":"ListItem","position":2,"name":"Login"}]},{"@type":"WebSite","@id":"https:\/\/spinbetter.cash\/ee\/#website","url":"https:\/\/spinbetter.cash\/ee\/","name":"Spinbetter football EE","description":"My WordPress Blog","potentialAction":[{"@type":"SearchAction","target":{"@type":"EntryPoint","urlTemplate":"https:\/\/spinbetter.cash\/ee\/?s={search_term_string}"},"query-input":{"@type":"PropertyValueSpecification","valueRequired":true,"valueName":"search_term_string"}}],"inLanguage":"et"}]}},"_links":{"self":[{"href":"https:\/\/spinbetter.cash\/ee\/wp-json\/wp\/v2\/pages\/336","targetHints":{"allow":["GET"]}}],"collection":[{"href":"https:\/\/spinbetter.cash\/ee\/wp-json\/wp\/v2\/pages"}],"about":[{"href":"https:\/\/spinbetter.cash\/ee\/wp-json\/wp\/v2\/types\/page"}],"author":[{"embeddable":true,"href":"https:\/\/spinbetter.cash\/ee\/wp-json\/wp\/v2\/users\/1"}],"replies":[{"embeddable":true,"href":"https:\/\/spinbetter.cash\/ee\/wp-json\/wp\/v2\/comments?post=336"}],"version-history":[{"count":21,"href":"https:\/\/spinbetter.cash\/ee\/wp-json\/wp\/v2\/pages\/336\/revisions"}],"predecessor-version":[{"id":591,"href":"https:\/\/spinbetter.cash\/ee\/wp-json\/wp\/v2\/pages\/336\/revisions\/591"}],"wp:attachment":[{"href":"https:\/\/spinbetter.cash\/ee\/wp-json\/wp\/v2\/media?parent=336"}],"curies":[{"name":"wp","href":"https:\/\/api.w.org\/{rel}","templated":true}]}}