{"id":2,"date":"2023-05-18T17:18:34","date_gmt":"2023-05-18T17:18:34","guid":{"rendered":"https:\/\/spinbetter.cash\/ee\/?page_id=2"},"modified":"2025-12-10T21:11:12","modified_gmt":"2025-12-10T21:11:12","slug":"sample-page","status":"publish","type":"page","link":"https:\/\/spinbetter.cash\/ee\/","title":{"rendered":"Kodulehek\u00fclg"},"content":{"rendered":"","protected":false},"excerpt":{"rendered":"","protected":false},"author":1,"featured_media":0,"parent":0,"menu_order":0,"comment_status":"closed","ping_status":"open","template":"","meta":{"_acf_changed":false,"footnotes":""},"class_list":["post-2","page","type-page","status-publish","hentry"],"acf":[],"yoast_head":"<!-- This site is optimized with the Yoast SEO plugin v27.3 - https:\/\/yoast.com\/product\/yoast-seo-wordpress\/ -->\n<title>Spinbetter | online kasiino ja spordikihlveod | Best of 2025<\/title>\n<meta name=\"description\" content=\"Spinbetteri \u00fcksikasjalik \u00fclevaade &gt; spordikihlvedude, kasiinom\u00e4ngude, samuti mugavate sissemakse meetodite ja mobiilirakenduse kohta\" \/>\n<meta name=\"robots\" content=\"index, follow, max-snippet:-1, max-image-preview:large, max-video-preview:-1\" \/>\n<meta property=\"og:locale\" content=\"et_EE\" \/>\n<meta property=\"og:type\" content=\"article\" \/>\n<meta property=\"og:title\" content=\"Spinbetter | online kasiino ja spordikihlveod | Best of 2025\" \/>\n<meta property=\"og:description\" content=\"Spinbetteri \u00fcksikasjalik \u00fclevaade &gt; spordikihlvedude, kasiinom\u00e4ngude, samuti mugavate sissemakse meetodite ja mobiilirakenduse kohta\" \/>\n<meta property=\"og:url\" content=\"https:\/\/spinbetter.cash\/ee\/\" \/>\n<meta property=\"og:site_name\" content=\"Spinbetter football EE\" \/>\n<meta property=\"article:modified_time\" content=\"2025-12-10T21:11:12+00:00\" \/>\n<meta name=\"twitter:card\" content=\"summary_large_image\" \/>\n<script type=\"application\/ld+json\" class=\"yoast-schema-graph\">{\"@context\":\"https:\\\/\\\/schema.org\",\"@graph\":[{\"@type\":\"WebPage\",\"@id\":\"https:\\\/\\\/spinbetter.cash\\\/ee\\\/\",\"url\":\"https:\\\/\\\/spinbetter.cash\\\/ee\\\/\",\"name\":\"Spinbetter | online kasiino ja spordikihlveod | Best of 2025\",\"isPartOf\":{\"@id\":\"https:\\\/\\\/spinbetter.cash\\\/ee\\\/#website\"},\"datePublished\":\"2023-05-18T17:18:34+00:00\",\"dateModified\":\"2025-12-10T21:11:12+00:00\",\"description\":\"Spinbetteri \u00fcksikasjalik \u00fclevaade > spordikihlvedude, kasiinom\u00e4ngude, samuti mugavate sissemakse meetodite ja mobiilirakenduse kohta\",\"breadcrumb\":{\"@id\":\"https:\\\/\\\/spinbetter.cash\\\/ee\\\/#breadcrumb\"},\"inLanguage\":\"et\",\"potentialAction\":[{\"@type\":\"ReadAction\",\"target\":[\"https:\\\/\\\/spinbetter.cash\\\/ee\\\/\"]}]},{\"@type\":\"BreadcrumbList\",\"@id\":\"https:\\\/\\\/spinbetter.cash\\\/ee\\\/#breadcrumb\",\"itemListElement\":[{\"@type\":\"ListItem\",\"position\":1,\"name\":\"Home\",\"item\":\"https:\\\/\\\/spinbetter.cash\\\/ee\\\/\"},{\"@type\":\"ListItem\",\"position\":2,\"name\":\"Kodulehek\u00fclg\"}]},{\"@type\":\"WebSite\",\"@id\":\"https:\\\/\\\/spinbetter.cash\\\/ee\\\/#website\",\"url\":\"https:\\\/\\\/spinbetter.cash\\\/ee\\\/\",\"name\":\"Spinbetter football EE\",\"description\":\"My WordPress Blog\",\"potentialAction\":[{\"@type\":\"SearchAction\",\"target\":{\"@type\":\"EntryPoint\",\"urlTemplate\":\"https:\\\/\\\/spinbetter.cash\\\/ee\\\/?s={search_term_string}\"},\"query-input\":{\"@type\":\"PropertyValueSpecification\",\"valueRequired\":true,\"valueName\":\"search_term_string\"}}],\"inLanguage\":\"et\"}]}<\/script>\n<!-- \/ Yoast SEO plugin. -->","yoast_head_json":{"title":"Spinbetter | online kasiino ja spordikihlveod | Best of 2025","description":"Spinbetteri \u00fcksikasjalik \u00fclevaade > spordikihlvedude, kasiinom\u00e4ngude, samuti mugavate sissemakse meetodite ja mobiilirakenduse kohta","robots":{"index":"index","follow":"follow","max-snippet":"max-snippet:-1","max-image-preview":"max-image-preview:large","max-video-preview":"max-video-preview:-1"},"og_locale":"et_EE","og_type":"article","og_title":"Spinbetter | online kasiino ja spordikihlveod | Best of 2025","og_description":"Spinbetteri \u00fcksikasjalik \u00fclevaade > spordikihlvedude, kasiinom\u00e4ngude, samuti mugavate sissemakse meetodite ja mobiilirakenduse kohta","og_url":"https:\/\/spinbetter.cash\/ee\/","og_site_name":"Spinbetter football EE","article_modified_time":"2025-12-10T21:11:12+00:00","twitter_card":"summary_large_image","schema":{"@context":"https:\/\/schema.org","@graph":[{"@type":"WebPage","@id":"https:\/\/spinbetter.cash\/ee\/","url":"https:\/\/spinbetter.cash\/ee\/","name":"Spinbetter | online kasiino ja spordikihlveod | Best of 2025","isPartOf":{"@id":"https:\/\/spinbetter.cash\/ee\/#website"},"datePublished":"2023-05-18T17:18:34+00:00","dateModified":"2025-12-10T21:11:12+00:00","description":"Spinbetteri \u00fcksikasjalik \u00fclevaade > spordikihlvedude, kasiinom\u00e4ngude, samuti mugavate sissemakse meetodite ja mobiilirakenduse kohta","breadcrumb":{"@id":"https:\/\/spinbetter.cash\/ee\/#breadcrumb"},"inLanguage":"et","potentialAction":[{"@type":"ReadAction","target":["https:\/\/spinbetter.cash\/ee\/"]}]},{"@type":"BreadcrumbList","@id":"https:\/\/spinbetter.cash\/ee\/#breadcrumb","itemListElement":[{"@type":"ListItem","position":1,"name":"Home","item":"https:\/\/spinbetter.cash\/ee\/"},{"@type":"ListItem","position":2,"name":"Kodulehek\u00fclg"}]},{"@type":"WebSite","@id":"https:\/\/spinbetter.cash\/ee\/#website","url":"https:\/\/spinbetter.cash\/ee\/","name":"Spinbetter football EE","description":"My WordPress Blog","potentialAction":[{"@type":"SearchAction","target":{"@type":"EntryPoint","urlTemplate":"https:\/\/spinbetter.cash\/ee\/?s={search_term_string}"},"query-input":{"@type":"PropertyValueSpecification","valueRequired":true,"valueName":"search_term_string"}}],"inLanguage":"et"}]}},"_links":{"self":[{"href":"https:\/\/spinbetter.cash\/ee\/wp-json\/wp\/v2\/pages\/2","targetHints":{"allow":["GET"]}}],"collection":[{"href":"https:\/\/spinbetter.cash\/ee\/wp-json\/wp\/v2\/pages"}],"about":[{"href":"https:\/\/spinbetter.cash\/ee\/wp-json\/wp\/v2\/types\/page"}],"author":[{"embeddable":true,"href":"https:\/\/spinbetter.cash\/ee\/wp-json\/wp\/v2\/users\/1"}],"replies":[{"embeddable":true,"href":"https:\/\/spinbetter.cash\/ee\/wp-json\/wp\/v2\/comments?post=2"}],"version-history":[{"count":118,"href":"https:\/\/spinbetter.cash\/ee\/wp-json\/wp\/v2\/pages\/2\/revisions"}],"predecessor-version":[{"id":692,"href":"https:\/\/spinbetter.cash\/ee\/wp-json\/wp\/v2\/pages\/2\/revisions\/692"}],"wp:attachment":[{"href":"https:\/\/spinbetter.cash\/ee\/wp-json\/wp\/v2\/media?parent=2"}],"curies":[{"name":"wp","href":"https:\/\/api.w.org\/{rel}","templated":true}]}}