{"id":714,"date":"2025-12-09T13:30:20","date_gmt":"2025-12-09T13:30:20","guid":{"rendered":"https:\/\/spinbetter.cash\/de\/?page_id=714"},"modified":"2025-12-10T14:22:52","modified_gmt":"2025-12-10T14:22:52","slug":"anti-money-laundering","status":"publish","type":"page","link":"https:\/\/spinbetter.cash\/de\/anti-money-laundering\/","title":{"rendered":"Anti-Geldw\u00e4sche"},"content":{"rendered":"","protected":false},"excerpt":{"rendered":"","protected":false},"author":1,"featured_media":0,"parent":0,"menu_order":0,"comment_status":"closed","ping_status":"closed","template":"","meta":{"_acf_changed":false,"footnotes":""},"class_list":["post-714","page","type-page","status-publish","hentry"],"acf":[],"yoast_head":"<!-- This site is optimized with the Yoast SEO plugin v27.3 - https:\/\/yoast.com\/product\/yoast-seo-wordpress\/ -->\n<title>SpinBetter Richtlinie zur Bek\u00e4mpfung von Geldw\u00e4sche<\/title>\n<meta name=\"description\" content=\"Erfahren Sie, wie SpinBetter Geldw\u00e4sche verhindert, Identit\u00e4ten pr\u00fcft und finanzielle Aktivit\u00e4ten \u00fcberwacht, um h\u00f6chste Sicherheitsstandards einzuhalten.\" \/>\n<meta name=\"robots\" content=\"index, follow, max-snippet:-1, max-image-preview:large, max-video-preview:-1\" \/>\n<meta property=\"og:locale\" content=\"de_DE\" \/>\n<meta property=\"og:type\" content=\"article\" \/>\n<meta property=\"og:title\" content=\"SpinBetter Richtlinie zur Bek\u00e4mpfung von Geldw\u00e4sche\" \/>\n<meta property=\"og:description\" content=\"Erfahren Sie, wie SpinBetter Geldw\u00e4sche verhindert, Identit\u00e4ten pr\u00fcft und finanzielle Aktivit\u00e4ten \u00fcberwacht, um h\u00f6chste Sicherheitsstandards einzuhalten.\" \/>\n<meta property=\"og:url\" content=\"https:\/\/spinbetter.cash\/de\/anti-money-laundering\/\" \/>\n<meta property=\"og:site_name\" content=\"Spinbetter Football DE\" \/>\n<meta property=\"article:modified_time\" content=\"2025-12-10T14:22:52+00:00\" \/>\n<meta name=\"twitter:card\" content=\"summary_large_image\" \/>\n<script type=\"application\/ld+json\" class=\"yoast-schema-graph\">{\"@context\":\"https:\\\/\\\/schema.org\",\"@graph\":[{\"@type\":\"WebPage\",\"@id\":\"https:\\\/\\\/spinbetter.cash\\\/de\\\/anti-money-laundering\\\/\",\"url\":\"https:\\\/\\\/spinbetter.cash\\\/de\\\/anti-money-laundering\\\/\",\"name\":\"SpinBetter Richtlinie zur Bek\u00e4mpfung von Geldw\u00e4sche\",\"isPartOf\":{\"@id\":\"https:\\\/\\\/spinbetter.cash\\\/de\\\/#website\"},\"datePublished\":\"2025-12-09T13:30:20+00:00\",\"dateModified\":\"2025-12-10T14:22:52+00:00\",\"description\":\"Erfahren Sie, wie SpinBetter Geldw\u00e4sche verhindert, Identit\u00e4ten pr\u00fcft und finanzielle Aktivit\u00e4ten \u00fcberwacht, um h\u00f6chste Sicherheitsstandards einzuhalten.\",\"breadcrumb\":{\"@id\":\"https:\\\/\\\/spinbetter.cash\\\/de\\\/anti-money-laundering\\\/#breadcrumb\"},\"inLanguage\":\"de\",\"potentialAction\":[{\"@type\":\"ReadAction\",\"target\":[\"https:\\\/\\\/spinbetter.cash\\\/de\\\/anti-money-laundering\\\/\"]}]},{\"@type\":\"BreadcrumbList\",\"@id\":\"https:\\\/\\\/spinbetter.cash\\\/de\\\/anti-money-laundering\\\/#breadcrumb\",\"itemListElement\":[{\"@type\":\"ListItem\",\"position\":1,\"name\":\"Home\",\"item\":\"https:\\\/\\\/spinbetter.cash\\\/de\\\/\"},{\"@type\":\"ListItem\",\"position\":2,\"name\":\"Anti-Geldw\u00e4sche\"}]},{\"@type\":\"WebSite\",\"@id\":\"https:\\\/\\\/spinbetter.cash\\\/de\\\/#website\",\"url\":\"https:\\\/\\\/spinbetter.cash\\\/de\\\/\",\"name\":\"Spinbetter Football DE\",\"description\":\"\",\"potentialAction\":[{\"@type\":\"SearchAction\",\"target\":{\"@type\":\"EntryPoint\",\"urlTemplate\":\"https:\\\/\\\/spinbetter.cash\\\/de\\\/?s={search_term_string}\"},\"query-input\":{\"@type\":\"PropertyValueSpecification\",\"valueRequired\":true,\"valueName\":\"search_term_string\"}}],\"inLanguage\":\"de\"}]}<\/script>\n<!-- \/ Yoast SEO plugin. -->","yoast_head_json":{"title":"SpinBetter Richtlinie zur Bek\u00e4mpfung von Geldw\u00e4sche","description":"Erfahren Sie, wie SpinBetter Geldw\u00e4sche verhindert, Identit\u00e4ten pr\u00fcft und finanzielle Aktivit\u00e4ten \u00fcberwacht, um h\u00f6chste Sicherheitsstandards einzuhalten.","robots":{"index":"index","follow":"follow","max-snippet":"max-snippet:-1","max-image-preview":"max-image-preview:large","max-video-preview":"max-video-preview:-1"},"og_locale":"de_DE","og_type":"article","og_title":"SpinBetter Richtlinie zur Bek\u00e4mpfung von Geldw\u00e4sche","og_description":"Erfahren Sie, wie SpinBetter Geldw\u00e4sche verhindert, Identit\u00e4ten pr\u00fcft und finanzielle Aktivit\u00e4ten \u00fcberwacht, um h\u00f6chste Sicherheitsstandards einzuhalten.","og_url":"https:\/\/spinbetter.cash\/de\/anti-money-laundering\/","og_site_name":"Spinbetter Football DE","article_modified_time":"2025-12-10T14:22:52+00:00","twitter_card":"summary_large_image","schema":{"@context":"https:\/\/schema.org","@graph":[{"@type":"WebPage","@id":"https:\/\/spinbetter.cash\/de\/anti-money-laundering\/","url":"https:\/\/spinbetter.cash\/de\/anti-money-laundering\/","name":"SpinBetter Richtlinie zur Bek\u00e4mpfung von Geldw\u00e4sche","isPartOf":{"@id":"https:\/\/spinbetter.cash\/de\/#website"},"datePublished":"2025-12-09T13:30:20+00:00","dateModified":"2025-12-10T14:22:52+00:00","description":"Erfahren Sie, wie SpinBetter Geldw\u00e4sche verhindert, Identit\u00e4ten pr\u00fcft und finanzielle Aktivit\u00e4ten \u00fcberwacht, um h\u00f6chste Sicherheitsstandards einzuhalten.","breadcrumb":{"@id":"https:\/\/spinbetter.cash\/de\/anti-money-laundering\/#breadcrumb"},"inLanguage":"de","potentialAction":[{"@type":"ReadAction","target":["https:\/\/spinbetter.cash\/de\/anti-money-laundering\/"]}]},{"@type":"BreadcrumbList","@id":"https:\/\/spinbetter.cash\/de\/anti-money-laundering\/#breadcrumb","itemListElement":[{"@type":"ListItem","position":1,"name":"Home","item":"https:\/\/spinbetter.cash\/de\/"},{"@type":"ListItem","position":2,"name":"Anti-Geldw\u00e4sche"}]},{"@type":"WebSite","@id":"https:\/\/spinbetter.cash\/de\/#website","url":"https:\/\/spinbetter.cash\/de\/","name":"Spinbetter Football DE","description":"","potentialAction":[{"@type":"SearchAction","target":{"@type":"EntryPoint","urlTemplate":"https:\/\/spinbetter.cash\/de\/?s={search_term_string}"},"query-input":{"@type":"PropertyValueSpecification","valueRequired":true,"valueName":"search_term_string"}}],"inLanguage":"de"}]}},"_links":{"self":[{"href":"https:\/\/spinbetter.cash\/de\/wp-json\/wp\/v2\/pages\/714","targetHints":{"allow":["GET"]}}],"collection":[{"href":"https:\/\/spinbetter.cash\/de\/wp-json\/wp\/v2\/pages"}],"about":[{"href":"https:\/\/spinbetter.cash\/de\/wp-json\/wp\/v2\/types\/page"}],"author":[{"embeddable":true,"href":"https:\/\/spinbetter.cash\/de\/wp-json\/wp\/v2\/users\/1"}],"replies":[{"embeddable":true,"href":"https:\/\/spinbetter.cash\/de\/wp-json\/wp\/v2\/comments?post=714"}],"version-history":[{"count":2,"href":"https:\/\/spinbetter.cash\/de\/wp-json\/wp\/v2\/pages\/714\/revisions"}],"predecessor-version":[{"id":721,"href":"https:\/\/spinbetter.cash\/de\/wp-json\/wp\/v2\/pages\/714\/revisions\/721"}],"wp:attachment":[{"href":"https:\/\/spinbetter.cash\/de\/wp-json\/wp\/v2\/media?parent=714"}],"curies":[{"name":"wp","href":"https:\/\/api.w.org\/{rel}","templated":true}]}}