{"id":599,"date":"2025-05-29T09:40:19","date_gmt":"2025-05-29T09:40:19","guid":{"rendered":"https:\/\/spinbetter.cash\/de\/?page_id=599"},"modified":"2025-06-11T08:20:27","modified_gmt":"2025-06-11T08:20:27","slug":"bonuses-for-five-deposits","status":"publish","type":"page","link":"https:\/\/spinbetter.cash\/de\/bonus\/bonuses-for-five-deposits\/","title":{"rendered":"Boni auf 5 Einzahlungen"},"content":{"rendered":"","protected":false},"excerpt":{"rendered":"","protected":false},"author":1,"featured_media":0,"parent":152,"menu_order":0,"comment_status":"closed","ping_status":"closed","template":"","meta":{"_acf_changed":false,"footnotes":""},"class_list":["post-599","page","type-page","status-publish","hentry"],"acf":[],"yoast_head":"<!-- This site is optimized with the Yoast SEO plugin v27.3 - https:\/\/yoast.com\/product\/yoast-seo-wordpress\/ -->\n<title>SpinBetter-Aktion &gt; Boni auf 5 Einzahlungen f\u00fcr Sportwetten<\/title>\n<meta name=\"description\" content=\"Beginnen Sie Ihre Reise mit SpinBetter und erhalten Sie Boni auf Ihre ersten f\u00fcnf Einzahlungen f\u00fcr Sportwetten \u2013 bis zu 100 EUR!\" \/>\n<meta name=\"robots\" content=\"index, follow, max-snippet:-1, max-image-preview:large, max-video-preview:-1\" \/>\n<meta property=\"og:locale\" content=\"de_DE\" \/>\n<meta property=\"og:type\" content=\"article\" \/>\n<meta property=\"og:title\" content=\"SpinBetter-Aktion &gt; Boni auf 5 Einzahlungen f\u00fcr Sportwetten\" \/>\n<meta property=\"og:description\" content=\"Beginnen Sie Ihre Reise mit SpinBetter und erhalten Sie Boni auf Ihre ersten f\u00fcnf Einzahlungen f\u00fcr Sportwetten \u2013 bis zu 100 EUR!\" \/>\n<meta property=\"og:url\" content=\"https:\/\/spinbetter.cash\/de\/bonus\/bonuses-for-five-deposits\/\" \/>\n<meta property=\"og:site_name\" content=\"Spinbetter Football DE\" \/>\n<meta property=\"article:modified_time\" content=\"2025-06-11T08:20:27+00:00\" \/>\n<meta name=\"twitter:card\" content=\"summary_large_image\" \/>\n<script type=\"application\/ld+json\" class=\"yoast-schema-graph\">{\"@context\":\"https:\\\/\\\/schema.org\",\"@graph\":[{\"@type\":\"WebPage\",\"@id\":\"https:\\\/\\\/spinbetter.cash\\\/de\\\/bonus\\\/bonuses-for-five-deposits\\\/\",\"url\":\"https:\\\/\\\/spinbetter.cash\\\/de\\\/bonus\\\/bonuses-for-five-deposits\\\/\",\"name\":\"SpinBetter-Aktion > Boni auf 5 Einzahlungen f\u00fcr Sportwetten\",\"isPartOf\":{\"@id\":\"https:\\\/\\\/spinbetter.cash\\\/de\\\/#website\"},\"datePublished\":\"2025-05-29T09:40:19+00:00\",\"dateModified\":\"2025-06-11T08:20:27+00:00\",\"description\":\"Beginnen Sie Ihre Reise mit SpinBetter und erhalten Sie Boni auf Ihre ersten f\u00fcnf Einzahlungen f\u00fcr Sportwetten \u2013 bis zu 100 EUR!\",\"breadcrumb\":{\"@id\":\"https:\\\/\\\/spinbetter.cash\\\/de\\\/bonus\\\/bonuses-for-five-deposits\\\/#breadcrumb\"},\"inLanguage\":\"de\",\"potentialAction\":[{\"@type\":\"ReadAction\",\"target\":[\"https:\\\/\\\/spinbetter.cash\\\/de\\\/bonus\\\/bonuses-for-five-deposits\\\/\"]}]},{\"@type\":\"BreadcrumbList\",\"@id\":\"https:\\\/\\\/spinbetter.cash\\\/de\\\/bonus\\\/bonuses-for-five-deposits\\\/#breadcrumb\",\"itemListElement\":[{\"@type\":\"ListItem\",\"position\":1,\"name\":\"Home\",\"item\":\"https:\\\/\\\/spinbetter.cash\\\/de\\\/\"},{\"@type\":\"ListItem\",\"position\":2,\"name\":\"Bonus\",\"item\":\"https:\\\/\\\/spinbetter.cash\\\/de\\\/bonus\\\/\"},{\"@type\":\"ListItem\",\"position\":3,\"name\":\"Boni auf 5 Einzahlungen\"}]},{\"@type\":\"WebSite\",\"@id\":\"https:\\\/\\\/spinbetter.cash\\\/de\\\/#website\",\"url\":\"https:\\\/\\\/spinbetter.cash\\\/de\\\/\",\"name\":\"Spinbetter Football DE\",\"description\":\"\",\"potentialAction\":[{\"@type\":\"SearchAction\",\"target\":{\"@type\":\"EntryPoint\",\"urlTemplate\":\"https:\\\/\\\/spinbetter.cash\\\/de\\\/?s={search_term_string}\"},\"query-input\":{\"@type\":\"PropertyValueSpecification\",\"valueRequired\":true,\"valueName\":\"search_term_string\"}}],\"inLanguage\":\"de\"}]}<\/script>\n<!-- \/ Yoast SEO plugin. -->","yoast_head_json":{"title":"SpinBetter-Aktion > Boni auf 5 Einzahlungen f\u00fcr Sportwetten","description":"Beginnen Sie Ihre Reise mit SpinBetter und erhalten Sie Boni auf Ihre ersten f\u00fcnf Einzahlungen f\u00fcr Sportwetten \u2013 bis zu 100 EUR!","robots":{"index":"index","follow":"follow","max-snippet":"max-snippet:-1","max-image-preview":"max-image-preview:large","max-video-preview":"max-video-preview:-1"},"og_locale":"de_DE","og_type":"article","og_title":"SpinBetter-Aktion > Boni auf 5 Einzahlungen f\u00fcr Sportwetten","og_description":"Beginnen Sie Ihre Reise mit SpinBetter und erhalten Sie Boni auf Ihre ersten f\u00fcnf Einzahlungen f\u00fcr Sportwetten \u2013 bis zu 100 EUR!","og_url":"https:\/\/spinbetter.cash\/de\/bonus\/bonuses-for-five-deposits\/","og_site_name":"Spinbetter Football DE","article_modified_time":"2025-06-11T08:20:27+00:00","twitter_card":"summary_large_image","schema":{"@context":"https:\/\/schema.org","@graph":[{"@type":"WebPage","@id":"https:\/\/spinbetter.cash\/de\/bonus\/bonuses-for-five-deposits\/","url":"https:\/\/spinbetter.cash\/de\/bonus\/bonuses-for-five-deposits\/","name":"SpinBetter-Aktion > Boni auf 5 Einzahlungen f\u00fcr Sportwetten","isPartOf":{"@id":"https:\/\/spinbetter.cash\/de\/#website"},"datePublished":"2025-05-29T09:40:19+00:00","dateModified":"2025-06-11T08:20:27+00:00","description":"Beginnen Sie Ihre Reise mit SpinBetter und erhalten Sie Boni auf Ihre ersten f\u00fcnf Einzahlungen f\u00fcr Sportwetten \u2013 bis zu 100 EUR!","breadcrumb":{"@id":"https:\/\/spinbetter.cash\/de\/bonus\/bonuses-for-five-deposits\/#breadcrumb"},"inLanguage":"de","potentialAction":[{"@type":"ReadAction","target":["https:\/\/spinbetter.cash\/de\/bonus\/bonuses-for-five-deposits\/"]}]},{"@type":"BreadcrumbList","@id":"https:\/\/spinbetter.cash\/de\/bonus\/bonuses-for-five-deposits\/#breadcrumb","itemListElement":[{"@type":"ListItem","position":1,"name":"Home","item":"https:\/\/spinbetter.cash\/de\/"},{"@type":"ListItem","position":2,"name":"Bonus","item":"https:\/\/spinbetter.cash\/de\/bonus\/"},{"@type":"ListItem","position":3,"name":"Boni auf 5 Einzahlungen"}]},{"@type":"WebSite","@id":"https:\/\/spinbetter.cash\/de\/#website","url":"https:\/\/spinbetter.cash\/de\/","name":"Spinbetter Football DE","description":"","potentialAction":[{"@type":"SearchAction","target":{"@type":"EntryPoint","urlTemplate":"https:\/\/spinbetter.cash\/de\/?s={search_term_string}"},"query-input":{"@type":"PropertyValueSpecification","valueRequired":true,"valueName":"search_term_string"}}],"inLanguage":"de"}]}},"_links":{"self":[{"href":"https:\/\/spinbetter.cash\/de\/wp-json\/wp\/v2\/pages\/599","targetHints":{"allow":["GET"]}}],"collection":[{"href":"https:\/\/spinbetter.cash\/de\/wp-json\/wp\/v2\/pages"}],"about":[{"href":"https:\/\/spinbetter.cash\/de\/wp-json\/wp\/v2\/types\/page"}],"author":[{"embeddable":true,"href":"https:\/\/spinbetter.cash\/de\/wp-json\/wp\/v2\/users\/1"}],"replies":[{"embeddable":true,"href":"https:\/\/spinbetter.cash\/de\/wp-json\/wp\/v2\/comments?post=599"}],"version-history":[{"count":3,"href":"https:\/\/spinbetter.cash\/de\/wp-json\/wp\/v2\/pages\/599\/revisions"}],"predecessor-version":[{"id":610,"href":"https:\/\/spinbetter.cash\/de\/wp-json\/wp\/v2\/pages\/599\/revisions\/610"}],"up":[{"embeddable":true,"href":"https:\/\/spinbetter.cash\/de\/wp-json\/wp\/v2\/pages\/152"}],"wp:attachment":[{"href":"https:\/\/spinbetter.cash\/de\/wp-json\/wp\/v2\/media?parent=599"}],"curies":[{"name":"wp","href":"https:\/\/api.w.org\/{rel}","templated":true}]}}