{"id":320,"date":"2024-10-11T14:30:17","date_gmt":"2024-10-11T14:30:17","guid":{"rendered":"https:\/\/spinbetter.cash\/de\/?page_id=320"},"modified":"2025-12-05T09:09:24","modified_gmt":"2025-12-05T09:09:24","slug":"sportsbook","status":"publish","type":"page","link":"https:\/\/spinbetter.cash\/de\/sportsbook\/","title":{"rendered":"Sportwetten"},"content":{"rendered":"","protected":false},"excerpt":{"rendered":"","protected":false},"author":1,"featured_media":0,"parent":0,"menu_order":0,"comment_status":"closed","ping_status":"closed","template":"","meta":{"_acf_changed":false,"footnotes":""},"class_list":["post-320","page","type-page","status-publish","hentry"],"acf":[],"yoast_head":"<!-- This site is optimized with the Yoast SEO plugin v27.3 - https:\/\/yoast.com\/product\/yoast-seo-wordpress\/ -->\n<title>Spinbetter Sportwetten \u25b6\ufe0f Live Quoten &amp; Beste Wettm\u00e4rkte<\/title>\n<meta name=\"description\" content=\"Wette auf Fu\u00dfball, Tennis, eSports und viele weitere M\u00e4rkte mit starken Live-Quoten \ud83d\udd39 Profitiere von schnellen Auswertungen, Promo-Aktionen und flexiblen Einsatzm\u00f6glichkeiten.\" \/>\n<meta name=\"robots\" content=\"index, follow, max-snippet:-1, max-image-preview:large, max-video-preview:-1\" \/>\n<meta property=\"og:locale\" content=\"de_DE\" \/>\n<meta property=\"og:type\" content=\"article\" \/>\n<meta property=\"og:title\" content=\"Spinbetter Sportwetten \u25b6\ufe0f Live Quoten &amp; Beste Wettm\u00e4rkte\" \/>\n<meta property=\"og:description\" content=\"Wette auf Fu\u00dfball, Tennis, eSports und viele weitere M\u00e4rkte mit starken Live-Quoten \ud83d\udd39 Profitiere von schnellen Auswertungen, Promo-Aktionen und flexiblen Einsatzm\u00f6glichkeiten.\" \/>\n<meta property=\"og:url\" content=\"https:\/\/spinbetter.cash\/de\/sportsbook\/\" \/>\n<meta property=\"og:site_name\" content=\"Spinbetter Football DE\" \/>\n<meta property=\"article:modified_time\" content=\"2025-12-05T09:09:24+00:00\" \/>\n<meta name=\"twitter:card\" content=\"summary_large_image\" \/>\n<script type=\"application\/ld+json\" class=\"yoast-schema-graph\">{\"@context\":\"https:\\\/\\\/schema.org\",\"@graph\":[{\"@type\":\"WebPage\",\"@id\":\"https:\\\/\\\/spinbetter.cash\\\/de\\\/sportsbook\\\/\",\"url\":\"https:\\\/\\\/spinbetter.cash\\\/de\\\/sportsbook\\\/\",\"name\":\"Spinbetter Sportwetten \u25b6\ufe0f Live Quoten & Beste Wettm\u00e4rkte\",\"isPartOf\":{\"@id\":\"https:\\\/\\\/spinbetter.cash\\\/de\\\/#website\"},\"datePublished\":\"2024-10-11T14:30:17+00:00\",\"dateModified\":\"2025-12-05T09:09:24+00:00\",\"description\":\"Wette auf Fu\u00dfball, Tennis, eSports und viele weitere M\u00e4rkte mit starken Live-Quoten \ud83d\udd39 Profitiere von schnellen Auswertungen, Promo-Aktionen und flexiblen Einsatzm\u00f6glichkeiten.\",\"breadcrumb\":{\"@id\":\"https:\\\/\\\/spinbetter.cash\\\/de\\\/sportsbook\\\/#breadcrumb\"},\"inLanguage\":\"de\",\"potentialAction\":[{\"@type\":\"ReadAction\",\"target\":[\"https:\\\/\\\/spinbetter.cash\\\/de\\\/sportsbook\\\/\"]}]},{\"@type\":\"BreadcrumbList\",\"@id\":\"https:\\\/\\\/spinbetter.cash\\\/de\\\/sportsbook\\\/#breadcrumb\",\"itemListElement\":[{\"@type\":\"ListItem\",\"position\":1,\"name\":\"Home\",\"item\":\"https:\\\/\\\/spinbetter.cash\\\/de\\\/\"},{\"@type\":\"ListItem\",\"position\":2,\"name\":\"Sportwetten\"}]},{\"@type\":\"WebSite\",\"@id\":\"https:\\\/\\\/spinbetter.cash\\\/de\\\/#website\",\"url\":\"https:\\\/\\\/spinbetter.cash\\\/de\\\/\",\"name\":\"Spinbetter Football DE\",\"description\":\"\",\"potentialAction\":[{\"@type\":\"SearchAction\",\"target\":{\"@type\":\"EntryPoint\",\"urlTemplate\":\"https:\\\/\\\/spinbetter.cash\\\/de\\\/?s={search_term_string}\"},\"query-input\":{\"@type\":\"PropertyValueSpecification\",\"valueRequired\":true,\"valueName\":\"search_term_string\"}}],\"inLanguage\":\"de\"}]}<\/script>\n<!-- \/ Yoast SEO plugin. -->","yoast_head_json":{"title":"Spinbetter Sportwetten \u25b6\ufe0f Live Quoten & Beste Wettm\u00e4rkte","description":"Wette auf Fu\u00dfball, Tennis, eSports und viele weitere M\u00e4rkte mit starken Live-Quoten \ud83d\udd39 Profitiere von schnellen Auswertungen, Promo-Aktionen und flexiblen Einsatzm\u00f6glichkeiten.","robots":{"index":"index","follow":"follow","max-snippet":"max-snippet:-1","max-image-preview":"max-image-preview:large","max-video-preview":"max-video-preview:-1"},"og_locale":"de_DE","og_type":"article","og_title":"Spinbetter Sportwetten \u25b6\ufe0f Live Quoten & Beste Wettm\u00e4rkte","og_description":"Wette auf Fu\u00dfball, Tennis, eSports und viele weitere M\u00e4rkte mit starken Live-Quoten \ud83d\udd39 Profitiere von schnellen Auswertungen, Promo-Aktionen und flexiblen Einsatzm\u00f6glichkeiten.","og_url":"https:\/\/spinbetter.cash\/de\/sportsbook\/","og_site_name":"Spinbetter Football DE","article_modified_time":"2025-12-05T09:09:24+00:00","twitter_card":"summary_large_image","schema":{"@context":"https:\/\/schema.org","@graph":[{"@type":"WebPage","@id":"https:\/\/spinbetter.cash\/de\/sportsbook\/","url":"https:\/\/spinbetter.cash\/de\/sportsbook\/","name":"Spinbetter Sportwetten \u25b6\ufe0f Live Quoten & Beste Wettm\u00e4rkte","isPartOf":{"@id":"https:\/\/spinbetter.cash\/de\/#website"},"datePublished":"2024-10-11T14:30:17+00:00","dateModified":"2025-12-05T09:09:24+00:00","description":"Wette auf Fu\u00dfball, Tennis, eSports und viele weitere M\u00e4rkte mit starken Live-Quoten \ud83d\udd39 Profitiere von schnellen Auswertungen, Promo-Aktionen und flexiblen Einsatzm\u00f6glichkeiten.","breadcrumb":{"@id":"https:\/\/spinbetter.cash\/de\/sportsbook\/#breadcrumb"},"inLanguage":"de","potentialAction":[{"@type":"ReadAction","target":["https:\/\/spinbetter.cash\/de\/sportsbook\/"]}]},{"@type":"BreadcrumbList","@id":"https:\/\/spinbetter.cash\/de\/sportsbook\/#breadcrumb","itemListElement":[{"@type":"ListItem","position":1,"name":"Home","item":"https:\/\/spinbetter.cash\/de\/"},{"@type":"ListItem","position":2,"name":"Sportwetten"}]},{"@type":"WebSite","@id":"https:\/\/spinbetter.cash\/de\/#website","url":"https:\/\/spinbetter.cash\/de\/","name":"Spinbetter Football DE","description":"","potentialAction":[{"@type":"SearchAction","target":{"@type":"EntryPoint","urlTemplate":"https:\/\/spinbetter.cash\/de\/?s={search_term_string}"},"query-input":{"@type":"PropertyValueSpecification","valueRequired":true,"valueName":"search_term_string"}}],"inLanguage":"de"}]}},"_links":{"self":[{"href":"https:\/\/spinbetter.cash\/de\/wp-json\/wp\/v2\/pages\/320","targetHints":{"allow":["GET"]}}],"collection":[{"href":"https:\/\/spinbetter.cash\/de\/wp-json\/wp\/v2\/pages"}],"about":[{"href":"https:\/\/spinbetter.cash\/de\/wp-json\/wp\/v2\/types\/page"}],"author":[{"embeddable":true,"href":"https:\/\/spinbetter.cash\/de\/wp-json\/wp\/v2\/users\/1"}],"replies":[{"embeddable":true,"href":"https:\/\/spinbetter.cash\/de\/wp-json\/wp\/v2\/comments?post=320"}],"version-history":[{"count":15,"href":"https:\/\/spinbetter.cash\/de\/wp-json\/wp\/v2\/pages\/320\/revisions"}],"predecessor-version":[{"id":657,"href":"https:\/\/spinbetter.cash\/de\/wp-json\/wp\/v2\/pages\/320\/revisions\/657"}],"wp:attachment":[{"href":"https:\/\/spinbetter.cash\/de\/wp-json\/wp\/v2\/media?parent=320"}],"curies":[{"name":"wp","href":"https:\/\/api.w.org\/{rel}","templated":true}]}}