{"id":152,"date":"2023-05-18T17:39:43","date_gmt":"2023-05-18T17:39:43","guid":{"rendered":"https:\/\/spinbetter.cash\/de\/?page_id=152"},"modified":"2025-12-10T21:01:05","modified_gmt":"2025-12-10T21:01:05","slug":"bonus","status":"publish","type":"page","link":"https:\/\/spinbetter.cash\/de\/bonus\/","title":{"rendered":"Bonus"},"content":{"rendered":"<blockquote class=\"wp-embedded-content\" data-secret=\"Fc7gzvG1s7\"><p><a href=\"https:\/\/spinbetter.cash\/de\/sportsbook\/\">Sportwetten<\/a><\/p><\/blockquote>\n<p><iframe loading=\"lazy\" class=\"wp-embedded-content\" sandbox=\"allow-scripts\" security=\"restricted\" style=\"position: absolute; visibility: hidden;\" title=\"&#8220;Sportwetten&#8221; &#8212; Spinbetter Football DE\" src=\"https:\/\/spinbetter.cash\/de\/sportsbook\/embed\/#?secret=gbKsJIp1vQ#?secret=Fc7gzvG1s7\" data-secret=\"Fc7gzvG1s7\" width=\"600\" height=\"338\" frameborder=\"0\" marginwidth=\"0\" marginheight=\"0\" scrolling=\"no\"><\/iframe><\/p>\n","protected":false},"excerpt":{"rendered":"<p>Sportwetten<\/p>\n","protected":false},"author":1,"featured_media":0,"parent":0,"menu_order":0,"comment_status":"closed","ping_status":"closed","template":"","meta":{"_acf_changed":false,"footnotes":""},"class_list":["post-152","page","type-page","status-publish","hentry"],"acf":[],"yoast_head":"<!-- This site is optimized with the Yoast SEO plugin v27.3 - https:\/\/yoast.com\/product\/yoast-seo-wordpress\/ -->\n<title>Spinbetter Bonus \u2728 Hol dir bis zu \u20ac1500 Bonus<\/title>\n<meta name=\"description\" content=\"Nutze exklusive Bonusaktionen, sichere Free Spins und entdecke neue Angebote \u2b50 Profitiere von klaren Umsatzbedingungen und regelm\u00e4\u00dfigen Rewards f\u00fcr aktive Spieler.\" \/>\n<meta name=\"robots\" content=\"index, follow, max-snippet:-1, max-image-preview:large, max-video-preview:-1\" \/>\n<meta property=\"og:locale\" content=\"de_DE\" \/>\n<meta property=\"og:type\" content=\"article\" \/>\n<meta property=\"og:title\" content=\"Spinbetter Bonus \u2728 Hol dir bis zu \u20ac1500 Bonus\" \/>\n<meta property=\"og:description\" content=\"Nutze exklusive Bonusaktionen, sichere Free Spins und entdecke neue Angebote \u2b50 Profitiere von klaren Umsatzbedingungen und regelm\u00e4\u00dfigen Rewards f\u00fcr aktive Spieler.\" \/>\n<meta property=\"og:url\" content=\"https:\/\/spinbetter.cash\/de\/bonus\/\" \/>\n<meta property=\"og:site_name\" content=\"Spinbetter Football DE\" \/>\n<meta property=\"article:modified_time\" content=\"2025-12-10T21:01:05+00:00\" \/>\n<meta name=\"twitter:card\" content=\"summary_large_image\" \/>\n<meta name=\"twitter:label1\" content=\"Gesch\u00e4tzte Lesezeit\" \/>\n\t<meta name=\"twitter:data1\" content=\"1\u00a0Minute\" \/>\n<script type=\"application\/ld+json\" class=\"yoast-schema-graph\">{\"@context\":\"https:\\\/\\\/schema.org\",\"@graph\":[{\"@type\":\"WebPage\",\"@id\":\"https:\\\/\\\/spinbetter.cash\\\/de\\\/bonus\\\/\",\"url\":\"https:\\\/\\\/spinbetter.cash\\\/de\\\/bonus\\\/\",\"name\":\"Spinbetter Bonus \u2728 Hol dir bis zu \u20ac1500 Bonus\",\"isPartOf\":{\"@id\":\"https:\\\/\\\/spinbetter.cash\\\/de\\\/#website\"},\"datePublished\":\"2023-05-18T17:39:43+00:00\",\"dateModified\":\"2025-12-10T21:01:05+00:00\",\"description\":\"Nutze exklusive Bonusaktionen, sichere Free Spins und entdecke neue Angebote \u2b50 Profitiere von klaren Umsatzbedingungen und regelm\u00e4\u00dfigen Rewards f\u00fcr aktive Spieler.\",\"breadcrumb\":{\"@id\":\"https:\\\/\\\/spinbetter.cash\\\/de\\\/bonus\\\/#breadcrumb\"},\"inLanguage\":\"de\",\"potentialAction\":[{\"@type\":\"ReadAction\",\"target\":[\"https:\\\/\\\/spinbetter.cash\\\/de\\\/bonus\\\/\"]}]},{\"@type\":\"BreadcrumbList\",\"@id\":\"https:\\\/\\\/spinbetter.cash\\\/de\\\/bonus\\\/#breadcrumb\",\"itemListElement\":[{\"@type\":\"ListItem\",\"position\":1,\"name\":\"Home\",\"item\":\"https:\\\/\\\/spinbetter.cash\\\/de\\\/\"},{\"@type\":\"ListItem\",\"position\":2,\"name\":\"Bonus\"}]},{\"@type\":\"WebSite\",\"@id\":\"https:\\\/\\\/spinbetter.cash\\\/de\\\/#website\",\"url\":\"https:\\\/\\\/spinbetter.cash\\\/de\\\/\",\"name\":\"Spinbetter Football DE\",\"description\":\"\",\"potentialAction\":[{\"@type\":\"SearchAction\",\"target\":{\"@type\":\"EntryPoint\",\"urlTemplate\":\"https:\\\/\\\/spinbetter.cash\\\/de\\\/?s={search_term_string}\"},\"query-input\":{\"@type\":\"PropertyValueSpecification\",\"valueRequired\":true,\"valueName\":\"search_term_string\"}}],\"inLanguage\":\"de\"}]}<\/script>\n<!-- \/ Yoast SEO plugin. -->","yoast_head_json":{"title":"Spinbetter Bonus \u2728 Hol dir bis zu \u20ac1500 Bonus","description":"Nutze exklusive Bonusaktionen, sichere Free Spins und entdecke neue Angebote \u2b50 Profitiere von klaren Umsatzbedingungen und regelm\u00e4\u00dfigen Rewards f\u00fcr aktive Spieler.","robots":{"index":"index","follow":"follow","max-snippet":"max-snippet:-1","max-image-preview":"max-image-preview:large","max-video-preview":"max-video-preview:-1"},"og_locale":"de_DE","og_type":"article","og_title":"Spinbetter Bonus \u2728 Hol dir bis zu \u20ac1500 Bonus","og_description":"Nutze exklusive Bonusaktionen, sichere Free Spins und entdecke neue Angebote \u2b50 Profitiere von klaren Umsatzbedingungen und regelm\u00e4\u00dfigen Rewards f\u00fcr aktive Spieler.","og_url":"https:\/\/spinbetter.cash\/de\/bonus\/","og_site_name":"Spinbetter Football DE","article_modified_time":"2025-12-10T21:01:05+00:00","twitter_card":"summary_large_image","twitter_misc":{"Gesch\u00e4tzte Lesezeit":"1\u00a0Minute"},"schema":{"@context":"https:\/\/schema.org","@graph":[{"@type":"WebPage","@id":"https:\/\/spinbetter.cash\/de\/bonus\/","url":"https:\/\/spinbetter.cash\/de\/bonus\/","name":"Spinbetter Bonus \u2728 Hol dir bis zu \u20ac1500 Bonus","isPartOf":{"@id":"https:\/\/spinbetter.cash\/de\/#website"},"datePublished":"2023-05-18T17:39:43+00:00","dateModified":"2025-12-10T21:01:05+00:00","description":"Nutze exklusive Bonusaktionen, sichere Free Spins und entdecke neue Angebote \u2b50 Profitiere von klaren Umsatzbedingungen und regelm\u00e4\u00dfigen Rewards f\u00fcr aktive Spieler.","breadcrumb":{"@id":"https:\/\/spinbetter.cash\/de\/bonus\/#breadcrumb"},"inLanguage":"de","potentialAction":[{"@type":"ReadAction","target":["https:\/\/spinbetter.cash\/de\/bonus\/"]}]},{"@type":"BreadcrumbList","@id":"https:\/\/spinbetter.cash\/de\/bonus\/#breadcrumb","itemListElement":[{"@type":"ListItem","position":1,"name":"Home","item":"https:\/\/spinbetter.cash\/de\/"},{"@type":"ListItem","position":2,"name":"Bonus"}]},{"@type":"WebSite","@id":"https:\/\/spinbetter.cash\/de\/#website","url":"https:\/\/spinbetter.cash\/de\/","name":"Spinbetter Football DE","description":"","potentialAction":[{"@type":"SearchAction","target":{"@type":"EntryPoint","urlTemplate":"https:\/\/spinbetter.cash\/de\/?s={search_term_string}"},"query-input":{"@type":"PropertyValueSpecification","valueRequired":true,"valueName":"search_term_string"}}],"inLanguage":"de"}]}},"_links":{"self":[{"href":"https:\/\/spinbetter.cash\/de\/wp-json\/wp\/v2\/pages\/152","targetHints":{"allow":["GET"]}}],"collection":[{"href":"https:\/\/spinbetter.cash\/de\/wp-json\/wp\/v2\/pages"}],"about":[{"href":"https:\/\/spinbetter.cash\/de\/wp-json\/wp\/v2\/types\/page"}],"author":[{"embeddable":true,"href":"https:\/\/spinbetter.cash\/de\/wp-json\/wp\/v2\/users\/1"}],"replies":[{"embeddable":true,"href":"https:\/\/spinbetter.cash\/de\/wp-json\/wp\/v2\/comments?post=152"}],"version-history":[{"count":30,"href":"https:\/\/spinbetter.cash\/de\/wp-json\/wp\/v2\/pages\/152\/revisions"}],"predecessor-version":[{"id":728,"href":"https:\/\/spinbetter.cash\/de\/wp-json\/wp\/v2\/pages\/152\/revisions\/728"}],"wp:attachment":[{"href":"https:\/\/spinbetter.cash\/de\/wp-json\/wp\/v2\/media?parent=152"}],"curies":[{"name":"wp","href":"https:\/\/api.w.org\/{rel}","templated":true}]}}