{"id":615,"date":"2025-05-29T09:01:26","date_gmt":"2025-05-29T09:01:26","guid":{"rendered":"https:\/\/spinbetter.cash\/da\/?page_id=615"},"modified":"2025-06-03T15:18:57","modified_gmt":"2025-06-03T15:18:57","slug":"bonuses-for-five-deposits","status":"publish","type":"page","link":"https:\/\/spinbetter.cash\/da\/bonus\/bonuses-for-five-deposits\/","title":{"rendered":"Bonusser p\u00e5 5 indskud"},"content":{"rendered":"","protected":false},"excerpt":{"rendered":"","protected":false},"author":1,"featured_media":0,"parent":152,"menu_order":0,"comment_status":"closed","ping_status":"closed","template":"","meta":{"_acf_changed":false,"footnotes":""},"class_list":["post-615","page","type-page","status-publish","hentry"],"acf":[],"yoast_head":"<!-- This site is optimized with the Yoast SEO plugin v27.3 - https:\/\/yoast.com\/product\/yoast-seo-wordpress\/ -->\n<title>SpinBetter-kampagne &gt; Bonusser p\u00e5 5 indskud til sportsv\u00e6ddem\u00e5l<\/title>\n<meta name=\"description\" content=\"Start din rejse med SpinBetter og f\u00e5 bonusser p\u00e5 dine f\u00f8rste fem indskud til sportsv\u00e6ddem\u00e5l \u2013 op til 100 EUR! Tilmeld dig nu!\" \/>\n<meta name=\"robots\" content=\"index, follow, max-snippet:-1, max-image-preview:large, max-video-preview:-1\" \/>\n<meta property=\"og:locale\" content=\"da_DK\" \/>\n<meta property=\"og:type\" content=\"article\" \/>\n<meta property=\"og:title\" content=\"SpinBetter-kampagne &gt; Bonusser p\u00e5 5 indskud til sportsv\u00e6ddem\u00e5l\" \/>\n<meta property=\"og:description\" content=\"Start din rejse med SpinBetter og f\u00e5 bonusser p\u00e5 dine f\u00f8rste fem indskud til sportsv\u00e6ddem\u00e5l \u2013 op til 100 EUR! Tilmeld dig nu!\" \/>\n<meta property=\"og:url\" content=\"https:\/\/spinbetter.cash\/da\/bonus\/bonuses-for-five-deposits\/\" \/>\n<meta property=\"og:site_name\" content=\"Spinbetter Football DA\" \/>\n<meta property=\"article:modified_time\" content=\"2025-06-03T15:18:57+00:00\" \/>\n<meta name=\"twitter:card\" content=\"summary_large_image\" \/>\n<script type=\"application\/ld+json\" class=\"yoast-schema-graph\">{\"@context\":\"https:\\\/\\\/schema.org\",\"@graph\":[{\"@type\":\"WebPage\",\"@id\":\"https:\\\/\\\/spinbetter.cash\\\/da\\\/bonus\\\/bonuses-for-five-deposits\\\/\",\"url\":\"https:\\\/\\\/spinbetter.cash\\\/da\\\/bonus\\\/bonuses-for-five-deposits\\\/\",\"name\":\"SpinBetter-kampagne > Bonusser p\u00e5 5 indskud til sportsv\u00e6ddem\u00e5l\",\"isPartOf\":{\"@id\":\"https:\\\/\\\/spinbetter.cash\\\/da\\\/#website\"},\"datePublished\":\"2025-05-29T09:01:26+00:00\",\"dateModified\":\"2025-06-03T15:18:57+00:00\",\"description\":\"Start din rejse med SpinBetter og f\u00e5 bonusser p\u00e5 dine f\u00f8rste fem indskud til sportsv\u00e6ddem\u00e5l \u2013 op til 100 EUR! Tilmeld dig nu!\",\"breadcrumb\":{\"@id\":\"https:\\\/\\\/spinbetter.cash\\\/da\\\/bonus\\\/bonuses-for-five-deposits\\\/#breadcrumb\"},\"inLanguage\":\"da-DK\",\"potentialAction\":[{\"@type\":\"ReadAction\",\"target\":[\"https:\\\/\\\/spinbetter.cash\\\/da\\\/bonus\\\/bonuses-for-five-deposits\\\/\"]}]},{\"@type\":\"BreadcrumbList\",\"@id\":\"https:\\\/\\\/spinbetter.cash\\\/da\\\/bonus\\\/bonuses-for-five-deposits\\\/#breadcrumb\",\"itemListElement\":[{\"@type\":\"ListItem\",\"position\":1,\"name\":\"Home\",\"item\":\"https:\\\/\\\/spinbetter.cash\\\/da\\\/\"},{\"@type\":\"ListItem\",\"position\":2,\"name\":\"Bonus\",\"item\":\"https:\\\/\\\/spinbetter.cash\\\/da\\\/bonus\\\/\"},{\"@type\":\"ListItem\",\"position\":3,\"name\":\"Bonusser p\u00e5 5 indskud\"}]},{\"@type\":\"WebSite\",\"@id\":\"https:\\\/\\\/spinbetter.cash\\\/da\\\/#website\",\"url\":\"https:\\\/\\\/spinbetter.cash\\\/da\\\/\",\"name\":\"Spinbetter Football DA\",\"description\":\"My WordPress Blog\",\"potentialAction\":[{\"@type\":\"SearchAction\",\"target\":{\"@type\":\"EntryPoint\",\"urlTemplate\":\"https:\\\/\\\/spinbetter.cash\\\/da\\\/?s={search_term_string}\"},\"query-input\":{\"@type\":\"PropertyValueSpecification\",\"valueRequired\":true,\"valueName\":\"search_term_string\"}}],\"inLanguage\":\"da-DK\"}]}<\/script>\n<!-- \/ Yoast SEO plugin. -->","yoast_head_json":{"title":"SpinBetter-kampagne > Bonusser p\u00e5 5 indskud til sportsv\u00e6ddem\u00e5l","description":"Start din rejse med SpinBetter og f\u00e5 bonusser p\u00e5 dine f\u00f8rste fem indskud til sportsv\u00e6ddem\u00e5l \u2013 op til 100 EUR! Tilmeld dig nu!","robots":{"index":"index","follow":"follow","max-snippet":"max-snippet:-1","max-image-preview":"max-image-preview:large","max-video-preview":"max-video-preview:-1"},"og_locale":"da_DK","og_type":"article","og_title":"SpinBetter-kampagne > Bonusser p\u00e5 5 indskud til sportsv\u00e6ddem\u00e5l","og_description":"Start din rejse med SpinBetter og f\u00e5 bonusser p\u00e5 dine f\u00f8rste fem indskud til sportsv\u00e6ddem\u00e5l \u2013 op til 100 EUR! Tilmeld dig nu!","og_url":"https:\/\/spinbetter.cash\/da\/bonus\/bonuses-for-five-deposits\/","og_site_name":"Spinbetter Football DA","article_modified_time":"2025-06-03T15:18:57+00:00","twitter_card":"summary_large_image","schema":{"@context":"https:\/\/schema.org","@graph":[{"@type":"WebPage","@id":"https:\/\/spinbetter.cash\/da\/bonus\/bonuses-for-five-deposits\/","url":"https:\/\/spinbetter.cash\/da\/bonus\/bonuses-for-five-deposits\/","name":"SpinBetter-kampagne > Bonusser p\u00e5 5 indskud til sportsv\u00e6ddem\u00e5l","isPartOf":{"@id":"https:\/\/spinbetter.cash\/da\/#website"},"datePublished":"2025-05-29T09:01:26+00:00","dateModified":"2025-06-03T15:18:57+00:00","description":"Start din rejse med SpinBetter og f\u00e5 bonusser p\u00e5 dine f\u00f8rste fem indskud til sportsv\u00e6ddem\u00e5l \u2013 op til 100 EUR! Tilmeld dig nu!","breadcrumb":{"@id":"https:\/\/spinbetter.cash\/da\/bonus\/bonuses-for-five-deposits\/#breadcrumb"},"inLanguage":"da-DK","potentialAction":[{"@type":"ReadAction","target":["https:\/\/spinbetter.cash\/da\/bonus\/bonuses-for-five-deposits\/"]}]},{"@type":"BreadcrumbList","@id":"https:\/\/spinbetter.cash\/da\/bonus\/bonuses-for-five-deposits\/#breadcrumb","itemListElement":[{"@type":"ListItem","position":1,"name":"Home","item":"https:\/\/spinbetter.cash\/da\/"},{"@type":"ListItem","position":2,"name":"Bonus","item":"https:\/\/spinbetter.cash\/da\/bonus\/"},{"@type":"ListItem","position":3,"name":"Bonusser p\u00e5 5 indskud"}]},{"@type":"WebSite","@id":"https:\/\/spinbetter.cash\/da\/#website","url":"https:\/\/spinbetter.cash\/da\/","name":"Spinbetter Football DA","description":"My WordPress Blog","potentialAction":[{"@type":"SearchAction","target":{"@type":"EntryPoint","urlTemplate":"https:\/\/spinbetter.cash\/da\/?s={search_term_string}"},"query-input":{"@type":"PropertyValueSpecification","valueRequired":true,"valueName":"search_term_string"}}],"inLanguage":"da-DK"}]}},"_links":{"self":[{"href":"https:\/\/spinbetter.cash\/da\/wp-json\/wp\/v2\/pages\/615","targetHints":{"allow":["GET"]}}],"collection":[{"href":"https:\/\/spinbetter.cash\/da\/wp-json\/wp\/v2\/pages"}],"about":[{"href":"https:\/\/spinbetter.cash\/da\/wp-json\/wp\/v2\/types\/page"}],"author":[{"embeddable":true,"href":"https:\/\/spinbetter.cash\/da\/wp-json\/wp\/v2\/users\/1"}],"replies":[{"embeddable":true,"href":"https:\/\/spinbetter.cash\/da\/wp-json\/wp\/v2\/comments?post=615"}],"version-history":[{"count":3,"href":"https:\/\/spinbetter.cash\/da\/wp-json\/wp\/v2\/pages\/615\/revisions"}],"predecessor-version":[{"id":623,"href":"https:\/\/spinbetter.cash\/da\/wp-json\/wp\/v2\/pages\/615\/revisions\/623"}],"up":[{"embeddable":true,"href":"https:\/\/spinbetter.cash\/da\/wp-json\/wp\/v2\/pages\/152"}],"wp:attachment":[{"href":"https:\/\/spinbetter.cash\/da\/wp-json\/wp\/v2\/media?parent=615"}],"curies":[{"name":"wp","href":"https:\/\/api.w.org\/{rel}","templated":true}]}}