{"id":609,"date":"2025-05-21T12:03:02","date_gmt":"2025-05-21T12:03:02","guid":{"rendered":"https:\/\/spinbetter.cash\/da\/?page_id=609"},"modified":"2025-06-11T07:42:13","modified_gmt":"2025-06-11T07:42:13","slug":"100-free-spins","status":"publish","type":"page","link":"https:\/\/spinbetter.cash\/da\/bonus\/100-free-spins\/","title":{"rendered":"F\u00e5 100 FS &#8211; Med det samme!"},"content":{"rendered":"","protected":false},"excerpt":{"rendered":"","protected":false},"author":1,"featured_media":0,"parent":152,"menu_order":0,"comment_status":"closed","ping_status":"closed","template":"","meta":{"_acf_changed":false,"footnotes":""},"class_list":["post-609","page","type-page","status-publish","hentry"],"acf":[],"yoast_head":"<!-- This site is optimized with the Yoast SEO plugin v27.3 - https:\/\/yoast.com\/product\/yoast-seo-wordpress\/ -->\n<title>100 FS p\u00e5 SpinBetter for at abonnere p\u00e5 Telegram<\/title>\n<meta name=\"description\" content=\"F\u00e5 100 gratis spins uden krav om indbetaling blot ved at abonnere p\u00e5 vores Telegram-feed! F\u00e5 gratis spins og l\u00e5s op for eksklusive bonusser\" \/>\n<meta name=\"robots\" content=\"index, follow, max-snippet:-1, max-image-preview:large, max-video-preview:-1\" \/>\n<meta property=\"og:locale\" content=\"da_DK\" \/>\n<meta property=\"og:type\" content=\"article\" \/>\n<meta property=\"og:title\" content=\"100 FS p\u00e5 SpinBetter for at abonnere p\u00e5 Telegram\" \/>\n<meta property=\"og:description\" content=\"F\u00e5 100 gratis spins uden krav om indbetaling blot ved at abonnere p\u00e5 vores Telegram-feed! F\u00e5 gratis spins og l\u00e5s op for eksklusive bonusser\" \/>\n<meta property=\"og:url\" content=\"https:\/\/spinbetter.cash\/da\/bonus\/100-free-spins\/\" \/>\n<meta property=\"og:site_name\" content=\"Spinbetter Football DA\" \/>\n<meta property=\"article:modified_time\" content=\"2025-06-11T07:42:13+00:00\" \/>\n<meta name=\"twitter:card\" content=\"summary_large_image\" \/>\n<script type=\"application\/ld+json\" class=\"yoast-schema-graph\">{\"@context\":\"https:\\\/\\\/schema.org\",\"@graph\":[{\"@type\":\"WebPage\",\"@id\":\"https:\\\/\\\/spinbetter.cash\\\/da\\\/bonus\\\/100-free-spins\\\/\",\"url\":\"https:\\\/\\\/spinbetter.cash\\\/da\\\/bonus\\\/100-free-spins\\\/\",\"name\":\"100 FS p\u00e5 SpinBetter for at abonnere p\u00e5 Telegram\",\"isPartOf\":{\"@id\":\"https:\\\/\\\/spinbetter.cash\\\/da\\\/#website\"},\"datePublished\":\"2025-05-21T12:03:02+00:00\",\"dateModified\":\"2025-06-11T07:42:13+00:00\",\"description\":\"F\u00e5 100 gratis spins uden krav om indbetaling blot ved at abonnere p\u00e5 vores Telegram-feed! F\u00e5 gratis spins og l\u00e5s op for eksklusive bonusser\",\"breadcrumb\":{\"@id\":\"https:\\\/\\\/spinbetter.cash\\\/da\\\/bonus\\\/100-free-spins\\\/#breadcrumb\"},\"inLanguage\":\"da-DK\",\"potentialAction\":[{\"@type\":\"ReadAction\",\"target\":[\"https:\\\/\\\/spinbetter.cash\\\/da\\\/bonus\\\/100-free-spins\\\/\"]}]},{\"@type\":\"BreadcrumbList\",\"@id\":\"https:\\\/\\\/spinbetter.cash\\\/da\\\/bonus\\\/100-free-spins\\\/#breadcrumb\",\"itemListElement\":[{\"@type\":\"ListItem\",\"position\":1,\"name\":\"Home\",\"item\":\"https:\\\/\\\/spinbetter.cash\\\/da\\\/\"},{\"@type\":\"ListItem\",\"position\":2,\"name\":\"Bonus\",\"item\":\"https:\\\/\\\/spinbetter.cash\\\/da\\\/bonus\\\/\"},{\"@type\":\"ListItem\",\"position\":3,\"name\":\"F\u00e5 100 FS &#8211; Med det samme!\"}]},{\"@type\":\"WebSite\",\"@id\":\"https:\\\/\\\/spinbetter.cash\\\/da\\\/#website\",\"url\":\"https:\\\/\\\/spinbetter.cash\\\/da\\\/\",\"name\":\"Spinbetter Football DA\",\"description\":\"My WordPress Blog\",\"potentialAction\":[{\"@type\":\"SearchAction\",\"target\":{\"@type\":\"EntryPoint\",\"urlTemplate\":\"https:\\\/\\\/spinbetter.cash\\\/da\\\/?s={search_term_string}\"},\"query-input\":{\"@type\":\"PropertyValueSpecification\",\"valueRequired\":true,\"valueName\":\"search_term_string\"}}],\"inLanguage\":\"da-DK\"}]}<\/script>\n<!-- \/ Yoast SEO plugin. -->","yoast_head_json":{"title":"100 FS p\u00e5 SpinBetter for at abonnere p\u00e5 Telegram","description":"F\u00e5 100 gratis spins uden krav om indbetaling blot ved at abonnere p\u00e5 vores Telegram-feed! F\u00e5 gratis spins og l\u00e5s op for eksklusive bonusser","robots":{"index":"index","follow":"follow","max-snippet":"max-snippet:-1","max-image-preview":"max-image-preview:large","max-video-preview":"max-video-preview:-1"},"og_locale":"da_DK","og_type":"article","og_title":"100 FS p\u00e5 SpinBetter for at abonnere p\u00e5 Telegram","og_description":"F\u00e5 100 gratis spins uden krav om indbetaling blot ved at abonnere p\u00e5 vores Telegram-feed! F\u00e5 gratis spins og l\u00e5s op for eksklusive bonusser","og_url":"https:\/\/spinbetter.cash\/da\/bonus\/100-free-spins\/","og_site_name":"Spinbetter Football DA","article_modified_time":"2025-06-11T07:42:13+00:00","twitter_card":"summary_large_image","schema":{"@context":"https:\/\/schema.org","@graph":[{"@type":"WebPage","@id":"https:\/\/spinbetter.cash\/da\/bonus\/100-free-spins\/","url":"https:\/\/spinbetter.cash\/da\/bonus\/100-free-spins\/","name":"100 FS p\u00e5 SpinBetter for at abonnere p\u00e5 Telegram","isPartOf":{"@id":"https:\/\/spinbetter.cash\/da\/#website"},"datePublished":"2025-05-21T12:03:02+00:00","dateModified":"2025-06-11T07:42:13+00:00","description":"F\u00e5 100 gratis spins uden krav om indbetaling blot ved at abonnere p\u00e5 vores Telegram-feed! F\u00e5 gratis spins og l\u00e5s op for eksklusive bonusser","breadcrumb":{"@id":"https:\/\/spinbetter.cash\/da\/bonus\/100-free-spins\/#breadcrumb"},"inLanguage":"da-DK","potentialAction":[{"@type":"ReadAction","target":["https:\/\/spinbetter.cash\/da\/bonus\/100-free-spins\/"]}]},{"@type":"BreadcrumbList","@id":"https:\/\/spinbetter.cash\/da\/bonus\/100-free-spins\/#breadcrumb","itemListElement":[{"@type":"ListItem","position":1,"name":"Home","item":"https:\/\/spinbetter.cash\/da\/"},{"@type":"ListItem","position":2,"name":"Bonus","item":"https:\/\/spinbetter.cash\/da\/bonus\/"},{"@type":"ListItem","position":3,"name":"F\u00e5 100 FS &#8211; Med det samme!"}]},{"@type":"WebSite","@id":"https:\/\/spinbetter.cash\/da\/#website","url":"https:\/\/spinbetter.cash\/da\/","name":"Spinbetter Football DA","description":"My WordPress Blog","potentialAction":[{"@type":"SearchAction","target":{"@type":"EntryPoint","urlTemplate":"https:\/\/spinbetter.cash\/da\/?s={search_term_string}"},"query-input":{"@type":"PropertyValueSpecification","valueRequired":true,"valueName":"search_term_string"}}],"inLanguage":"da-DK"}]}},"_links":{"self":[{"href":"https:\/\/spinbetter.cash\/da\/wp-json\/wp\/v2\/pages\/609","targetHints":{"allow":["GET"]}}],"collection":[{"href":"https:\/\/spinbetter.cash\/da\/wp-json\/wp\/v2\/pages"}],"about":[{"href":"https:\/\/spinbetter.cash\/da\/wp-json\/wp\/v2\/types\/page"}],"author":[{"embeddable":true,"href":"https:\/\/spinbetter.cash\/da\/wp-json\/wp\/v2\/users\/1"}],"replies":[{"embeddable":true,"href":"https:\/\/spinbetter.cash\/da\/wp-json\/wp\/v2\/comments?post=609"}],"version-history":[{"count":3,"href":"https:\/\/spinbetter.cash\/da\/wp-json\/wp\/v2\/pages\/609\/revisions"}],"predecessor-version":[{"id":612,"href":"https:\/\/spinbetter.cash\/da\/wp-json\/wp\/v2\/pages\/609\/revisions\/612"}],"up":[{"embeddable":true,"href":"https:\/\/spinbetter.cash\/da\/wp-json\/wp\/v2\/pages\/152"}],"wp:attachment":[{"href":"https:\/\/spinbetter.cash\/da\/wp-json\/wp\/v2\/media?parent=609"}],"curies":[{"name":"wp","href":"https:\/\/api.w.org\/{rel}","templated":true}]}}