{"id":605,"date":"2025-05-21T11:59:59","date_gmt":"2025-05-21T11:59:59","guid":{"rendered":"https:\/\/spinbetter.cash\/da\/?page_id=605"},"modified":"2025-06-11T07:51:54","modified_gmt":"2025-06-11T07:51:54","slug":"bet-in-the-app","status":"publish","type":"page","link":"https:\/\/spinbetter.cash\/da\/bonus\/bet-in-the-app\/","title":{"rendered":"Spil i appen"},"content":{"rendered":"","protected":false},"excerpt":{"rendered":"","protected":false},"author":1,"featured_media":0,"parent":152,"menu_order":0,"comment_status":"closed","ping_status":"closed","template":"","meta":{"_acf_changed":false,"footnotes":""},"class_list":["post-605","page","type-page","status-publish","hentry"],"acf":[],"yoast_head":"<!-- This site is optimized with the Yoast SEO plugin v27.3 - https:\/\/yoast.com\/product\/yoast-seo-wordpress\/ -->\n<title>Spil i SpinBetter-appen &gt; F\u00e5 op til \u20ac10 gratis v\u00e6ddem\u00e5l!<\/title>\n<meta name=\"description\" content=\"Vil du have mere gevinst p\u00e5 hvert eneste v\u00e6ddem\u00e5l? Download SpinBetter-appen, og f\u00e5 et gratis v\u00e6ddem\u00e5l uden indskud p\u00e5 op til \u20ac10!\" \/>\n<meta name=\"robots\" content=\"index, follow, max-snippet:-1, max-image-preview:large, max-video-preview:-1\" \/>\n<meta property=\"og:locale\" content=\"da_DK\" \/>\n<meta property=\"og:type\" content=\"article\" \/>\n<meta property=\"og:title\" content=\"Spil i SpinBetter-appen &gt; F\u00e5 op til \u20ac10 gratis v\u00e6ddem\u00e5l!\" \/>\n<meta property=\"og:description\" content=\"Vil du have mere gevinst p\u00e5 hvert eneste v\u00e6ddem\u00e5l? Download SpinBetter-appen, og f\u00e5 et gratis v\u00e6ddem\u00e5l uden indskud p\u00e5 op til \u20ac10!\" \/>\n<meta property=\"og:url\" content=\"https:\/\/spinbetter.cash\/da\/bonus\/bet-in-the-app\/\" \/>\n<meta property=\"og:site_name\" content=\"Spinbetter Football DA\" \/>\n<meta property=\"article:modified_time\" content=\"2025-06-11T07:51:54+00:00\" \/>\n<meta name=\"twitter:card\" content=\"summary_large_image\" \/>\n<script type=\"application\/ld+json\" class=\"yoast-schema-graph\">{\"@context\":\"https:\\\/\\\/schema.org\",\"@graph\":[{\"@type\":\"WebPage\",\"@id\":\"https:\\\/\\\/spinbetter.cash\\\/da\\\/bonus\\\/bet-in-the-app\\\/\",\"url\":\"https:\\\/\\\/spinbetter.cash\\\/da\\\/bonus\\\/bet-in-the-app\\\/\",\"name\":\"Spil i SpinBetter-appen > F\u00e5 op til \u20ac10 gratis v\u00e6ddem\u00e5l!\",\"isPartOf\":{\"@id\":\"https:\\\/\\\/spinbetter.cash\\\/da\\\/#website\"},\"datePublished\":\"2025-05-21T11:59:59+00:00\",\"dateModified\":\"2025-06-11T07:51:54+00:00\",\"description\":\"Vil du have mere gevinst p\u00e5 hvert eneste v\u00e6ddem\u00e5l? Download SpinBetter-appen, og f\u00e5 et gratis v\u00e6ddem\u00e5l uden indskud p\u00e5 op til \u20ac10!\",\"breadcrumb\":{\"@id\":\"https:\\\/\\\/spinbetter.cash\\\/da\\\/bonus\\\/bet-in-the-app\\\/#breadcrumb\"},\"inLanguage\":\"da-DK\",\"potentialAction\":[{\"@type\":\"ReadAction\",\"target\":[\"https:\\\/\\\/spinbetter.cash\\\/da\\\/bonus\\\/bet-in-the-app\\\/\"]}]},{\"@type\":\"BreadcrumbList\",\"@id\":\"https:\\\/\\\/spinbetter.cash\\\/da\\\/bonus\\\/bet-in-the-app\\\/#breadcrumb\",\"itemListElement\":[{\"@type\":\"ListItem\",\"position\":1,\"name\":\"Home\",\"item\":\"https:\\\/\\\/spinbetter.cash\\\/da\\\/\"},{\"@type\":\"ListItem\",\"position\":2,\"name\":\"Bonus\",\"item\":\"https:\\\/\\\/spinbetter.cash\\\/da\\\/bonus\\\/\"},{\"@type\":\"ListItem\",\"position\":3,\"name\":\"Spil i appen\"}]},{\"@type\":\"WebSite\",\"@id\":\"https:\\\/\\\/spinbetter.cash\\\/da\\\/#website\",\"url\":\"https:\\\/\\\/spinbetter.cash\\\/da\\\/\",\"name\":\"Spinbetter Football DA\",\"description\":\"My WordPress Blog\",\"potentialAction\":[{\"@type\":\"SearchAction\",\"target\":{\"@type\":\"EntryPoint\",\"urlTemplate\":\"https:\\\/\\\/spinbetter.cash\\\/da\\\/?s={search_term_string}\"},\"query-input\":{\"@type\":\"PropertyValueSpecification\",\"valueRequired\":true,\"valueName\":\"search_term_string\"}}],\"inLanguage\":\"da-DK\"}]}<\/script>\n<!-- \/ Yoast SEO plugin. -->","yoast_head_json":{"title":"Spil i SpinBetter-appen > F\u00e5 op til \u20ac10 gratis v\u00e6ddem\u00e5l!","description":"Vil du have mere gevinst p\u00e5 hvert eneste v\u00e6ddem\u00e5l? Download SpinBetter-appen, og f\u00e5 et gratis v\u00e6ddem\u00e5l uden indskud p\u00e5 op til \u20ac10!","robots":{"index":"index","follow":"follow","max-snippet":"max-snippet:-1","max-image-preview":"max-image-preview:large","max-video-preview":"max-video-preview:-1"},"og_locale":"da_DK","og_type":"article","og_title":"Spil i SpinBetter-appen > F\u00e5 op til \u20ac10 gratis v\u00e6ddem\u00e5l!","og_description":"Vil du have mere gevinst p\u00e5 hvert eneste v\u00e6ddem\u00e5l? Download SpinBetter-appen, og f\u00e5 et gratis v\u00e6ddem\u00e5l uden indskud p\u00e5 op til \u20ac10!","og_url":"https:\/\/spinbetter.cash\/da\/bonus\/bet-in-the-app\/","og_site_name":"Spinbetter Football DA","article_modified_time":"2025-06-11T07:51:54+00:00","twitter_card":"summary_large_image","schema":{"@context":"https:\/\/schema.org","@graph":[{"@type":"WebPage","@id":"https:\/\/spinbetter.cash\/da\/bonus\/bet-in-the-app\/","url":"https:\/\/spinbetter.cash\/da\/bonus\/bet-in-the-app\/","name":"Spil i SpinBetter-appen > F\u00e5 op til \u20ac10 gratis v\u00e6ddem\u00e5l!","isPartOf":{"@id":"https:\/\/spinbetter.cash\/da\/#website"},"datePublished":"2025-05-21T11:59:59+00:00","dateModified":"2025-06-11T07:51:54+00:00","description":"Vil du have mere gevinst p\u00e5 hvert eneste v\u00e6ddem\u00e5l? Download SpinBetter-appen, og f\u00e5 et gratis v\u00e6ddem\u00e5l uden indskud p\u00e5 op til \u20ac10!","breadcrumb":{"@id":"https:\/\/spinbetter.cash\/da\/bonus\/bet-in-the-app\/#breadcrumb"},"inLanguage":"da-DK","potentialAction":[{"@type":"ReadAction","target":["https:\/\/spinbetter.cash\/da\/bonus\/bet-in-the-app\/"]}]},{"@type":"BreadcrumbList","@id":"https:\/\/spinbetter.cash\/da\/bonus\/bet-in-the-app\/#breadcrumb","itemListElement":[{"@type":"ListItem","position":1,"name":"Home","item":"https:\/\/spinbetter.cash\/da\/"},{"@type":"ListItem","position":2,"name":"Bonus","item":"https:\/\/spinbetter.cash\/da\/bonus\/"},{"@type":"ListItem","position":3,"name":"Spil i appen"}]},{"@type":"WebSite","@id":"https:\/\/spinbetter.cash\/da\/#website","url":"https:\/\/spinbetter.cash\/da\/","name":"Spinbetter Football DA","description":"My WordPress Blog","potentialAction":[{"@type":"SearchAction","target":{"@type":"EntryPoint","urlTemplate":"https:\/\/spinbetter.cash\/da\/?s={search_term_string}"},"query-input":{"@type":"PropertyValueSpecification","valueRequired":true,"valueName":"search_term_string"}}],"inLanguage":"da-DK"}]}},"_links":{"self":[{"href":"https:\/\/spinbetter.cash\/da\/wp-json\/wp\/v2\/pages\/605","targetHints":{"allow":["GET"]}}],"collection":[{"href":"https:\/\/spinbetter.cash\/da\/wp-json\/wp\/v2\/pages"}],"about":[{"href":"https:\/\/spinbetter.cash\/da\/wp-json\/wp\/v2\/types\/page"}],"author":[{"embeddable":true,"href":"https:\/\/spinbetter.cash\/da\/wp-json\/wp\/v2\/users\/1"}],"replies":[{"embeddable":true,"href":"https:\/\/spinbetter.cash\/da\/wp-json\/wp\/v2\/comments?post=605"}],"version-history":[{"count":3,"href":"https:\/\/spinbetter.cash\/da\/wp-json\/wp\/v2\/pages\/605\/revisions"}],"predecessor-version":[{"id":608,"href":"https:\/\/spinbetter.cash\/da\/wp-json\/wp\/v2\/pages\/605\/revisions\/608"}],"up":[{"embeddable":true,"href":"https:\/\/spinbetter.cash\/da\/wp-json\/wp\/v2\/pages\/152"}],"wp:attachment":[{"href":"https:\/\/spinbetter.cash\/da\/wp-json\/wp\/v2\/media?parent=605"}],"curies":[{"name":"wp","href":"https:\/\/api.w.org\/{rel}","templated":true}]}}