{"id":449,"date":"2024-10-11T14:31:53","date_gmt":"2024-10-11T14:31:53","guid":{"rendered":"https:\/\/spinbetter.cash\/da\/?page_id=449"},"modified":"2025-11-20T12:13:51","modified_gmt":"2025-11-20T12:13:51","slug":"mirror","status":"publish","type":"page","link":"https:\/\/spinbetter.cash\/da\/mirror\/","title":{"rendered":"Spejl"},"content":{"rendered":"","protected":false},"excerpt":{"rendered":"","protected":false},"author":1,"featured_media":0,"parent":0,"menu_order":0,"comment_status":"closed","ping_status":"closed","template":"","meta":{"_acf_changed":false,"footnotes":""},"class_list":["post-449","page","type-page","status-publish","hentry"],"acf":[],"yoast_head":"<!-- This site is optimized with the Yoast SEO plugin v27.3 - https:\/\/yoast.com\/product\/yoast-seo-wordpress\/ -->\n<title>SpinBetter Mirror | hurtig adgang til siden uden blokering!<\/title>\n<meta name=\"description\" content=\"Brug SpinBetter-spejlet til at omg\u00e5 blokeringer. \u00c5bn siden, spil p\u00e5 sport og spil casino uden begr\u00e6nsninger!\" \/>\n<meta name=\"robots\" content=\"index, follow, max-snippet:-1, max-image-preview:large, max-video-preview:-1\" \/>\n<meta property=\"og:locale\" content=\"da_DK\" \/>\n<meta property=\"og:type\" content=\"article\" \/>\n<meta property=\"og:title\" content=\"SpinBetter Mirror | hurtig adgang til siden uden blokering!\" \/>\n<meta property=\"og:description\" content=\"Brug SpinBetter-spejlet til at omg\u00e5 blokeringer. \u00c5bn siden, spil p\u00e5 sport og spil casino uden begr\u00e6nsninger!\" \/>\n<meta property=\"og:url\" content=\"https:\/\/spinbetter.cash\/da\/mirror\/\" \/>\n<meta property=\"og:site_name\" content=\"Spinbetter Football DA\" \/>\n<meta property=\"article:modified_time\" content=\"2025-11-20T12:13:51+00:00\" \/>\n<meta name=\"twitter:card\" content=\"summary_large_image\" \/>\n<script type=\"application\/ld+json\" class=\"yoast-schema-graph\">{\"@context\":\"https:\\\/\\\/schema.org\",\"@graph\":[{\"@type\":\"WebPage\",\"@id\":\"https:\\\/\\\/spinbetter.cash\\\/da\\\/mirror\\\/\",\"url\":\"https:\\\/\\\/spinbetter.cash\\\/da\\\/mirror\\\/\",\"name\":\"SpinBetter Mirror | hurtig adgang til siden uden blokering!\",\"isPartOf\":{\"@id\":\"https:\\\/\\\/spinbetter.cash\\\/da\\\/#website\"},\"datePublished\":\"2024-10-11T14:31:53+00:00\",\"dateModified\":\"2025-11-20T12:13:51+00:00\",\"description\":\"Brug SpinBetter-spejlet til at omg\u00e5 blokeringer. \u00c5bn siden, spil p\u00e5 sport og spil casino uden begr\u00e6nsninger!\",\"breadcrumb\":{\"@id\":\"https:\\\/\\\/spinbetter.cash\\\/da\\\/mirror\\\/#breadcrumb\"},\"inLanguage\":\"da-DK\",\"potentialAction\":[{\"@type\":\"ReadAction\",\"target\":[\"https:\\\/\\\/spinbetter.cash\\\/da\\\/mirror\\\/\"]}]},{\"@type\":\"BreadcrumbList\",\"@id\":\"https:\\\/\\\/spinbetter.cash\\\/da\\\/mirror\\\/#breadcrumb\",\"itemListElement\":[{\"@type\":\"ListItem\",\"position\":1,\"name\":\"Home\",\"item\":\"https:\\\/\\\/spinbetter.cash\\\/da\\\/\"},{\"@type\":\"ListItem\",\"position\":2,\"name\":\"Spejl\"}]},{\"@type\":\"WebSite\",\"@id\":\"https:\\\/\\\/spinbetter.cash\\\/da\\\/#website\",\"url\":\"https:\\\/\\\/spinbetter.cash\\\/da\\\/\",\"name\":\"Spinbetter Football DA\",\"description\":\"My WordPress Blog\",\"potentialAction\":[{\"@type\":\"SearchAction\",\"target\":{\"@type\":\"EntryPoint\",\"urlTemplate\":\"https:\\\/\\\/spinbetter.cash\\\/da\\\/?s={search_term_string}\"},\"query-input\":{\"@type\":\"PropertyValueSpecification\",\"valueRequired\":true,\"valueName\":\"search_term_string\"}}],\"inLanguage\":\"da-DK\"}]}<\/script>\n<!-- \/ Yoast SEO plugin. -->","yoast_head_json":{"title":"SpinBetter Mirror | hurtig adgang til siden uden blokering!","description":"Brug SpinBetter-spejlet til at omg\u00e5 blokeringer. \u00c5bn siden, spil p\u00e5 sport og spil casino uden begr\u00e6nsninger!","robots":{"index":"index","follow":"follow","max-snippet":"max-snippet:-1","max-image-preview":"max-image-preview:large","max-video-preview":"max-video-preview:-1"},"og_locale":"da_DK","og_type":"article","og_title":"SpinBetter Mirror | hurtig adgang til siden uden blokering!","og_description":"Brug SpinBetter-spejlet til at omg\u00e5 blokeringer. \u00c5bn siden, spil p\u00e5 sport og spil casino uden begr\u00e6nsninger!","og_url":"https:\/\/spinbetter.cash\/da\/mirror\/","og_site_name":"Spinbetter Football DA","article_modified_time":"2025-11-20T12:13:51+00:00","twitter_card":"summary_large_image","schema":{"@context":"https:\/\/schema.org","@graph":[{"@type":"WebPage","@id":"https:\/\/spinbetter.cash\/da\/mirror\/","url":"https:\/\/spinbetter.cash\/da\/mirror\/","name":"SpinBetter Mirror | hurtig adgang til siden uden blokering!","isPartOf":{"@id":"https:\/\/spinbetter.cash\/da\/#website"},"datePublished":"2024-10-11T14:31:53+00:00","dateModified":"2025-11-20T12:13:51+00:00","description":"Brug SpinBetter-spejlet til at omg\u00e5 blokeringer. \u00c5bn siden, spil p\u00e5 sport og spil casino uden begr\u00e6nsninger!","breadcrumb":{"@id":"https:\/\/spinbetter.cash\/da\/mirror\/#breadcrumb"},"inLanguage":"da-DK","potentialAction":[{"@type":"ReadAction","target":["https:\/\/spinbetter.cash\/da\/mirror\/"]}]},{"@type":"BreadcrumbList","@id":"https:\/\/spinbetter.cash\/da\/mirror\/#breadcrumb","itemListElement":[{"@type":"ListItem","position":1,"name":"Home","item":"https:\/\/spinbetter.cash\/da\/"},{"@type":"ListItem","position":2,"name":"Spejl"}]},{"@type":"WebSite","@id":"https:\/\/spinbetter.cash\/da\/#website","url":"https:\/\/spinbetter.cash\/da\/","name":"Spinbetter Football DA","description":"My WordPress Blog","potentialAction":[{"@type":"SearchAction","target":{"@type":"EntryPoint","urlTemplate":"https:\/\/spinbetter.cash\/da\/?s={search_term_string}"},"query-input":{"@type":"PropertyValueSpecification","valueRequired":true,"valueName":"search_term_string"}}],"inLanguage":"da-DK"}]}},"_links":{"self":[{"href":"https:\/\/spinbetter.cash\/da\/wp-json\/wp\/v2\/pages\/449","targetHints":{"allow":["GET"]}}],"collection":[{"href":"https:\/\/spinbetter.cash\/da\/wp-json\/wp\/v2\/pages"}],"about":[{"href":"https:\/\/spinbetter.cash\/da\/wp-json\/wp\/v2\/types\/page"}],"author":[{"embeddable":true,"href":"https:\/\/spinbetter.cash\/da\/wp-json\/wp\/v2\/users\/1"}],"replies":[{"embeddable":true,"href":"https:\/\/spinbetter.cash\/da\/wp-json\/wp\/v2\/comments?post=449"}],"version-history":[{"count":24,"href":"https:\/\/spinbetter.cash\/da\/wp-json\/wp\/v2\/pages\/449\/revisions"}],"predecessor-version":[{"id":662,"href":"https:\/\/spinbetter.cash\/da\/wp-json\/wp\/v2\/pages\/449\/revisions\/662"}],"wp:attachment":[{"href":"https:\/\/spinbetter.cash\/da\/wp-json\/wp\/v2\/media?parent=449"}],"curies":[{"name":"wp","href":"https:\/\/api.w.org\/{rel}","templated":true}]}}