{"id":336,"date":"2024-10-11T14:31:35","date_gmt":"2024-10-11T14:31:35","guid":{"rendered":"https:\/\/spinbetter.cash\/da\/?page_id=336"},"modified":"2025-06-10T13:04:13","modified_gmt":"2025-06-10T13:04:13","slug":"login","status":"publish","type":"page","link":"https:\/\/spinbetter.cash\/da\/login\/","title":{"rendered":"Login"},"content":{"rendered":"","protected":false},"excerpt":{"rendered":"","protected":false},"author":1,"featured_media":0,"parent":0,"menu_order":0,"comment_status":"closed","ping_status":"closed","template":"","meta":{"_acf_changed":false,"footnotes":""},"class_list":["post-336","page","type-page","status-publish","hentry"],"acf":[],"yoast_head":"<!-- This site is optimized with the Yoast SEO plugin v27.3 - https:\/\/yoast.com\/product\/yoast-seo-wordpress\/ -->\n<title>SpinBetter Login | Hurtig adgang til v\u00e6ddem\u00e5l og gevinster!<\/title>\n<meta name=\"description\" content=\"Log ind p\u00e5 SpinBetter &gt; \u00d8jeblikkelig adgang til din konto, sportsbetting og gambling! Log ind og begynd at vinde lige nu!\" \/>\n<meta name=\"robots\" content=\"index, follow, max-snippet:-1, max-image-preview:large, max-video-preview:-1\" \/>\n<meta property=\"og:locale\" content=\"da_DK\" \/>\n<meta property=\"og:type\" content=\"article\" \/>\n<meta property=\"og:title\" content=\"SpinBetter Login | Hurtig adgang til v\u00e6ddem\u00e5l og gevinster!\" \/>\n<meta property=\"og:description\" content=\"Log ind p\u00e5 SpinBetter &gt; \u00d8jeblikkelig adgang til din konto, sportsbetting og gambling! Log ind og begynd at vinde lige nu!\" \/>\n<meta property=\"og:url\" content=\"https:\/\/spinbetter.cash\/da\/login\/\" \/>\n<meta property=\"og:site_name\" content=\"Spinbetter Football DA\" \/>\n<meta property=\"article:modified_time\" content=\"2025-06-10T13:04:13+00:00\" \/>\n<meta name=\"twitter:card\" content=\"summary_large_image\" \/>\n<script type=\"application\/ld+json\" class=\"yoast-schema-graph\">{\"@context\":\"https:\\\/\\\/schema.org\",\"@graph\":[{\"@type\":\"WebPage\",\"@id\":\"https:\\\/\\\/spinbetter.cash\\\/da\\\/login\\\/\",\"url\":\"https:\\\/\\\/spinbetter.cash\\\/da\\\/login\\\/\",\"name\":\"SpinBetter Login | Hurtig adgang til v\u00e6ddem\u00e5l og gevinster!\",\"isPartOf\":{\"@id\":\"https:\\\/\\\/spinbetter.cash\\\/da\\\/#website\"},\"datePublished\":\"2024-10-11T14:31:35+00:00\",\"dateModified\":\"2025-06-10T13:04:13+00:00\",\"description\":\"Log ind p\u00e5 SpinBetter > \u00d8jeblikkelig adgang til din konto, sportsbetting og gambling! Log ind og begynd at vinde lige nu!\",\"breadcrumb\":{\"@id\":\"https:\\\/\\\/spinbetter.cash\\\/da\\\/login\\\/#breadcrumb\"},\"inLanguage\":\"da-DK\",\"potentialAction\":[{\"@type\":\"ReadAction\",\"target\":[\"https:\\\/\\\/spinbetter.cash\\\/da\\\/login\\\/\"]}]},{\"@type\":\"BreadcrumbList\",\"@id\":\"https:\\\/\\\/spinbetter.cash\\\/da\\\/login\\\/#breadcrumb\",\"itemListElement\":[{\"@type\":\"ListItem\",\"position\":1,\"name\":\"Home\",\"item\":\"https:\\\/\\\/spinbetter.cash\\\/da\\\/\"},{\"@type\":\"ListItem\",\"position\":2,\"name\":\"Login\"}]},{\"@type\":\"WebSite\",\"@id\":\"https:\\\/\\\/spinbetter.cash\\\/da\\\/#website\",\"url\":\"https:\\\/\\\/spinbetter.cash\\\/da\\\/\",\"name\":\"Spinbetter Football DA\",\"description\":\"My WordPress Blog\",\"potentialAction\":[{\"@type\":\"SearchAction\",\"target\":{\"@type\":\"EntryPoint\",\"urlTemplate\":\"https:\\\/\\\/spinbetter.cash\\\/da\\\/?s={search_term_string}\"},\"query-input\":{\"@type\":\"PropertyValueSpecification\",\"valueRequired\":true,\"valueName\":\"search_term_string\"}}],\"inLanguage\":\"da-DK\"}]}<\/script>\n<!-- \/ Yoast SEO plugin. -->","yoast_head_json":{"title":"SpinBetter Login | Hurtig adgang til v\u00e6ddem\u00e5l og gevinster!","description":"Log ind p\u00e5 SpinBetter > \u00d8jeblikkelig adgang til din konto, sportsbetting og gambling! Log ind og begynd at vinde lige nu!","robots":{"index":"index","follow":"follow","max-snippet":"max-snippet:-1","max-image-preview":"max-image-preview:large","max-video-preview":"max-video-preview:-1"},"og_locale":"da_DK","og_type":"article","og_title":"SpinBetter Login | Hurtig adgang til v\u00e6ddem\u00e5l og gevinster!","og_description":"Log ind p\u00e5 SpinBetter > \u00d8jeblikkelig adgang til din konto, sportsbetting og gambling! Log ind og begynd at vinde lige nu!","og_url":"https:\/\/spinbetter.cash\/da\/login\/","og_site_name":"Spinbetter Football DA","article_modified_time":"2025-06-10T13:04:13+00:00","twitter_card":"summary_large_image","schema":{"@context":"https:\/\/schema.org","@graph":[{"@type":"WebPage","@id":"https:\/\/spinbetter.cash\/da\/login\/","url":"https:\/\/spinbetter.cash\/da\/login\/","name":"SpinBetter Login | Hurtig adgang til v\u00e6ddem\u00e5l og gevinster!","isPartOf":{"@id":"https:\/\/spinbetter.cash\/da\/#website"},"datePublished":"2024-10-11T14:31:35+00:00","dateModified":"2025-06-10T13:04:13+00:00","description":"Log ind p\u00e5 SpinBetter > \u00d8jeblikkelig adgang til din konto, sportsbetting og gambling! Log ind og begynd at vinde lige nu!","breadcrumb":{"@id":"https:\/\/spinbetter.cash\/da\/login\/#breadcrumb"},"inLanguage":"da-DK","potentialAction":[{"@type":"ReadAction","target":["https:\/\/spinbetter.cash\/da\/login\/"]}]},{"@type":"BreadcrumbList","@id":"https:\/\/spinbetter.cash\/da\/login\/#breadcrumb","itemListElement":[{"@type":"ListItem","position":1,"name":"Home","item":"https:\/\/spinbetter.cash\/da\/"},{"@type":"ListItem","position":2,"name":"Login"}]},{"@type":"WebSite","@id":"https:\/\/spinbetter.cash\/da\/#website","url":"https:\/\/spinbetter.cash\/da\/","name":"Spinbetter Football DA","description":"My WordPress Blog","potentialAction":[{"@type":"SearchAction","target":{"@type":"EntryPoint","urlTemplate":"https:\/\/spinbetter.cash\/da\/?s={search_term_string}"},"query-input":{"@type":"PropertyValueSpecification","valueRequired":true,"valueName":"search_term_string"}}],"inLanguage":"da-DK"}]}},"_links":{"self":[{"href":"https:\/\/spinbetter.cash\/da\/wp-json\/wp\/v2\/pages\/336","targetHints":{"allow":["GET"]}}],"collection":[{"href":"https:\/\/spinbetter.cash\/da\/wp-json\/wp\/v2\/pages"}],"about":[{"href":"https:\/\/spinbetter.cash\/da\/wp-json\/wp\/v2\/types\/page"}],"author":[{"embeddable":true,"href":"https:\/\/spinbetter.cash\/da\/wp-json\/wp\/v2\/users\/1"}],"replies":[{"embeddable":true,"href":"https:\/\/spinbetter.cash\/da\/wp-json\/wp\/v2\/comments?post=336"}],"version-history":[{"count":19,"href":"https:\/\/spinbetter.cash\/da\/wp-json\/wp\/v2\/pages\/336\/revisions"}],"predecessor-version":[{"id":558,"href":"https:\/\/spinbetter.cash\/da\/wp-json\/wp\/v2\/pages\/336\/revisions\/558"}],"wp:attachment":[{"href":"https:\/\/spinbetter.cash\/da\/wp-json\/wp\/v2\/media?parent=336"}],"curies":[{"name":"wp","href":"https:\/\/api.w.org\/{rel}","templated":true}]}}