{"id":320,"date":"2024-10-11T14:30:17","date_gmt":"2024-10-11T14:30:17","guid":{"rendered":"https:\/\/spinbetter.cash\/da\/?page_id=320"},"modified":"2025-11-20T08:48:27","modified_gmt":"2025-11-20T08:48:27","slug":"sportsbook","status":"publish","type":"page","link":"https:\/\/spinbetter.cash\/da\/sportsbook\/","title":{"rendered":"Sportsbook"},"content":{"rendered":"","protected":false},"excerpt":{"rendered":"","protected":false},"author":1,"featured_media":0,"parent":0,"menu_order":0,"comment_status":"closed","ping_status":"closed","template":"","meta":{"_acf_changed":false,"footnotes":""},"class_list":["post-320","page","type-page","status-publish","hentry"],"acf":[],"yoast_head":"<!-- This site is optimized with the Yoast SEO plugin v27.3 - https:\/\/yoast.com\/product\/yoast-seo-wordpress\/ -->\n<title>SpinBetter | sportsv\u00e6ddem\u00e5l med h\u00f8je odds<\/title>\n<meta name=\"description\" content=\"Spil p\u00e5 sport med SpinBetter. H\u00f8je odds, hurtige udbetalinger og gener\u00f8se bonusser til nye spillere! Placer dit v\u00e6ddem\u00e5l lige nu!\" \/>\n<meta name=\"robots\" content=\"index, follow, max-snippet:-1, max-image-preview:large, max-video-preview:-1\" \/>\n<meta property=\"og:locale\" content=\"da_DK\" \/>\n<meta property=\"og:type\" content=\"article\" \/>\n<meta property=\"og:title\" content=\"SpinBetter | sportsv\u00e6ddem\u00e5l med h\u00f8je odds\" \/>\n<meta property=\"og:description\" content=\"Spil p\u00e5 sport med SpinBetter. H\u00f8je odds, hurtige udbetalinger og gener\u00f8se bonusser til nye spillere! Placer dit v\u00e6ddem\u00e5l lige nu!\" \/>\n<meta property=\"og:url\" content=\"https:\/\/spinbetter.cash\/da\/sportsbook\/\" \/>\n<meta property=\"og:site_name\" content=\"Spinbetter Football DA\" \/>\n<meta property=\"article:modified_time\" content=\"2025-11-20T08:48:27+00:00\" \/>\n<meta name=\"twitter:card\" content=\"summary_large_image\" \/>\n<script type=\"application\/ld+json\" class=\"yoast-schema-graph\">{\"@context\":\"https:\\\/\\\/schema.org\",\"@graph\":[{\"@type\":\"WebPage\",\"@id\":\"https:\\\/\\\/spinbetter.cash\\\/da\\\/sportsbook\\\/\",\"url\":\"https:\\\/\\\/spinbetter.cash\\\/da\\\/sportsbook\\\/\",\"name\":\"SpinBetter | sportsv\u00e6ddem\u00e5l med h\u00f8je odds\",\"isPartOf\":{\"@id\":\"https:\\\/\\\/spinbetter.cash\\\/da\\\/#website\"},\"datePublished\":\"2024-10-11T14:30:17+00:00\",\"dateModified\":\"2025-11-20T08:48:27+00:00\",\"description\":\"Spil p\u00e5 sport med SpinBetter. H\u00f8je odds, hurtige udbetalinger og gener\u00f8se bonusser til nye spillere! Placer dit v\u00e6ddem\u00e5l lige nu!\",\"breadcrumb\":{\"@id\":\"https:\\\/\\\/spinbetter.cash\\\/da\\\/sportsbook\\\/#breadcrumb\"},\"inLanguage\":\"da-DK\",\"potentialAction\":[{\"@type\":\"ReadAction\",\"target\":[\"https:\\\/\\\/spinbetter.cash\\\/da\\\/sportsbook\\\/\"]}]},{\"@type\":\"BreadcrumbList\",\"@id\":\"https:\\\/\\\/spinbetter.cash\\\/da\\\/sportsbook\\\/#breadcrumb\",\"itemListElement\":[{\"@type\":\"ListItem\",\"position\":1,\"name\":\"Home\",\"item\":\"https:\\\/\\\/spinbetter.cash\\\/da\\\/\"},{\"@type\":\"ListItem\",\"position\":2,\"name\":\"Sportsbook\"}]},{\"@type\":\"WebSite\",\"@id\":\"https:\\\/\\\/spinbetter.cash\\\/da\\\/#website\",\"url\":\"https:\\\/\\\/spinbetter.cash\\\/da\\\/\",\"name\":\"Spinbetter Football DA\",\"description\":\"My WordPress Blog\",\"potentialAction\":[{\"@type\":\"SearchAction\",\"target\":{\"@type\":\"EntryPoint\",\"urlTemplate\":\"https:\\\/\\\/spinbetter.cash\\\/da\\\/?s={search_term_string}\"},\"query-input\":{\"@type\":\"PropertyValueSpecification\",\"valueRequired\":true,\"valueName\":\"search_term_string\"}}],\"inLanguage\":\"da-DK\"}]}<\/script>\n<!-- \/ Yoast SEO plugin. -->","yoast_head_json":{"title":"SpinBetter | sportsv\u00e6ddem\u00e5l med h\u00f8je odds","description":"Spil p\u00e5 sport med SpinBetter. H\u00f8je odds, hurtige udbetalinger og gener\u00f8se bonusser til nye spillere! Placer dit v\u00e6ddem\u00e5l lige nu!","robots":{"index":"index","follow":"follow","max-snippet":"max-snippet:-1","max-image-preview":"max-image-preview:large","max-video-preview":"max-video-preview:-1"},"og_locale":"da_DK","og_type":"article","og_title":"SpinBetter | sportsv\u00e6ddem\u00e5l med h\u00f8je odds","og_description":"Spil p\u00e5 sport med SpinBetter. H\u00f8je odds, hurtige udbetalinger og gener\u00f8se bonusser til nye spillere! Placer dit v\u00e6ddem\u00e5l lige nu!","og_url":"https:\/\/spinbetter.cash\/da\/sportsbook\/","og_site_name":"Spinbetter Football DA","article_modified_time":"2025-11-20T08:48:27+00:00","twitter_card":"summary_large_image","schema":{"@context":"https:\/\/schema.org","@graph":[{"@type":"WebPage","@id":"https:\/\/spinbetter.cash\/da\/sportsbook\/","url":"https:\/\/spinbetter.cash\/da\/sportsbook\/","name":"SpinBetter | sportsv\u00e6ddem\u00e5l med h\u00f8je odds","isPartOf":{"@id":"https:\/\/spinbetter.cash\/da\/#website"},"datePublished":"2024-10-11T14:30:17+00:00","dateModified":"2025-11-20T08:48:27+00:00","description":"Spil p\u00e5 sport med SpinBetter. H\u00f8je odds, hurtige udbetalinger og gener\u00f8se bonusser til nye spillere! Placer dit v\u00e6ddem\u00e5l lige nu!","breadcrumb":{"@id":"https:\/\/spinbetter.cash\/da\/sportsbook\/#breadcrumb"},"inLanguage":"da-DK","potentialAction":[{"@type":"ReadAction","target":["https:\/\/spinbetter.cash\/da\/sportsbook\/"]}]},{"@type":"BreadcrumbList","@id":"https:\/\/spinbetter.cash\/da\/sportsbook\/#breadcrumb","itemListElement":[{"@type":"ListItem","position":1,"name":"Home","item":"https:\/\/spinbetter.cash\/da\/"},{"@type":"ListItem","position":2,"name":"Sportsbook"}]},{"@type":"WebSite","@id":"https:\/\/spinbetter.cash\/da\/#website","url":"https:\/\/spinbetter.cash\/da\/","name":"Spinbetter Football DA","description":"My WordPress Blog","potentialAction":[{"@type":"SearchAction","target":{"@type":"EntryPoint","urlTemplate":"https:\/\/spinbetter.cash\/da\/?s={search_term_string}"},"query-input":{"@type":"PropertyValueSpecification","valueRequired":true,"valueName":"search_term_string"}}],"inLanguage":"da-DK"}]}},"_links":{"self":[{"href":"https:\/\/spinbetter.cash\/da\/wp-json\/wp\/v2\/pages\/320","targetHints":{"allow":["GET"]}}],"collection":[{"href":"https:\/\/spinbetter.cash\/da\/wp-json\/wp\/v2\/pages"}],"about":[{"href":"https:\/\/spinbetter.cash\/da\/wp-json\/wp\/v2\/types\/page"}],"author":[{"embeddable":true,"href":"https:\/\/spinbetter.cash\/da\/wp-json\/wp\/v2\/users\/1"}],"replies":[{"embeddable":true,"href":"https:\/\/spinbetter.cash\/da\/wp-json\/wp\/v2\/comments?post=320"}],"version-history":[{"count":13,"href":"https:\/\/spinbetter.cash\/da\/wp-json\/wp\/v2\/pages\/320\/revisions"}],"predecessor-version":[{"id":659,"href":"https:\/\/spinbetter.cash\/da\/wp-json\/wp\/v2\/pages\/320\/revisions\/659"}],"wp:attachment":[{"href":"https:\/\/spinbetter.cash\/da\/wp-json\/wp\/v2\/media?parent=320"}],"curies":[{"name":"wp","href":"https:\/\/api.w.org\/{rel}","templated":true}]}}