{"id":297,"date":"2024-10-11T14:29:57","date_gmt":"2024-10-11T14:29:57","guid":{"rendered":"https:\/\/spinbetter.cash\/da\/?page_id=297"},"modified":"2025-05-08T13:20:55","modified_gmt":"2025-05-08T13:20:55","slug":"casino","status":"publish","type":"page","link":"https:\/\/spinbetter.cash\/da\/casino\/","title":{"rendered":"Casino"},"content":{"rendered":"","protected":false},"excerpt":{"rendered":"","protected":false},"author":1,"featured_media":0,"parent":0,"menu_order":0,"comment_status":"closed","ping_status":"closed","template":"","meta":{"_acf_changed":false,"footnotes":""},"class_list":["post-297","page","type-page","status-publish","hentry"],"acf":[],"yoast_head":"<!-- This site is optimized with the Yoast SEO plugin v27.3 - https:\/\/yoast.com\/product\/yoast-seo-wordpress\/ -->\n<title>SpinBetter casino | registrering, bonusser og spilanmeldelse<\/title>\n<meta name=\"description\" content=\"Oplev sp\u00e6ndingen p\u00e5 SpinBetter Casino! Et stort udvalg af spil, utrolige bonusser og chancen for at vinde fra f\u00f8rste spin!\" \/>\n<meta name=\"robots\" content=\"index, follow, max-snippet:-1, max-image-preview:large, max-video-preview:-1\" \/>\n<meta property=\"og:locale\" content=\"da_DK\" \/>\n<meta property=\"og:type\" content=\"article\" \/>\n<meta property=\"og:title\" content=\"SpinBetter casino | registrering, bonusser og spilanmeldelse\" \/>\n<meta property=\"og:description\" content=\"Oplev sp\u00e6ndingen p\u00e5 SpinBetter Casino! Et stort udvalg af spil, utrolige bonusser og chancen for at vinde fra f\u00f8rste spin!\" \/>\n<meta property=\"og:url\" content=\"https:\/\/spinbetter.cash\/da\/casino\/\" \/>\n<meta property=\"og:site_name\" content=\"Spinbetter Football DA\" \/>\n<meta property=\"article:modified_time\" content=\"2025-05-08T13:20:55+00:00\" \/>\n<meta name=\"twitter:card\" content=\"summary_large_image\" \/>\n<script type=\"application\/ld+json\" class=\"yoast-schema-graph\">{\"@context\":\"https:\\\/\\\/schema.org\",\"@graph\":[{\"@type\":\"WebPage\",\"@id\":\"https:\\\/\\\/spinbetter.cash\\\/da\\\/casino\\\/\",\"url\":\"https:\\\/\\\/spinbetter.cash\\\/da\\\/casino\\\/\",\"name\":\"SpinBetter casino | registrering, bonusser og spilanmeldelse\",\"isPartOf\":{\"@id\":\"https:\\\/\\\/spinbetter.cash\\\/da\\\/#website\"},\"datePublished\":\"2024-10-11T14:29:57+00:00\",\"dateModified\":\"2025-05-08T13:20:55+00:00\",\"description\":\"Oplev sp\u00e6ndingen p\u00e5 SpinBetter Casino! Et stort udvalg af spil, utrolige bonusser og chancen for at vinde fra f\u00f8rste spin!\",\"breadcrumb\":{\"@id\":\"https:\\\/\\\/spinbetter.cash\\\/da\\\/casino\\\/#breadcrumb\"},\"inLanguage\":\"da-DK\",\"potentialAction\":[{\"@type\":\"ReadAction\",\"target\":[\"https:\\\/\\\/spinbetter.cash\\\/da\\\/casino\\\/\"]}]},{\"@type\":\"BreadcrumbList\",\"@id\":\"https:\\\/\\\/spinbetter.cash\\\/da\\\/casino\\\/#breadcrumb\",\"itemListElement\":[{\"@type\":\"ListItem\",\"position\":1,\"name\":\"Home\",\"item\":\"https:\\\/\\\/spinbetter.cash\\\/da\\\/\"},{\"@type\":\"ListItem\",\"position\":2,\"name\":\"Casino\"}]},{\"@type\":\"WebSite\",\"@id\":\"https:\\\/\\\/spinbetter.cash\\\/da\\\/#website\",\"url\":\"https:\\\/\\\/spinbetter.cash\\\/da\\\/\",\"name\":\"Spinbetter Football DA\",\"description\":\"My WordPress Blog\",\"potentialAction\":[{\"@type\":\"SearchAction\",\"target\":{\"@type\":\"EntryPoint\",\"urlTemplate\":\"https:\\\/\\\/spinbetter.cash\\\/da\\\/?s={search_term_string}\"},\"query-input\":{\"@type\":\"PropertyValueSpecification\",\"valueRequired\":true,\"valueName\":\"search_term_string\"}}],\"inLanguage\":\"da-DK\"}]}<\/script>\n<!-- \/ Yoast SEO plugin. -->","yoast_head_json":{"title":"SpinBetter casino | registrering, bonusser og spilanmeldelse","description":"Oplev sp\u00e6ndingen p\u00e5 SpinBetter Casino! Et stort udvalg af spil, utrolige bonusser og chancen for at vinde fra f\u00f8rste spin!","robots":{"index":"index","follow":"follow","max-snippet":"max-snippet:-1","max-image-preview":"max-image-preview:large","max-video-preview":"max-video-preview:-1"},"og_locale":"da_DK","og_type":"article","og_title":"SpinBetter casino | registrering, bonusser og spilanmeldelse","og_description":"Oplev sp\u00e6ndingen p\u00e5 SpinBetter Casino! Et stort udvalg af spil, utrolige bonusser og chancen for at vinde fra f\u00f8rste spin!","og_url":"https:\/\/spinbetter.cash\/da\/casino\/","og_site_name":"Spinbetter Football DA","article_modified_time":"2025-05-08T13:20:55+00:00","twitter_card":"summary_large_image","schema":{"@context":"https:\/\/schema.org","@graph":[{"@type":"WebPage","@id":"https:\/\/spinbetter.cash\/da\/casino\/","url":"https:\/\/spinbetter.cash\/da\/casino\/","name":"SpinBetter casino | registrering, bonusser og spilanmeldelse","isPartOf":{"@id":"https:\/\/spinbetter.cash\/da\/#website"},"datePublished":"2024-10-11T14:29:57+00:00","dateModified":"2025-05-08T13:20:55+00:00","description":"Oplev sp\u00e6ndingen p\u00e5 SpinBetter Casino! Et stort udvalg af spil, utrolige bonusser og chancen for at vinde fra f\u00f8rste spin!","breadcrumb":{"@id":"https:\/\/spinbetter.cash\/da\/casino\/#breadcrumb"},"inLanguage":"da-DK","potentialAction":[{"@type":"ReadAction","target":["https:\/\/spinbetter.cash\/da\/casino\/"]}]},{"@type":"BreadcrumbList","@id":"https:\/\/spinbetter.cash\/da\/casino\/#breadcrumb","itemListElement":[{"@type":"ListItem","position":1,"name":"Home","item":"https:\/\/spinbetter.cash\/da\/"},{"@type":"ListItem","position":2,"name":"Casino"}]},{"@type":"WebSite","@id":"https:\/\/spinbetter.cash\/da\/#website","url":"https:\/\/spinbetter.cash\/da\/","name":"Spinbetter Football DA","description":"My WordPress Blog","potentialAction":[{"@type":"SearchAction","target":{"@type":"EntryPoint","urlTemplate":"https:\/\/spinbetter.cash\/da\/?s={search_term_string}"},"query-input":{"@type":"PropertyValueSpecification","valueRequired":true,"valueName":"search_term_string"}}],"inLanguage":"da-DK"}]}},"_links":{"self":[{"href":"https:\/\/spinbetter.cash\/da\/wp-json\/wp\/v2\/pages\/297","targetHints":{"allow":["GET"]}}],"collection":[{"href":"https:\/\/spinbetter.cash\/da\/wp-json\/wp\/v2\/pages"}],"about":[{"href":"https:\/\/spinbetter.cash\/da\/wp-json\/wp\/v2\/types\/page"}],"author":[{"embeddable":true,"href":"https:\/\/spinbetter.cash\/da\/wp-json\/wp\/v2\/users\/1"}],"replies":[{"embeddable":true,"href":"https:\/\/spinbetter.cash\/da\/wp-json\/wp\/v2\/comments?post=297"}],"version-history":[{"count":22,"href":"https:\/\/spinbetter.cash\/da\/wp-json\/wp\/v2\/pages\/297\/revisions"}],"predecessor-version":[{"id":583,"href":"https:\/\/spinbetter.cash\/da\/wp-json\/wp\/v2\/pages\/297\/revisions\/583"}],"wp:attachment":[{"href":"https:\/\/spinbetter.cash\/da\/wp-json\/wp\/v2\/media?parent=297"}],"curies":[{"name":"wp","href":"https:\/\/api.w.org\/{rel}","templated":true}]}}