{"id":152,"date":"2023-05-18T17:39:43","date_gmt":"2023-05-18T17:39:43","guid":{"rendered":"https:\/\/spinbetter.cash\/da\/?page_id=152"},"modified":"2025-12-10T19:54:11","modified_gmt":"2025-12-10T19:54:11","slug":"bonus","status":"publish","type":"page","link":"https:\/\/spinbetter.cash\/da\/bonus\/","title":{"rendered":"Bonus"},"content":{"rendered":"","protected":false},"excerpt":{"rendered":"","protected":false},"author":1,"featured_media":0,"parent":0,"menu_order":0,"comment_status":"closed","ping_status":"closed","template":"","meta":{"_acf_changed":false,"footnotes":""},"class_list":["post-152","page","type-page","status-publish","hentry"],"acf":[],"yoast_head":"<!-- This site is optimized with the Yoast SEO plugin v27.3 - https:\/\/yoast.com\/product\/yoast-seo-wordpress\/ -->\n<title>SpinBetter Bonus | G\u00f8r krav p\u00e5 dine bonusser og vind mere!<\/title>\n<meta name=\"description\" content=\"F\u00e5 gener\u00f8se bonusser hos SpinBetter - \u00f8g din indbetaling, nyd sp\u00e6ndingen og opn\u00e5 succes i b\u00e5de sportsv\u00e6ddem\u00e5l og sp\u00e6ndende casinospil!\" \/>\n<meta name=\"robots\" content=\"index, follow, max-snippet:-1, max-image-preview:large, max-video-preview:-1\" \/>\n<meta property=\"og:locale\" content=\"da_DK\" \/>\n<meta property=\"og:type\" content=\"article\" \/>\n<meta property=\"og:title\" content=\"SpinBetter Bonus | G\u00f8r krav p\u00e5 dine bonusser og vind mere!\" \/>\n<meta property=\"og:description\" content=\"F\u00e5 gener\u00f8se bonusser hos SpinBetter - \u00f8g din indbetaling, nyd sp\u00e6ndingen og opn\u00e5 succes i b\u00e5de sportsv\u00e6ddem\u00e5l og sp\u00e6ndende casinospil!\" \/>\n<meta property=\"og:url\" content=\"https:\/\/spinbetter.cash\/da\/bonus\/\" \/>\n<meta property=\"og:site_name\" content=\"Spinbetter Football DA\" \/>\n<meta property=\"article:modified_time\" content=\"2025-12-10T19:54:11+00:00\" \/>\n<meta name=\"twitter:card\" content=\"summary_large_image\" \/>\n<script type=\"application\/ld+json\" class=\"yoast-schema-graph\">{\"@context\":\"https:\\\/\\\/schema.org\",\"@graph\":[{\"@type\":\"WebPage\",\"@id\":\"https:\\\/\\\/spinbetter.cash\\\/da\\\/bonus\\\/\",\"url\":\"https:\\\/\\\/spinbetter.cash\\\/da\\\/bonus\\\/\",\"name\":\"SpinBetter Bonus | G\u00f8r krav p\u00e5 dine bonusser og vind mere!\",\"isPartOf\":{\"@id\":\"https:\\\/\\\/spinbetter.cash\\\/da\\\/#website\"},\"datePublished\":\"2023-05-18T17:39:43+00:00\",\"dateModified\":\"2025-12-10T19:54:11+00:00\",\"description\":\"F\u00e5 gener\u00f8se bonusser hos SpinBetter - \u00f8g din indbetaling, nyd sp\u00e6ndingen og opn\u00e5 succes i b\u00e5de sportsv\u00e6ddem\u00e5l og sp\u00e6ndende casinospil!\",\"breadcrumb\":{\"@id\":\"https:\\\/\\\/spinbetter.cash\\\/da\\\/bonus\\\/#breadcrumb\"},\"inLanguage\":\"da-DK\",\"potentialAction\":[{\"@type\":\"ReadAction\",\"target\":[\"https:\\\/\\\/spinbetter.cash\\\/da\\\/bonus\\\/\"]}]},{\"@type\":\"BreadcrumbList\",\"@id\":\"https:\\\/\\\/spinbetter.cash\\\/da\\\/bonus\\\/#breadcrumb\",\"itemListElement\":[{\"@type\":\"ListItem\",\"position\":1,\"name\":\"Home\",\"item\":\"https:\\\/\\\/spinbetter.cash\\\/da\\\/\"},{\"@type\":\"ListItem\",\"position\":2,\"name\":\"Bonus\"}]},{\"@type\":\"WebSite\",\"@id\":\"https:\\\/\\\/spinbetter.cash\\\/da\\\/#website\",\"url\":\"https:\\\/\\\/spinbetter.cash\\\/da\\\/\",\"name\":\"Spinbetter Football DA\",\"description\":\"My WordPress Blog\",\"potentialAction\":[{\"@type\":\"SearchAction\",\"target\":{\"@type\":\"EntryPoint\",\"urlTemplate\":\"https:\\\/\\\/spinbetter.cash\\\/da\\\/?s={search_term_string}\"},\"query-input\":{\"@type\":\"PropertyValueSpecification\",\"valueRequired\":true,\"valueName\":\"search_term_string\"}}],\"inLanguage\":\"da-DK\"}]}<\/script>\n<!-- \/ Yoast SEO plugin. -->","yoast_head_json":{"title":"SpinBetter Bonus | G\u00f8r krav p\u00e5 dine bonusser og vind mere!","description":"F\u00e5 gener\u00f8se bonusser hos SpinBetter - \u00f8g din indbetaling, nyd sp\u00e6ndingen og opn\u00e5 succes i b\u00e5de sportsv\u00e6ddem\u00e5l og sp\u00e6ndende casinospil!","robots":{"index":"index","follow":"follow","max-snippet":"max-snippet:-1","max-image-preview":"max-image-preview:large","max-video-preview":"max-video-preview:-1"},"og_locale":"da_DK","og_type":"article","og_title":"SpinBetter Bonus | G\u00f8r krav p\u00e5 dine bonusser og vind mere!","og_description":"F\u00e5 gener\u00f8se bonusser hos SpinBetter - \u00f8g din indbetaling, nyd sp\u00e6ndingen og opn\u00e5 succes i b\u00e5de sportsv\u00e6ddem\u00e5l og sp\u00e6ndende casinospil!","og_url":"https:\/\/spinbetter.cash\/da\/bonus\/","og_site_name":"Spinbetter Football DA","article_modified_time":"2025-12-10T19:54:11+00:00","twitter_card":"summary_large_image","schema":{"@context":"https:\/\/schema.org","@graph":[{"@type":"WebPage","@id":"https:\/\/spinbetter.cash\/da\/bonus\/","url":"https:\/\/spinbetter.cash\/da\/bonus\/","name":"SpinBetter Bonus | G\u00f8r krav p\u00e5 dine bonusser og vind mere!","isPartOf":{"@id":"https:\/\/spinbetter.cash\/da\/#website"},"datePublished":"2023-05-18T17:39:43+00:00","dateModified":"2025-12-10T19:54:11+00:00","description":"F\u00e5 gener\u00f8se bonusser hos SpinBetter - \u00f8g din indbetaling, nyd sp\u00e6ndingen og opn\u00e5 succes i b\u00e5de sportsv\u00e6ddem\u00e5l og sp\u00e6ndende casinospil!","breadcrumb":{"@id":"https:\/\/spinbetter.cash\/da\/bonus\/#breadcrumb"},"inLanguage":"da-DK","potentialAction":[{"@type":"ReadAction","target":["https:\/\/spinbetter.cash\/da\/bonus\/"]}]},{"@type":"BreadcrumbList","@id":"https:\/\/spinbetter.cash\/da\/bonus\/#breadcrumb","itemListElement":[{"@type":"ListItem","position":1,"name":"Home","item":"https:\/\/spinbetter.cash\/da\/"},{"@type":"ListItem","position":2,"name":"Bonus"}]},{"@type":"WebSite","@id":"https:\/\/spinbetter.cash\/da\/#website","url":"https:\/\/spinbetter.cash\/da\/","name":"Spinbetter Football DA","description":"My WordPress Blog","potentialAction":[{"@type":"SearchAction","target":{"@type":"EntryPoint","urlTemplate":"https:\/\/spinbetter.cash\/da\/?s={search_term_string}"},"query-input":{"@type":"PropertyValueSpecification","valueRequired":true,"valueName":"search_term_string"}}],"inLanguage":"da-DK"}]}},"_links":{"self":[{"href":"https:\/\/spinbetter.cash\/da\/wp-json\/wp\/v2\/pages\/152","targetHints":{"allow":["GET"]}}],"collection":[{"href":"https:\/\/spinbetter.cash\/da\/wp-json\/wp\/v2\/pages"}],"about":[{"href":"https:\/\/spinbetter.cash\/da\/wp-json\/wp\/v2\/types\/page"}],"author":[{"embeddable":true,"href":"https:\/\/spinbetter.cash\/da\/wp-json\/wp\/v2\/users\/1"}],"replies":[{"embeddable":true,"href":"https:\/\/spinbetter.cash\/da\/wp-json\/wp\/v2\/comments?post=152"}],"version-history":[{"count":26,"href":"https:\/\/spinbetter.cash\/da\/wp-json\/wp\/v2\/pages\/152\/revisions"}],"predecessor-version":[{"id":672,"href":"https:\/\/spinbetter.cash\/da\/wp-json\/wp\/v2\/pages\/152\/revisions\/672"}],"wp:attachment":[{"href":"https:\/\/spinbetter.cash\/da\/wp-json\/wp\/v2\/media?parent=152"}],"curies":[{"name":"wp","href":"https:\/\/api.w.org\/{rel}","templated":true}]}}