{"id":696,"date":"2025-12-10T10:58:02","date_gmt":"2025-12-10T10:58:02","guid":{"rendered":"https:\/\/spinbetter.cash\/cz\/?page_id=696"},"modified":"2025-12-10T13:47:50","modified_gmt":"2025-12-10T13:47:50","slug":"anti-money-laundering","status":"publish","type":"page","link":"https:\/\/spinbetter.cash\/cz\/anti-money-laundering\/","title":{"rendered":"Boj proti pran\u00ed \u0161pinav\u00fdch pen\u011bz"},"content":{"rendered":"","protected":false},"excerpt":{"rendered":"","protected":false},"author":1,"featured_media":0,"parent":0,"menu_order":0,"comment_status":"closed","ping_status":"closed","template":"","meta":{"_acf_changed":false,"footnotes":""},"class_list":["post-696","page","type-page","status-publish","hentry"],"acf":[],"yoast_head":"<!-- This site is optimized with the Yoast SEO plugin v27.3 - https:\/\/yoast.com\/product\/yoast-seo-wordpress\/ -->\n<title>SpinBetter AML Politika a Opat\u0159en\u00ed Proti Pran\u00ed Pen\u011bz<\/title>\n<meta name=\"description\" content=\"Zjist\u011bte, jak SpinBetter p\u0159edch\u00e1z\u00ed pran\u00ed pen\u011bz, ov\u011b\u0159uje identitu u\u017eivatel\u016f a sleduje finan\u010dn\u00ed aktivity pro maxim\u00e1ln\u00ed bezpe\u010dnost a soulad s p\u0159edpisy.\" \/>\n<meta name=\"robots\" content=\"index, follow, max-snippet:-1, max-image-preview:large, max-video-preview:-1\" \/>\n<meta property=\"og:locale\" content=\"cs_CZ\" \/>\n<meta property=\"og:type\" content=\"article\" \/>\n<meta property=\"og:title\" content=\"SpinBetter AML Politika a Opat\u0159en\u00ed Proti Pran\u00ed Pen\u011bz\" \/>\n<meta property=\"og:description\" content=\"Zjist\u011bte, jak SpinBetter p\u0159edch\u00e1z\u00ed pran\u00ed pen\u011bz, ov\u011b\u0159uje identitu u\u017eivatel\u016f a sleduje finan\u010dn\u00ed aktivity pro maxim\u00e1ln\u00ed bezpe\u010dnost a soulad s p\u0159edpisy.\" \/>\n<meta property=\"og:url\" content=\"https:\/\/spinbetter.cash\/cz\/anti-money-laundering\/\" \/>\n<meta property=\"og:site_name\" content=\"Spinbetter Football CZ\" \/>\n<meta property=\"article:modified_time\" content=\"2025-12-10T13:47:50+00:00\" \/>\n<meta name=\"twitter:card\" content=\"summary_large_image\" \/>\n<script type=\"application\/ld+json\" class=\"yoast-schema-graph\">{\"@context\":\"https:\\\/\\\/schema.org\",\"@graph\":[{\"@type\":\"WebPage\",\"@id\":\"https:\\\/\\\/spinbetter.cash\\\/cz\\\/anti-money-laundering\\\/\",\"url\":\"https:\\\/\\\/spinbetter.cash\\\/cz\\\/anti-money-laundering\\\/\",\"name\":\"SpinBetter AML Politika a Opat\u0159en\u00ed Proti Pran\u00ed Pen\u011bz\",\"isPartOf\":{\"@id\":\"https:\\\/\\\/spinbetter.cash\\\/cz\\\/#website\"},\"datePublished\":\"2025-12-10T10:58:02+00:00\",\"dateModified\":\"2025-12-10T13:47:50+00:00\",\"description\":\"Zjist\u011bte, jak SpinBetter p\u0159edch\u00e1z\u00ed pran\u00ed pen\u011bz, ov\u011b\u0159uje identitu u\u017eivatel\u016f a sleduje finan\u010dn\u00ed aktivity pro maxim\u00e1ln\u00ed bezpe\u010dnost a soulad s p\u0159edpisy.\",\"breadcrumb\":{\"@id\":\"https:\\\/\\\/spinbetter.cash\\\/cz\\\/anti-money-laundering\\\/#breadcrumb\"},\"inLanguage\":\"cs\",\"potentialAction\":[{\"@type\":\"ReadAction\",\"target\":[\"https:\\\/\\\/spinbetter.cash\\\/cz\\\/anti-money-laundering\\\/\"]}]},{\"@type\":\"BreadcrumbList\",\"@id\":\"https:\\\/\\\/spinbetter.cash\\\/cz\\\/anti-money-laundering\\\/#breadcrumb\",\"itemListElement\":[{\"@type\":\"ListItem\",\"position\":1,\"name\":\"Home\",\"item\":\"https:\\\/\\\/spinbetter.cash\\\/cz\\\/\"},{\"@type\":\"ListItem\",\"position\":2,\"name\":\"Boj proti pran\u00ed \u0161pinav\u00fdch pen\u011bz\"}]},{\"@type\":\"WebSite\",\"@id\":\"https:\\\/\\\/spinbetter.cash\\\/cz\\\/#website\",\"url\":\"https:\\\/\\\/spinbetter.cash\\\/cz\\\/\",\"name\":\"Spinbetter Football CZ\",\"description\":\"My WordPress Blog\",\"potentialAction\":[{\"@type\":\"SearchAction\",\"target\":{\"@type\":\"EntryPoint\",\"urlTemplate\":\"https:\\\/\\\/spinbetter.cash\\\/cz\\\/?s={search_term_string}\"},\"query-input\":{\"@type\":\"PropertyValueSpecification\",\"valueRequired\":true,\"valueName\":\"search_term_string\"}}],\"inLanguage\":\"cs\"}]}<\/script>\n<!-- \/ Yoast SEO plugin. -->","yoast_head_json":{"title":"SpinBetter AML Politika a Opat\u0159en\u00ed Proti Pran\u00ed Pen\u011bz","description":"Zjist\u011bte, jak SpinBetter p\u0159edch\u00e1z\u00ed pran\u00ed pen\u011bz, ov\u011b\u0159uje identitu u\u017eivatel\u016f a sleduje finan\u010dn\u00ed aktivity pro maxim\u00e1ln\u00ed bezpe\u010dnost a soulad s p\u0159edpisy.","robots":{"index":"index","follow":"follow","max-snippet":"max-snippet:-1","max-image-preview":"max-image-preview:large","max-video-preview":"max-video-preview:-1"},"og_locale":"cs_CZ","og_type":"article","og_title":"SpinBetter AML Politika a Opat\u0159en\u00ed Proti Pran\u00ed Pen\u011bz","og_description":"Zjist\u011bte, jak SpinBetter p\u0159edch\u00e1z\u00ed pran\u00ed pen\u011bz, ov\u011b\u0159uje identitu u\u017eivatel\u016f a sleduje finan\u010dn\u00ed aktivity pro maxim\u00e1ln\u00ed bezpe\u010dnost a soulad s p\u0159edpisy.","og_url":"https:\/\/spinbetter.cash\/cz\/anti-money-laundering\/","og_site_name":"Spinbetter Football CZ","article_modified_time":"2025-12-10T13:47:50+00:00","twitter_card":"summary_large_image","schema":{"@context":"https:\/\/schema.org","@graph":[{"@type":"WebPage","@id":"https:\/\/spinbetter.cash\/cz\/anti-money-laundering\/","url":"https:\/\/spinbetter.cash\/cz\/anti-money-laundering\/","name":"SpinBetter AML Politika a Opat\u0159en\u00ed Proti Pran\u00ed Pen\u011bz","isPartOf":{"@id":"https:\/\/spinbetter.cash\/cz\/#website"},"datePublished":"2025-12-10T10:58:02+00:00","dateModified":"2025-12-10T13:47:50+00:00","description":"Zjist\u011bte, jak SpinBetter p\u0159edch\u00e1z\u00ed pran\u00ed pen\u011bz, ov\u011b\u0159uje identitu u\u017eivatel\u016f a sleduje finan\u010dn\u00ed aktivity pro maxim\u00e1ln\u00ed bezpe\u010dnost a soulad s p\u0159edpisy.","breadcrumb":{"@id":"https:\/\/spinbetter.cash\/cz\/anti-money-laundering\/#breadcrumb"},"inLanguage":"cs","potentialAction":[{"@type":"ReadAction","target":["https:\/\/spinbetter.cash\/cz\/anti-money-laundering\/"]}]},{"@type":"BreadcrumbList","@id":"https:\/\/spinbetter.cash\/cz\/anti-money-laundering\/#breadcrumb","itemListElement":[{"@type":"ListItem","position":1,"name":"Home","item":"https:\/\/spinbetter.cash\/cz\/"},{"@type":"ListItem","position":2,"name":"Boj proti pran\u00ed \u0161pinav\u00fdch pen\u011bz"}]},{"@type":"WebSite","@id":"https:\/\/spinbetter.cash\/cz\/#website","url":"https:\/\/spinbetter.cash\/cz\/","name":"Spinbetter Football CZ","description":"My WordPress Blog","potentialAction":[{"@type":"SearchAction","target":{"@type":"EntryPoint","urlTemplate":"https:\/\/spinbetter.cash\/cz\/?s={search_term_string}"},"query-input":{"@type":"PropertyValueSpecification","valueRequired":true,"valueName":"search_term_string"}}],"inLanguage":"cs"}]}},"_links":{"self":[{"href":"https:\/\/spinbetter.cash\/cz\/wp-json\/wp\/v2\/pages\/696","targetHints":{"allow":["GET"]}}],"collection":[{"href":"https:\/\/spinbetter.cash\/cz\/wp-json\/wp\/v2\/pages"}],"about":[{"href":"https:\/\/spinbetter.cash\/cz\/wp-json\/wp\/v2\/types\/page"}],"author":[{"embeddable":true,"href":"https:\/\/spinbetter.cash\/cz\/wp-json\/wp\/v2\/users\/1"}],"replies":[{"embeddable":true,"href":"https:\/\/spinbetter.cash\/cz\/wp-json\/wp\/v2\/comments?post=696"}],"version-history":[{"count":2,"href":"https:\/\/spinbetter.cash\/cz\/wp-json\/wp\/v2\/pages\/696\/revisions"}],"predecessor-version":[{"id":702,"href":"https:\/\/spinbetter.cash\/cz\/wp-json\/wp\/v2\/pages\/696\/revisions\/702"}],"wp:attachment":[{"href":"https:\/\/spinbetter.cash\/cz\/wp-json\/wp\/v2\/media?parent=696"}],"curies":[{"name":"wp","href":"https:\/\/api.w.org\/{rel}","templated":true}]}}