{"id":694,"date":"2025-12-10T08:44:23","date_gmt":"2025-12-10T08:44:23","guid":{"rendered":"https:\/\/spinbetter.cash\/cz\/?page_id=694"},"modified":"2025-12-10T13:48:58","modified_gmt":"2025-12-10T13:48:58","slug":"cookies-policy","status":"publish","type":"page","link":"https:\/\/spinbetter.cash\/cz\/cookies-policy\/","title":{"rendered":"Z\u00e1sady pou\u017e\u00edv\u00e1n\u00ed soubor\u016f cookie"},"content":{"rendered":"","protected":false},"excerpt":{"rendered":"","protected":false},"author":1,"featured_media":0,"parent":0,"menu_order":0,"comment_status":"closed","ping_status":"closed","template":"","meta":{"_acf_changed":false,"footnotes":""},"class_list":["post-694","page","type-page","status-publish","hentry"],"acf":[],"yoast_head":"<!-- This site is optimized with the Yoast SEO plugin v27.3 - https:\/\/yoast.com\/product\/yoast-seo-wordpress\/ -->\n<title>SpinBetter Informace o Cookies a Nastaven\u00edch Webu<\/title>\n<meta name=\"description\" content=\"Zjist\u011bte, jak SpinBetter pou\u017e\u00edv\u00e1 cookies ke zlep\u0161en\u00ed navigace, ukl\u00e1d\u00e1n\u00ed preferenc\u00ed a zaji\u0161t\u011bn\u00ed spr\u00e1vn\u00e9ho fungov\u00e1n\u00ed webu.\" \/>\n<meta name=\"robots\" content=\"index, follow, max-snippet:-1, max-image-preview:large, max-video-preview:-1\" \/>\n<meta property=\"og:locale\" content=\"cs_CZ\" \/>\n<meta property=\"og:type\" content=\"article\" \/>\n<meta property=\"og:title\" content=\"SpinBetter Informace o Cookies a Nastaven\u00edch Webu\" \/>\n<meta property=\"og:description\" content=\"Zjist\u011bte, jak SpinBetter pou\u017e\u00edv\u00e1 cookies ke zlep\u0161en\u00ed navigace, ukl\u00e1d\u00e1n\u00ed preferenc\u00ed a zaji\u0161t\u011bn\u00ed spr\u00e1vn\u00e9ho fungov\u00e1n\u00ed webu.\" \/>\n<meta property=\"og:url\" content=\"https:\/\/spinbetter.cash\/cz\/cookies-policy\/\" \/>\n<meta property=\"og:site_name\" content=\"Spinbetter Football CZ\" \/>\n<meta property=\"article:modified_time\" content=\"2025-12-10T13:48:58+00:00\" \/>\n<meta name=\"twitter:card\" content=\"summary_large_image\" \/>\n<script type=\"application\/ld+json\" class=\"yoast-schema-graph\">{\"@context\":\"https:\\\/\\\/schema.org\",\"@graph\":[{\"@type\":\"WebPage\",\"@id\":\"https:\\\/\\\/spinbetter.cash\\\/cz\\\/cookies-policy\\\/\",\"url\":\"https:\\\/\\\/spinbetter.cash\\\/cz\\\/cookies-policy\\\/\",\"name\":\"SpinBetter Informace o Cookies a Nastaven\u00edch Webu\",\"isPartOf\":{\"@id\":\"https:\\\/\\\/spinbetter.cash\\\/cz\\\/#website\"},\"datePublished\":\"2025-12-10T08:44:23+00:00\",\"dateModified\":\"2025-12-10T13:48:58+00:00\",\"description\":\"Zjist\u011bte, jak SpinBetter pou\u017e\u00edv\u00e1 cookies ke zlep\u0161en\u00ed navigace, ukl\u00e1d\u00e1n\u00ed preferenc\u00ed a zaji\u0161t\u011bn\u00ed spr\u00e1vn\u00e9ho fungov\u00e1n\u00ed webu.\",\"breadcrumb\":{\"@id\":\"https:\\\/\\\/spinbetter.cash\\\/cz\\\/cookies-policy\\\/#breadcrumb\"},\"inLanguage\":\"cs\",\"potentialAction\":[{\"@type\":\"ReadAction\",\"target\":[\"https:\\\/\\\/spinbetter.cash\\\/cz\\\/cookies-policy\\\/\"]}]},{\"@type\":\"BreadcrumbList\",\"@id\":\"https:\\\/\\\/spinbetter.cash\\\/cz\\\/cookies-policy\\\/#breadcrumb\",\"itemListElement\":[{\"@type\":\"ListItem\",\"position\":1,\"name\":\"Home\",\"item\":\"https:\\\/\\\/spinbetter.cash\\\/cz\\\/\"},{\"@type\":\"ListItem\",\"position\":2,\"name\":\"Z\u00e1sady pou\u017e\u00edv\u00e1n\u00ed soubor\u016f cookie\"}]},{\"@type\":\"WebSite\",\"@id\":\"https:\\\/\\\/spinbetter.cash\\\/cz\\\/#website\",\"url\":\"https:\\\/\\\/spinbetter.cash\\\/cz\\\/\",\"name\":\"Spinbetter Football CZ\",\"description\":\"My WordPress Blog\",\"potentialAction\":[{\"@type\":\"SearchAction\",\"target\":{\"@type\":\"EntryPoint\",\"urlTemplate\":\"https:\\\/\\\/spinbetter.cash\\\/cz\\\/?s={search_term_string}\"},\"query-input\":{\"@type\":\"PropertyValueSpecification\",\"valueRequired\":true,\"valueName\":\"search_term_string\"}}],\"inLanguage\":\"cs\"}]}<\/script>\n<!-- \/ Yoast SEO plugin. -->","yoast_head_json":{"title":"SpinBetter Informace o Cookies a Nastaven\u00edch Webu","description":"Zjist\u011bte, jak SpinBetter pou\u017e\u00edv\u00e1 cookies ke zlep\u0161en\u00ed navigace, ukl\u00e1d\u00e1n\u00ed preferenc\u00ed a zaji\u0161t\u011bn\u00ed spr\u00e1vn\u00e9ho fungov\u00e1n\u00ed webu.","robots":{"index":"index","follow":"follow","max-snippet":"max-snippet:-1","max-image-preview":"max-image-preview:large","max-video-preview":"max-video-preview:-1"},"og_locale":"cs_CZ","og_type":"article","og_title":"SpinBetter Informace o Cookies a Nastaven\u00edch Webu","og_description":"Zjist\u011bte, jak SpinBetter pou\u017e\u00edv\u00e1 cookies ke zlep\u0161en\u00ed navigace, ukl\u00e1d\u00e1n\u00ed preferenc\u00ed a zaji\u0161t\u011bn\u00ed spr\u00e1vn\u00e9ho fungov\u00e1n\u00ed webu.","og_url":"https:\/\/spinbetter.cash\/cz\/cookies-policy\/","og_site_name":"Spinbetter Football CZ","article_modified_time":"2025-12-10T13:48:58+00:00","twitter_card":"summary_large_image","schema":{"@context":"https:\/\/schema.org","@graph":[{"@type":"WebPage","@id":"https:\/\/spinbetter.cash\/cz\/cookies-policy\/","url":"https:\/\/spinbetter.cash\/cz\/cookies-policy\/","name":"SpinBetter Informace o Cookies a Nastaven\u00edch Webu","isPartOf":{"@id":"https:\/\/spinbetter.cash\/cz\/#website"},"datePublished":"2025-12-10T08:44:23+00:00","dateModified":"2025-12-10T13:48:58+00:00","description":"Zjist\u011bte, jak SpinBetter pou\u017e\u00edv\u00e1 cookies ke zlep\u0161en\u00ed navigace, ukl\u00e1d\u00e1n\u00ed preferenc\u00ed a zaji\u0161t\u011bn\u00ed spr\u00e1vn\u00e9ho fungov\u00e1n\u00ed webu.","breadcrumb":{"@id":"https:\/\/spinbetter.cash\/cz\/cookies-policy\/#breadcrumb"},"inLanguage":"cs","potentialAction":[{"@type":"ReadAction","target":["https:\/\/spinbetter.cash\/cz\/cookies-policy\/"]}]},{"@type":"BreadcrumbList","@id":"https:\/\/spinbetter.cash\/cz\/cookies-policy\/#breadcrumb","itemListElement":[{"@type":"ListItem","position":1,"name":"Home","item":"https:\/\/spinbetter.cash\/cz\/"},{"@type":"ListItem","position":2,"name":"Z\u00e1sady pou\u017e\u00edv\u00e1n\u00ed soubor\u016f cookie"}]},{"@type":"WebSite","@id":"https:\/\/spinbetter.cash\/cz\/#website","url":"https:\/\/spinbetter.cash\/cz\/","name":"Spinbetter Football CZ","description":"My WordPress Blog","potentialAction":[{"@type":"SearchAction","target":{"@type":"EntryPoint","urlTemplate":"https:\/\/spinbetter.cash\/cz\/?s={search_term_string}"},"query-input":{"@type":"PropertyValueSpecification","valueRequired":true,"valueName":"search_term_string"}}],"inLanguage":"cs"}]}},"_links":{"self":[{"href":"https:\/\/spinbetter.cash\/cz\/wp-json\/wp\/v2\/pages\/694","targetHints":{"allow":["GET"]}}],"collection":[{"href":"https:\/\/spinbetter.cash\/cz\/wp-json\/wp\/v2\/pages"}],"about":[{"href":"https:\/\/spinbetter.cash\/cz\/wp-json\/wp\/v2\/types\/page"}],"author":[{"embeddable":true,"href":"https:\/\/spinbetter.cash\/cz\/wp-json\/wp\/v2\/users\/1"}],"replies":[{"embeddable":true,"href":"https:\/\/spinbetter.cash\/cz\/wp-json\/wp\/v2\/comments?post=694"}],"version-history":[{"count":2,"href":"https:\/\/spinbetter.cash\/cz\/wp-json\/wp\/v2\/pages\/694\/revisions"}],"predecessor-version":[{"id":704,"href":"https:\/\/spinbetter.cash\/cz\/wp-json\/wp\/v2\/pages\/694\/revisions\/704"}],"wp:attachment":[{"href":"https:\/\/spinbetter.cash\/cz\/wp-json\/wp\/v2\/media?parent=694"}],"curies":[{"name":"wp","href":"https:\/\/api.w.org\/{rel}","templated":true}]}}