{"id":692,"date":"2025-12-09T14:52:51","date_gmt":"2025-12-09T14:52:51","guid":{"rendered":"https:\/\/spinbetter.cash\/cz\/?page_id=692"},"modified":"2025-12-10T13:49:44","modified_gmt":"2025-12-10T13:49:44","slug":"general-terms","status":"publish","type":"page","link":"https:\/\/spinbetter.cash\/cz\/general-terms\/","title":{"rendered":"V\u0161eobecn\u00e9 podm\u00ednky"},"content":{"rendered":"","protected":false},"excerpt":{"rendered":"","protected":false},"author":1,"featured_media":0,"parent":0,"menu_order":0,"comment_status":"closed","ping_status":"closed","template":"","meta":{"_acf_changed":false,"footnotes":""},"class_list":["post-692","page","type-page","status-publish","hentry"],"acf":[],"yoast_head":"<!-- This site is optimized with the Yoast SEO plugin v27.3 - https:\/\/yoast.com\/product\/yoast-seo-wordpress\/ -->\n<title>Pr\u00e1vn\u00ed Po\u017eadavky a Pravidla Pro U\u017eivatele SpinBetter<\/title>\n<meta name=\"description\" content=\"Informace o z\u00e1konn\u00fdch po\u017eadavc\u00edch, v\u011bkov\u00fdch limitech, omezen\u00fdch jurisdikc\u00edch, povinnostech u\u017eivatel\u016f a z\u00e1sad\u00e1ch integrity na SpinBetter.\" \/>\n<meta name=\"robots\" content=\"index, follow, max-snippet:-1, max-image-preview:large, max-video-preview:-1\" \/>\n<meta property=\"og:locale\" content=\"cs_CZ\" \/>\n<meta property=\"og:type\" content=\"article\" \/>\n<meta property=\"og:title\" content=\"Pr\u00e1vn\u00ed Po\u017eadavky a Pravidla Pro U\u017eivatele SpinBetter\" \/>\n<meta property=\"og:description\" content=\"Informace o z\u00e1konn\u00fdch po\u017eadavc\u00edch, v\u011bkov\u00fdch limitech, omezen\u00fdch jurisdikc\u00edch, povinnostech u\u017eivatel\u016f a z\u00e1sad\u00e1ch integrity na SpinBetter.\" \/>\n<meta property=\"og:url\" content=\"https:\/\/spinbetter.cash\/cz\/general-terms\/\" \/>\n<meta property=\"og:site_name\" content=\"Spinbetter Football CZ\" \/>\n<meta property=\"article:modified_time\" content=\"2025-12-10T13:49:44+00:00\" \/>\n<meta name=\"twitter:card\" content=\"summary_large_image\" \/>\n<script type=\"application\/ld+json\" class=\"yoast-schema-graph\">{\"@context\":\"https:\\\/\\\/schema.org\",\"@graph\":[{\"@type\":\"WebPage\",\"@id\":\"https:\\\/\\\/spinbetter.cash\\\/cz\\\/general-terms\\\/\",\"url\":\"https:\\\/\\\/spinbetter.cash\\\/cz\\\/general-terms\\\/\",\"name\":\"Pr\u00e1vn\u00ed Po\u017eadavky a Pravidla Pro U\u017eivatele SpinBetter\",\"isPartOf\":{\"@id\":\"https:\\\/\\\/spinbetter.cash\\\/cz\\\/#website\"},\"datePublished\":\"2025-12-09T14:52:51+00:00\",\"dateModified\":\"2025-12-10T13:49:44+00:00\",\"description\":\"Informace o z\u00e1konn\u00fdch po\u017eadavc\u00edch, v\u011bkov\u00fdch limitech, omezen\u00fdch jurisdikc\u00edch, povinnostech u\u017eivatel\u016f a z\u00e1sad\u00e1ch integrity na SpinBetter.\",\"breadcrumb\":{\"@id\":\"https:\\\/\\\/spinbetter.cash\\\/cz\\\/general-terms\\\/#breadcrumb\"},\"inLanguage\":\"cs\",\"potentialAction\":[{\"@type\":\"ReadAction\",\"target\":[\"https:\\\/\\\/spinbetter.cash\\\/cz\\\/general-terms\\\/\"]}]},{\"@type\":\"BreadcrumbList\",\"@id\":\"https:\\\/\\\/spinbetter.cash\\\/cz\\\/general-terms\\\/#breadcrumb\",\"itemListElement\":[{\"@type\":\"ListItem\",\"position\":1,\"name\":\"Home\",\"item\":\"https:\\\/\\\/spinbetter.cash\\\/cz\\\/\"},{\"@type\":\"ListItem\",\"position\":2,\"name\":\"V\u0161eobecn\u00e9 podm\u00ednky\"}]},{\"@type\":\"WebSite\",\"@id\":\"https:\\\/\\\/spinbetter.cash\\\/cz\\\/#website\",\"url\":\"https:\\\/\\\/spinbetter.cash\\\/cz\\\/\",\"name\":\"Spinbetter Football CZ\",\"description\":\"My WordPress Blog\",\"potentialAction\":[{\"@type\":\"SearchAction\",\"target\":{\"@type\":\"EntryPoint\",\"urlTemplate\":\"https:\\\/\\\/spinbetter.cash\\\/cz\\\/?s={search_term_string}\"},\"query-input\":{\"@type\":\"PropertyValueSpecification\",\"valueRequired\":true,\"valueName\":\"search_term_string\"}}],\"inLanguage\":\"cs\"}]}<\/script>\n<!-- \/ Yoast SEO plugin. -->","yoast_head_json":{"title":"Pr\u00e1vn\u00ed Po\u017eadavky a Pravidla Pro U\u017eivatele SpinBetter","description":"Informace o z\u00e1konn\u00fdch po\u017eadavc\u00edch, v\u011bkov\u00fdch limitech, omezen\u00fdch jurisdikc\u00edch, povinnostech u\u017eivatel\u016f a z\u00e1sad\u00e1ch integrity na SpinBetter.","robots":{"index":"index","follow":"follow","max-snippet":"max-snippet:-1","max-image-preview":"max-image-preview:large","max-video-preview":"max-video-preview:-1"},"og_locale":"cs_CZ","og_type":"article","og_title":"Pr\u00e1vn\u00ed Po\u017eadavky a Pravidla Pro U\u017eivatele SpinBetter","og_description":"Informace o z\u00e1konn\u00fdch po\u017eadavc\u00edch, v\u011bkov\u00fdch limitech, omezen\u00fdch jurisdikc\u00edch, povinnostech u\u017eivatel\u016f a z\u00e1sad\u00e1ch integrity na SpinBetter.","og_url":"https:\/\/spinbetter.cash\/cz\/general-terms\/","og_site_name":"Spinbetter Football CZ","article_modified_time":"2025-12-10T13:49:44+00:00","twitter_card":"summary_large_image","schema":{"@context":"https:\/\/schema.org","@graph":[{"@type":"WebPage","@id":"https:\/\/spinbetter.cash\/cz\/general-terms\/","url":"https:\/\/spinbetter.cash\/cz\/general-terms\/","name":"Pr\u00e1vn\u00ed Po\u017eadavky a Pravidla Pro U\u017eivatele SpinBetter","isPartOf":{"@id":"https:\/\/spinbetter.cash\/cz\/#website"},"datePublished":"2025-12-09T14:52:51+00:00","dateModified":"2025-12-10T13:49:44+00:00","description":"Informace o z\u00e1konn\u00fdch po\u017eadavc\u00edch, v\u011bkov\u00fdch limitech, omezen\u00fdch jurisdikc\u00edch, povinnostech u\u017eivatel\u016f a z\u00e1sad\u00e1ch integrity na SpinBetter.","breadcrumb":{"@id":"https:\/\/spinbetter.cash\/cz\/general-terms\/#breadcrumb"},"inLanguage":"cs","potentialAction":[{"@type":"ReadAction","target":["https:\/\/spinbetter.cash\/cz\/general-terms\/"]}]},{"@type":"BreadcrumbList","@id":"https:\/\/spinbetter.cash\/cz\/general-terms\/#breadcrumb","itemListElement":[{"@type":"ListItem","position":1,"name":"Home","item":"https:\/\/spinbetter.cash\/cz\/"},{"@type":"ListItem","position":2,"name":"V\u0161eobecn\u00e9 podm\u00ednky"}]},{"@type":"WebSite","@id":"https:\/\/spinbetter.cash\/cz\/#website","url":"https:\/\/spinbetter.cash\/cz\/","name":"Spinbetter Football CZ","description":"My WordPress Blog","potentialAction":[{"@type":"SearchAction","target":{"@type":"EntryPoint","urlTemplate":"https:\/\/spinbetter.cash\/cz\/?s={search_term_string}"},"query-input":{"@type":"PropertyValueSpecification","valueRequired":true,"valueName":"search_term_string"}}],"inLanguage":"cs"}]}},"_links":{"self":[{"href":"https:\/\/spinbetter.cash\/cz\/wp-json\/wp\/v2\/pages\/692","targetHints":{"allow":["GET"]}}],"collection":[{"href":"https:\/\/spinbetter.cash\/cz\/wp-json\/wp\/v2\/pages"}],"about":[{"href":"https:\/\/spinbetter.cash\/cz\/wp-json\/wp\/v2\/types\/page"}],"author":[{"embeddable":true,"href":"https:\/\/spinbetter.cash\/cz\/wp-json\/wp\/v2\/users\/1"}],"replies":[{"embeddable":true,"href":"https:\/\/spinbetter.cash\/cz\/wp-json\/wp\/v2\/comments?post=692"}],"version-history":[{"count":2,"href":"https:\/\/spinbetter.cash\/cz\/wp-json\/wp\/v2\/pages\/692\/revisions"}],"predecessor-version":[{"id":706,"href":"https:\/\/spinbetter.cash\/cz\/wp-json\/wp\/v2\/pages\/692\/revisions\/706"}],"wp:attachment":[{"href":"https:\/\/spinbetter.cash\/cz\/wp-json\/wp\/v2\/media?parent=692"}],"curies":[{"name":"wp","href":"https:\/\/api.w.org\/{rel}","templated":true}]}}