{"id":690,"date":"2025-12-09T14:33:08","date_gmt":"2025-12-09T14:33:08","guid":{"rendered":"https:\/\/spinbetter.cash\/cz\/?page_id=690"},"modified":"2025-12-10T13:48:14","modified_gmt":"2025-12-10T13:48:14","slug":"about-us","status":"publish","type":"page","link":"https:\/\/spinbetter.cash\/cz\/about-us\/","title":{"rendered":"O n\u00e1s"},"content":{"rendered":"","protected":false},"excerpt":{"rendered":"","protected":false},"author":1,"featured_media":0,"parent":0,"menu_order":0,"comment_status":"closed","ping_status":"closed","template":"","meta":{"_acf_changed":false,"footnotes":""},"class_list":["post-690","page","type-page","status-publish","hentry"],"acf":[],"yoast_head":"<!-- This site is optimized with the Yoast SEO plugin v27.3 - https:\/\/yoast.com\/product\/yoast-seo-wordpress\/ -->\n<title>O SpinBetter Informa\u010dn\u00ed P\u0159ehled<\/title>\n<meta name=\"description\" content=\"Z\u00edskejte informa\u010dn\u00ed p\u0159ehled o SpinBetter v\u010detn\u011b funkc\u00ed s\u00e1zen\u00ed, sportovn\u00ed nab\u00eddky, \u017eiv\u00fdch mo\u017enost\u00ed, platebn\u00edch informac\u00ed a z\u00e1kaznick\u00e9 podpory.\" \/>\n<meta name=\"robots\" content=\"index, follow, max-snippet:-1, max-image-preview:large, max-video-preview:-1\" \/>\n<meta property=\"og:locale\" content=\"cs_CZ\" \/>\n<meta property=\"og:type\" content=\"article\" \/>\n<meta property=\"og:title\" content=\"O SpinBetter Informa\u010dn\u00ed P\u0159ehled\" \/>\n<meta property=\"og:description\" content=\"Z\u00edskejte informa\u010dn\u00ed p\u0159ehled o SpinBetter v\u010detn\u011b funkc\u00ed s\u00e1zen\u00ed, sportovn\u00ed nab\u00eddky, \u017eiv\u00fdch mo\u017enost\u00ed, platebn\u00edch informac\u00ed a z\u00e1kaznick\u00e9 podpory.\" \/>\n<meta property=\"og:url\" content=\"https:\/\/spinbetter.cash\/cz\/about-us\/\" \/>\n<meta property=\"og:site_name\" content=\"Spinbetter Football CZ\" \/>\n<meta property=\"article:modified_time\" content=\"2025-12-10T13:48:14+00:00\" \/>\n<meta name=\"twitter:card\" content=\"summary_large_image\" \/>\n<script type=\"application\/ld+json\" class=\"yoast-schema-graph\">{\"@context\":\"https:\\\/\\\/schema.org\",\"@graph\":[{\"@type\":\"WebPage\",\"@id\":\"https:\\\/\\\/spinbetter.cash\\\/cz\\\/about-us\\\/\",\"url\":\"https:\\\/\\\/spinbetter.cash\\\/cz\\\/about-us\\\/\",\"name\":\"O SpinBetter Informa\u010dn\u00ed P\u0159ehled\",\"isPartOf\":{\"@id\":\"https:\\\/\\\/spinbetter.cash\\\/cz\\\/#website\"},\"datePublished\":\"2025-12-09T14:33:08+00:00\",\"dateModified\":\"2025-12-10T13:48:14+00:00\",\"description\":\"Z\u00edskejte informa\u010dn\u00ed p\u0159ehled o SpinBetter v\u010detn\u011b funkc\u00ed s\u00e1zen\u00ed, sportovn\u00ed nab\u00eddky, \u017eiv\u00fdch mo\u017enost\u00ed, platebn\u00edch informac\u00ed a z\u00e1kaznick\u00e9 podpory.\",\"breadcrumb\":{\"@id\":\"https:\\\/\\\/spinbetter.cash\\\/cz\\\/about-us\\\/#breadcrumb\"},\"inLanguage\":\"cs\",\"potentialAction\":[{\"@type\":\"ReadAction\",\"target\":[\"https:\\\/\\\/spinbetter.cash\\\/cz\\\/about-us\\\/\"]}]},{\"@type\":\"BreadcrumbList\",\"@id\":\"https:\\\/\\\/spinbetter.cash\\\/cz\\\/about-us\\\/#breadcrumb\",\"itemListElement\":[{\"@type\":\"ListItem\",\"position\":1,\"name\":\"Home\",\"item\":\"https:\\\/\\\/spinbetter.cash\\\/cz\\\/\"},{\"@type\":\"ListItem\",\"position\":2,\"name\":\"O n\u00e1s\"}]},{\"@type\":\"WebSite\",\"@id\":\"https:\\\/\\\/spinbetter.cash\\\/cz\\\/#website\",\"url\":\"https:\\\/\\\/spinbetter.cash\\\/cz\\\/\",\"name\":\"Spinbetter Football CZ\",\"description\":\"My WordPress Blog\",\"potentialAction\":[{\"@type\":\"SearchAction\",\"target\":{\"@type\":\"EntryPoint\",\"urlTemplate\":\"https:\\\/\\\/spinbetter.cash\\\/cz\\\/?s={search_term_string}\"},\"query-input\":{\"@type\":\"PropertyValueSpecification\",\"valueRequired\":true,\"valueName\":\"search_term_string\"}}],\"inLanguage\":\"cs\"}]}<\/script>\n<!-- \/ Yoast SEO plugin. -->","yoast_head_json":{"title":"O SpinBetter Informa\u010dn\u00ed P\u0159ehled","description":"Z\u00edskejte informa\u010dn\u00ed p\u0159ehled o SpinBetter v\u010detn\u011b funkc\u00ed s\u00e1zen\u00ed, sportovn\u00ed nab\u00eddky, \u017eiv\u00fdch mo\u017enost\u00ed, platebn\u00edch informac\u00ed a z\u00e1kaznick\u00e9 podpory.","robots":{"index":"index","follow":"follow","max-snippet":"max-snippet:-1","max-image-preview":"max-image-preview:large","max-video-preview":"max-video-preview:-1"},"og_locale":"cs_CZ","og_type":"article","og_title":"O SpinBetter Informa\u010dn\u00ed P\u0159ehled","og_description":"Z\u00edskejte informa\u010dn\u00ed p\u0159ehled o SpinBetter v\u010detn\u011b funkc\u00ed s\u00e1zen\u00ed, sportovn\u00ed nab\u00eddky, \u017eiv\u00fdch mo\u017enost\u00ed, platebn\u00edch informac\u00ed a z\u00e1kaznick\u00e9 podpory.","og_url":"https:\/\/spinbetter.cash\/cz\/about-us\/","og_site_name":"Spinbetter Football CZ","article_modified_time":"2025-12-10T13:48:14+00:00","twitter_card":"summary_large_image","schema":{"@context":"https:\/\/schema.org","@graph":[{"@type":"WebPage","@id":"https:\/\/spinbetter.cash\/cz\/about-us\/","url":"https:\/\/spinbetter.cash\/cz\/about-us\/","name":"O SpinBetter Informa\u010dn\u00ed P\u0159ehled","isPartOf":{"@id":"https:\/\/spinbetter.cash\/cz\/#website"},"datePublished":"2025-12-09T14:33:08+00:00","dateModified":"2025-12-10T13:48:14+00:00","description":"Z\u00edskejte informa\u010dn\u00ed p\u0159ehled o SpinBetter v\u010detn\u011b funkc\u00ed s\u00e1zen\u00ed, sportovn\u00ed nab\u00eddky, \u017eiv\u00fdch mo\u017enost\u00ed, platebn\u00edch informac\u00ed a z\u00e1kaznick\u00e9 podpory.","breadcrumb":{"@id":"https:\/\/spinbetter.cash\/cz\/about-us\/#breadcrumb"},"inLanguage":"cs","potentialAction":[{"@type":"ReadAction","target":["https:\/\/spinbetter.cash\/cz\/about-us\/"]}]},{"@type":"BreadcrumbList","@id":"https:\/\/spinbetter.cash\/cz\/about-us\/#breadcrumb","itemListElement":[{"@type":"ListItem","position":1,"name":"Home","item":"https:\/\/spinbetter.cash\/cz\/"},{"@type":"ListItem","position":2,"name":"O n\u00e1s"}]},{"@type":"WebSite","@id":"https:\/\/spinbetter.cash\/cz\/#website","url":"https:\/\/spinbetter.cash\/cz\/","name":"Spinbetter Football CZ","description":"My WordPress Blog","potentialAction":[{"@type":"SearchAction","target":{"@type":"EntryPoint","urlTemplate":"https:\/\/spinbetter.cash\/cz\/?s={search_term_string}"},"query-input":{"@type":"PropertyValueSpecification","valueRequired":true,"valueName":"search_term_string"}}],"inLanguage":"cs"}]}},"_links":{"self":[{"href":"https:\/\/spinbetter.cash\/cz\/wp-json\/wp\/v2\/pages\/690","targetHints":{"allow":["GET"]}}],"collection":[{"href":"https:\/\/spinbetter.cash\/cz\/wp-json\/wp\/v2\/pages"}],"about":[{"href":"https:\/\/spinbetter.cash\/cz\/wp-json\/wp\/v2\/types\/page"}],"author":[{"embeddable":true,"href":"https:\/\/spinbetter.cash\/cz\/wp-json\/wp\/v2\/users\/1"}],"replies":[{"embeddable":true,"href":"https:\/\/spinbetter.cash\/cz\/wp-json\/wp\/v2\/comments?post=690"}],"version-history":[{"count":2,"href":"https:\/\/spinbetter.cash\/cz\/wp-json\/wp\/v2\/pages\/690\/revisions"}],"predecessor-version":[{"id":703,"href":"https:\/\/spinbetter.cash\/cz\/wp-json\/wp\/v2\/pages\/690\/revisions\/703"}],"wp:attachment":[{"href":"https:\/\/spinbetter.cash\/cz\/wp-json\/wp\/v2\/media?parent=690"}],"curies":[{"name":"wp","href":"https:\/\/api.w.org\/{rel}","templated":true}]}}