{"id":630,"date":"2025-07-31T10:46:14","date_gmt":"2025-07-31T10:46:14","guid":{"rendered":"https:\/\/spinbetter.cash\/cz\/?page_id=630"},"modified":"2025-07-31T10:46:30","modified_gmt":"2025-07-31T10:46:30","slug":"20-cashback","status":"publish","type":"page","link":"https:\/\/spinbetter.cash\/cz\/bonus\/20-cashback\/","title":{"rendered":"A\u017e 20% cashback"},"content":{"rendered":"","protected":false},"excerpt":{"rendered":"","protected":false},"author":1,"featured_media":0,"parent":152,"menu_order":0,"comment_status":"closed","ping_status":"closed","template":"","meta":{"_acf_changed":false,"footnotes":""},"class_list":["post-630","page","type-page","status-publish","hentry"],"acf":[],"yoast_head":"<!-- This site is optimized with the Yoast SEO plugin v27.3 - https:\/\/yoast.com\/product\/yoast-seo-wordpress\/ -->\n<title>Fotbalov\u00fd cashback od SpinBetter \u1405 t\u00fddn\u011b a\u017e 20 % ze s\u00e1zek<\/title>\n<meta name=\"description\" content=\"S\u00e1zejte na fotbal na SpinBetter a z\u00edskejte zp\u011bt a\u017e 20 % sv\u00fdch proher. T\u00fddenn\u00ed cashback a\u017e do v\u00fd\u0161e 500 \u20ac na v\u00e1\u0161 bonusov\u00fd \u00fa\u010det \u2013 zapojte se od 4.08. do 5.10.!\" \/>\n<meta name=\"robots\" content=\"index, follow, max-snippet:-1, max-image-preview:large, max-video-preview:-1\" \/>\n<meta property=\"og:locale\" content=\"cs_CZ\" \/>\n<meta property=\"og:type\" content=\"article\" \/>\n<meta property=\"og:title\" content=\"Fotbalov\u00fd cashback od SpinBetter \u1405 t\u00fddn\u011b a\u017e 20 % ze s\u00e1zek\" \/>\n<meta property=\"og:description\" content=\"S\u00e1zejte na fotbal na SpinBetter a z\u00edskejte zp\u011bt a\u017e 20 % sv\u00fdch proher. T\u00fddenn\u00ed cashback a\u017e do v\u00fd\u0161e 500 \u20ac na v\u00e1\u0161 bonusov\u00fd \u00fa\u010det \u2013 zapojte se od 4.08. do 5.10.!\" \/>\n<meta property=\"og:url\" content=\"https:\/\/spinbetter.cash\/cz\/bonus\/20-cashback\/\" \/>\n<meta property=\"og:site_name\" content=\"Spinbetter Football CZ\" \/>\n<meta property=\"article:modified_time\" content=\"2025-07-31T10:46:30+00:00\" \/>\n<meta name=\"twitter:card\" content=\"summary_large_image\" \/>\n<script type=\"application\/ld+json\" class=\"yoast-schema-graph\">{\"@context\":\"https:\\\/\\\/schema.org\",\"@graph\":[{\"@type\":\"WebPage\",\"@id\":\"https:\\\/\\\/spinbetter.cash\\\/cz\\\/bonus\\\/20-cashback\\\/\",\"url\":\"https:\\\/\\\/spinbetter.cash\\\/cz\\\/bonus\\\/20-cashback\\\/\",\"name\":\"Fotbalov\u00fd cashback od SpinBetter \u1405 t\u00fddn\u011b a\u017e 20 % ze s\u00e1zek\",\"isPartOf\":{\"@id\":\"https:\\\/\\\/spinbetter.cash\\\/cz\\\/#website\"},\"datePublished\":\"2025-07-31T10:46:14+00:00\",\"dateModified\":\"2025-07-31T10:46:30+00:00\",\"description\":\"S\u00e1zejte na fotbal na SpinBetter a z\u00edskejte zp\u011bt a\u017e 20 % sv\u00fdch proher. T\u00fddenn\u00ed cashback a\u017e do v\u00fd\u0161e 500 \u20ac na v\u00e1\u0161 bonusov\u00fd \u00fa\u010det \u2013 zapojte se od 4.08. do 5.10.!\",\"breadcrumb\":{\"@id\":\"https:\\\/\\\/spinbetter.cash\\\/cz\\\/bonus\\\/20-cashback\\\/#breadcrumb\"},\"inLanguage\":\"cs\",\"potentialAction\":[{\"@type\":\"ReadAction\",\"target\":[\"https:\\\/\\\/spinbetter.cash\\\/cz\\\/bonus\\\/20-cashback\\\/\"]}]},{\"@type\":\"BreadcrumbList\",\"@id\":\"https:\\\/\\\/spinbetter.cash\\\/cz\\\/bonus\\\/20-cashback\\\/#breadcrumb\",\"itemListElement\":[{\"@type\":\"ListItem\",\"position\":1,\"name\":\"Home\",\"item\":\"https:\\\/\\\/spinbetter.cash\\\/cz\\\/\"},{\"@type\":\"ListItem\",\"position\":2,\"name\":\"Bonus\",\"item\":\"https:\\\/\\\/spinbetter.cash\\\/cz\\\/bonus\\\/\"},{\"@type\":\"ListItem\",\"position\":3,\"name\":\"A\u017e 20% cashback\"}]},{\"@type\":\"WebSite\",\"@id\":\"https:\\\/\\\/spinbetter.cash\\\/cz\\\/#website\",\"url\":\"https:\\\/\\\/spinbetter.cash\\\/cz\\\/\",\"name\":\"Spinbetter Football CZ\",\"description\":\"My WordPress Blog\",\"potentialAction\":[{\"@type\":\"SearchAction\",\"target\":{\"@type\":\"EntryPoint\",\"urlTemplate\":\"https:\\\/\\\/spinbetter.cash\\\/cz\\\/?s={search_term_string}\"},\"query-input\":{\"@type\":\"PropertyValueSpecification\",\"valueRequired\":true,\"valueName\":\"search_term_string\"}}],\"inLanguage\":\"cs\"}]}<\/script>\n<!-- \/ Yoast SEO plugin. -->","yoast_head_json":{"title":"Fotbalov\u00fd cashback od SpinBetter \u1405 t\u00fddn\u011b a\u017e 20 % ze s\u00e1zek","description":"S\u00e1zejte na fotbal na SpinBetter a z\u00edskejte zp\u011bt a\u017e 20 % sv\u00fdch proher. T\u00fddenn\u00ed cashback a\u017e do v\u00fd\u0161e 500 \u20ac na v\u00e1\u0161 bonusov\u00fd \u00fa\u010det \u2013 zapojte se od 4.08. do 5.10.!","robots":{"index":"index","follow":"follow","max-snippet":"max-snippet:-1","max-image-preview":"max-image-preview:large","max-video-preview":"max-video-preview:-1"},"og_locale":"cs_CZ","og_type":"article","og_title":"Fotbalov\u00fd cashback od SpinBetter \u1405 t\u00fddn\u011b a\u017e 20 % ze s\u00e1zek","og_description":"S\u00e1zejte na fotbal na SpinBetter a z\u00edskejte zp\u011bt a\u017e 20 % sv\u00fdch proher. T\u00fddenn\u00ed cashback a\u017e do v\u00fd\u0161e 500 \u20ac na v\u00e1\u0161 bonusov\u00fd \u00fa\u010det \u2013 zapojte se od 4.08. do 5.10.!","og_url":"https:\/\/spinbetter.cash\/cz\/bonus\/20-cashback\/","og_site_name":"Spinbetter Football CZ","article_modified_time":"2025-07-31T10:46:30+00:00","twitter_card":"summary_large_image","schema":{"@context":"https:\/\/schema.org","@graph":[{"@type":"WebPage","@id":"https:\/\/spinbetter.cash\/cz\/bonus\/20-cashback\/","url":"https:\/\/spinbetter.cash\/cz\/bonus\/20-cashback\/","name":"Fotbalov\u00fd cashback od SpinBetter \u1405 t\u00fddn\u011b a\u017e 20 % ze s\u00e1zek","isPartOf":{"@id":"https:\/\/spinbetter.cash\/cz\/#website"},"datePublished":"2025-07-31T10:46:14+00:00","dateModified":"2025-07-31T10:46:30+00:00","description":"S\u00e1zejte na fotbal na SpinBetter a z\u00edskejte zp\u011bt a\u017e 20 % sv\u00fdch proher. T\u00fddenn\u00ed cashback a\u017e do v\u00fd\u0161e 500 \u20ac na v\u00e1\u0161 bonusov\u00fd \u00fa\u010det \u2013 zapojte se od 4.08. do 5.10.!","breadcrumb":{"@id":"https:\/\/spinbetter.cash\/cz\/bonus\/20-cashback\/#breadcrumb"},"inLanguage":"cs","potentialAction":[{"@type":"ReadAction","target":["https:\/\/spinbetter.cash\/cz\/bonus\/20-cashback\/"]}]},{"@type":"BreadcrumbList","@id":"https:\/\/spinbetter.cash\/cz\/bonus\/20-cashback\/#breadcrumb","itemListElement":[{"@type":"ListItem","position":1,"name":"Home","item":"https:\/\/spinbetter.cash\/cz\/"},{"@type":"ListItem","position":2,"name":"Bonus","item":"https:\/\/spinbetter.cash\/cz\/bonus\/"},{"@type":"ListItem","position":3,"name":"A\u017e 20% cashback"}]},{"@type":"WebSite","@id":"https:\/\/spinbetter.cash\/cz\/#website","url":"https:\/\/spinbetter.cash\/cz\/","name":"Spinbetter Football CZ","description":"My WordPress Blog","potentialAction":[{"@type":"SearchAction","target":{"@type":"EntryPoint","urlTemplate":"https:\/\/spinbetter.cash\/cz\/?s={search_term_string}"},"query-input":{"@type":"PropertyValueSpecification","valueRequired":true,"valueName":"search_term_string"}}],"inLanguage":"cs"}]}},"_links":{"self":[{"href":"https:\/\/spinbetter.cash\/cz\/wp-json\/wp\/v2\/pages\/630","targetHints":{"allow":["GET"]}}],"collection":[{"href":"https:\/\/spinbetter.cash\/cz\/wp-json\/wp\/v2\/pages"}],"about":[{"href":"https:\/\/spinbetter.cash\/cz\/wp-json\/wp\/v2\/types\/page"}],"author":[{"embeddable":true,"href":"https:\/\/spinbetter.cash\/cz\/wp-json\/wp\/v2\/users\/1"}],"replies":[{"embeddable":true,"href":"https:\/\/spinbetter.cash\/cz\/wp-json\/wp\/v2\/comments?post=630"}],"version-history":[{"count":1,"href":"https:\/\/spinbetter.cash\/cz\/wp-json\/wp\/v2\/pages\/630\/revisions"}],"predecessor-version":[{"id":631,"href":"https:\/\/spinbetter.cash\/cz\/wp-json\/wp\/v2\/pages\/630\/revisions\/631"}],"up":[{"embeddable":true,"href":"https:\/\/spinbetter.cash\/cz\/wp-json\/wp\/v2\/pages\/152"}],"wp:attachment":[{"href":"https:\/\/spinbetter.cash\/cz\/wp-json\/wp\/v2\/media?parent=630"}],"curies":[{"name":"wp","href":"https:\/\/api.w.org\/{rel}","templated":true}]}}