{"id":595,"date":"2025-05-21T06:33:48","date_gmt":"2025-05-21T06:33:48","guid":{"rendered":"https:\/\/spinbetter.cash\/cz\/?page_id=595"},"modified":"2025-06-11T07:34:32","modified_gmt":"2025-06-11T07:34:32","slug":"100-free-spins","status":"publish","type":"page","link":"https:\/\/spinbetter.cash\/cz\/bonus\/100-free-spins\/","title":{"rendered":"Grab 100 FS &#8211; Instantly!"},"content":{"rendered":"","protected":false},"excerpt":{"rendered":"","protected":false},"author":1,"featured_media":0,"parent":152,"menu_order":0,"comment_status":"closed","ping_status":"closed","template":"","meta":{"_acf_changed":false,"footnotes":""},"class_list":["post-595","page","type-page","status-publish","hentry"],"acf":[],"yoast_head":"<!-- This site is optimized with the Yoast SEO plugin v27.3 - https:\/\/yoast.com\/product\/yoast-seo-wordpress\/ -->\n<title>100 FS na SpinBetter za p\u0159ihl\u00e1\u0161en\u00ed k odb\u011bru Telegramu<\/title>\n<meta name=\"description\" content=\"P\u0159ipojte se ke SpinBetter, z\u00edskejte rozto\u010den\u00ed zdarma a odemkn\u011bte si p\u0159\u00edstup k exkluzivn\u00edm bonus\u016fm. Va\u0161e hra za\u010d\u00edn\u00e1 hned te\u010f!\" \/>\n<meta name=\"robots\" content=\"index, follow, max-snippet:-1, max-image-preview:large, max-video-preview:-1\" \/>\n<meta property=\"og:locale\" content=\"cs_CZ\" \/>\n<meta property=\"og:type\" content=\"article\" \/>\n<meta property=\"og:title\" content=\"100 FS na SpinBetter za p\u0159ihl\u00e1\u0161en\u00ed k odb\u011bru Telegramu\" \/>\n<meta property=\"og:description\" content=\"P\u0159ipojte se ke SpinBetter, z\u00edskejte rozto\u010den\u00ed zdarma a odemkn\u011bte si p\u0159\u00edstup k exkluzivn\u00edm bonus\u016fm. Va\u0161e hra za\u010d\u00edn\u00e1 hned te\u010f!\" \/>\n<meta property=\"og:url\" content=\"https:\/\/spinbetter.cash\/cz\/bonus\/100-free-spins\/\" \/>\n<meta property=\"og:site_name\" content=\"Spinbetter Football CZ\" \/>\n<meta property=\"article:modified_time\" content=\"2025-06-11T07:34:32+00:00\" \/>\n<meta name=\"twitter:card\" content=\"summary_large_image\" \/>\n<script type=\"application\/ld+json\" class=\"yoast-schema-graph\">{\"@context\":\"https:\\\/\\\/schema.org\",\"@graph\":[{\"@type\":\"WebPage\",\"@id\":\"https:\\\/\\\/spinbetter.cash\\\/cz\\\/bonus\\\/100-free-spins\\\/\",\"url\":\"https:\\\/\\\/spinbetter.cash\\\/cz\\\/bonus\\\/100-free-spins\\\/\",\"name\":\"100 FS na SpinBetter za p\u0159ihl\u00e1\u0161en\u00ed k odb\u011bru Telegramu\",\"isPartOf\":{\"@id\":\"https:\\\/\\\/spinbetter.cash\\\/cz\\\/#website\"},\"datePublished\":\"2025-05-21T06:33:48+00:00\",\"dateModified\":\"2025-06-11T07:34:32+00:00\",\"description\":\"P\u0159ipojte se ke SpinBetter, z\u00edskejte rozto\u010den\u00ed zdarma a odemkn\u011bte si p\u0159\u00edstup k exkluzivn\u00edm bonus\u016fm. Va\u0161e hra za\u010d\u00edn\u00e1 hned te\u010f!\",\"breadcrumb\":{\"@id\":\"https:\\\/\\\/spinbetter.cash\\\/cz\\\/bonus\\\/100-free-spins\\\/#breadcrumb\"},\"inLanguage\":\"cs\",\"potentialAction\":[{\"@type\":\"ReadAction\",\"target\":[\"https:\\\/\\\/spinbetter.cash\\\/cz\\\/bonus\\\/100-free-spins\\\/\"]}]},{\"@type\":\"BreadcrumbList\",\"@id\":\"https:\\\/\\\/spinbetter.cash\\\/cz\\\/bonus\\\/100-free-spins\\\/#breadcrumb\",\"itemListElement\":[{\"@type\":\"ListItem\",\"position\":1,\"name\":\"Home\",\"item\":\"https:\\\/\\\/spinbetter.cash\\\/cz\\\/\"},{\"@type\":\"ListItem\",\"position\":2,\"name\":\"Bonus\",\"item\":\"https:\\\/\\\/spinbetter.cash\\\/cz\\\/bonus\\\/\"},{\"@type\":\"ListItem\",\"position\":3,\"name\":\"Grab 100 FS &#8211; Instantly!\"}]},{\"@type\":\"WebSite\",\"@id\":\"https:\\\/\\\/spinbetter.cash\\\/cz\\\/#website\",\"url\":\"https:\\\/\\\/spinbetter.cash\\\/cz\\\/\",\"name\":\"Spinbetter Football CZ\",\"description\":\"My WordPress Blog\",\"potentialAction\":[{\"@type\":\"SearchAction\",\"target\":{\"@type\":\"EntryPoint\",\"urlTemplate\":\"https:\\\/\\\/spinbetter.cash\\\/cz\\\/?s={search_term_string}\"},\"query-input\":{\"@type\":\"PropertyValueSpecification\",\"valueRequired\":true,\"valueName\":\"search_term_string\"}}],\"inLanguage\":\"cs\"}]}<\/script>\n<!-- \/ Yoast SEO plugin. -->","yoast_head_json":{"title":"100 FS na SpinBetter za p\u0159ihl\u00e1\u0161en\u00ed k odb\u011bru Telegramu","description":"P\u0159ipojte se ke SpinBetter, z\u00edskejte rozto\u010den\u00ed zdarma a odemkn\u011bte si p\u0159\u00edstup k exkluzivn\u00edm bonus\u016fm. Va\u0161e hra za\u010d\u00edn\u00e1 hned te\u010f!","robots":{"index":"index","follow":"follow","max-snippet":"max-snippet:-1","max-image-preview":"max-image-preview:large","max-video-preview":"max-video-preview:-1"},"og_locale":"cs_CZ","og_type":"article","og_title":"100 FS na SpinBetter za p\u0159ihl\u00e1\u0161en\u00ed k odb\u011bru Telegramu","og_description":"P\u0159ipojte se ke SpinBetter, z\u00edskejte rozto\u010den\u00ed zdarma a odemkn\u011bte si p\u0159\u00edstup k exkluzivn\u00edm bonus\u016fm. Va\u0161e hra za\u010d\u00edn\u00e1 hned te\u010f!","og_url":"https:\/\/spinbetter.cash\/cz\/bonus\/100-free-spins\/","og_site_name":"Spinbetter Football CZ","article_modified_time":"2025-06-11T07:34:32+00:00","twitter_card":"summary_large_image","schema":{"@context":"https:\/\/schema.org","@graph":[{"@type":"WebPage","@id":"https:\/\/spinbetter.cash\/cz\/bonus\/100-free-spins\/","url":"https:\/\/spinbetter.cash\/cz\/bonus\/100-free-spins\/","name":"100 FS na SpinBetter za p\u0159ihl\u00e1\u0161en\u00ed k odb\u011bru Telegramu","isPartOf":{"@id":"https:\/\/spinbetter.cash\/cz\/#website"},"datePublished":"2025-05-21T06:33:48+00:00","dateModified":"2025-06-11T07:34:32+00:00","description":"P\u0159ipojte se ke SpinBetter, z\u00edskejte rozto\u010den\u00ed zdarma a odemkn\u011bte si p\u0159\u00edstup k exkluzivn\u00edm bonus\u016fm. Va\u0161e hra za\u010d\u00edn\u00e1 hned te\u010f!","breadcrumb":{"@id":"https:\/\/spinbetter.cash\/cz\/bonus\/100-free-spins\/#breadcrumb"},"inLanguage":"cs","potentialAction":[{"@type":"ReadAction","target":["https:\/\/spinbetter.cash\/cz\/bonus\/100-free-spins\/"]}]},{"@type":"BreadcrumbList","@id":"https:\/\/spinbetter.cash\/cz\/bonus\/100-free-spins\/#breadcrumb","itemListElement":[{"@type":"ListItem","position":1,"name":"Home","item":"https:\/\/spinbetter.cash\/cz\/"},{"@type":"ListItem","position":2,"name":"Bonus","item":"https:\/\/spinbetter.cash\/cz\/bonus\/"},{"@type":"ListItem","position":3,"name":"Grab 100 FS &#8211; Instantly!"}]},{"@type":"WebSite","@id":"https:\/\/spinbetter.cash\/cz\/#website","url":"https:\/\/spinbetter.cash\/cz\/","name":"Spinbetter Football CZ","description":"My WordPress Blog","potentialAction":[{"@type":"SearchAction","target":{"@type":"EntryPoint","urlTemplate":"https:\/\/spinbetter.cash\/cz\/?s={search_term_string}"},"query-input":{"@type":"PropertyValueSpecification","valueRequired":true,"valueName":"search_term_string"}}],"inLanguage":"cs"}]}},"_links":{"self":[{"href":"https:\/\/spinbetter.cash\/cz\/wp-json\/wp\/v2\/pages\/595","targetHints":{"allow":["GET"]}}],"collection":[{"href":"https:\/\/spinbetter.cash\/cz\/wp-json\/wp\/v2\/pages"}],"about":[{"href":"https:\/\/spinbetter.cash\/cz\/wp-json\/wp\/v2\/types\/page"}],"author":[{"embeddable":true,"href":"https:\/\/spinbetter.cash\/cz\/wp-json\/wp\/v2\/users\/1"}],"replies":[{"embeddable":true,"href":"https:\/\/spinbetter.cash\/cz\/wp-json\/wp\/v2\/comments?post=595"}],"version-history":[{"count":2,"href":"https:\/\/spinbetter.cash\/cz\/wp-json\/wp\/v2\/pages\/595\/revisions"}],"predecessor-version":[{"id":597,"href":"https:\/\/spinbetter.cash\/cz\/wp-json\/wp\/v2\/pages\/595\/revisions\/597"}],"up":[{"embeddable":true,"href":"https:\/\/spinbetter.cash\/cz\/wp-json\/wp\/v2\/pages\/152"}],"wp:attachment":[{"href":"https:\/\/spinbetter.cash\/cz\/wp-json\/wp\/v2\/media?parent=595"}],"curies":[{"name":"wp","href":"https:\/\/api.w.org\/{rel}","templated":true}]}}