{"id":587,"date":"2025-05-21T06:21:45","date_gmt":"2025-05-21T06:21:45","guid":{"rendered":"https:\/\/spinbetter.cash\/cz\/?page_id=587"},"modified":"2025-06-11T07:36:14","modified_gmt":"2025-06-11T07:36:14","slug":"spinbetter-welcome","status":"publish","type":"page","link":"https:\/\/spinbetter.cash\/cz\/bonus\/spinbetter-welcome\/","title":{"rendered":"SpinBetter v\u00edtejte"},"content":{"rendered":"","protected":false},"excerpt":{"rendered":"","protected":false},"author":1,"featured_media":0,"parent":152,"menu_order":0,"comment_status":"closed","ping_status":"closed","template":"","meta":{"_acf_changed":false,"footnotes":""},"class_list":["post-587","page","type-page","status-publish","hentry"],"acf":[],"yoast_head":"<!-- This site is optimized with the Yoast SEO plugin v27.3 - https:\/\/yoast.com\/product\/yoast-seo-wordpress\/ -->\n<title>Uv\u00edtac\u00ed bonus SpinBetter &gt; Z\u00edskejte 1500 \u20ac + 150 rozto\u010den\u00ed zdarma<\/title>\n<meta name=\"description\" content=\"Toto nen\u00ed jen bonus, ale va\u0161e vstupenka do sv\u011bta vzru\u0161uj\u00edc\u00edch her. Nenechte si uj\u00edt svou \u0161anci \u2013 za\u010dn\u011bte vyhr\u00e1vat je\u0161t\u011b dnes!\" \/>\n<meta name=\"robots\" content=\"index, follow, max-snippet:-1, max-image-preview:large, max-video-preview:-1\" \/>\n<meta property=\"og:locale\" content=\"cs_CZ\" \/>\n<meta property=\"og:type\" content=\"article\" \/>\n<meta property=\"og:title\" content=\"Uv\u00edtac\u00ed bonus SpinBetter &gt; Z\u00edskejte 1500 \u20ac + 150 rozto\u010den\u00ed zdarma\" \/>\n<meta property=\"og:description\" content=\"Toto nen\u00ed jen bonus, ale va\u0161e vstupenka do sv\u011bta vzru\u0161uj\u00edc\u00edch her. Nenechte si uj\u00edt svou \u0161anci \u2013 za\u010dn\u011bte vyhr\u00e1vat je\u0161t\u011b dnes!\" \/>\n<meta property=\"og:url\" content=\"https:\/\/spinbetter.cash\/cz\/bonus\/spinbetter-welcome\/\" \/>\n<meta property=\"og:site_name\" content=\"Spinbetter Football CZ\" \/>\n<meta property=\"article:modified_time\" content=\"2025-06-11T07:36:14+00:00\" \/>\n<meta name=\"twitter:card\" content=\"summary_large_image\" \/>\n<script type=\"application\/ld+json\" class=\"yoast-schema-graph\">{\"@context\":\"https:\\\/\\\/schema.org\",\"@graph\":[{\"@type\":\"WebPage\",\"@id\":\"https:\\\/\\\/spinbetter.cash\\\/cz\\\/bonus\\\/spinbetter-welcome\\\/\",\"url\":\"https:\\\/\\\/spinbetter.cash\\\/cz\\\/bonus\\\/spinbetter-welcome\\\/\",\"name\":\"Uv\u00edtac\u00ed bonus SpinBetter > Z\u00edskejte 1500 \u20ac + 150 rozto\u010den\u00ed zdarma\",\"isPartOf\":{\"@id\":\"https:\\\/\\\/spinbetter.cash\\\/cz\\\/#website\"},\"datePublished\":\"2025-05-21T06:21:45+00:00\",\"dateModified\":\"2025-06-11T07:36:14+00:00\",\"description\":\"Toto nen\u00ed jen bonus, ale va\u0161e vstupenka do sv\u011bta vzru\u0161uj\u00edc\u00edch her. Nenechte si uj\u00edt svou \u0161anci \u2013 za\u010dn\u011bte vyhr\u00e1vat je\u0161t\u011b dnes!\",\"breadcrumb\":{\"@id\":\"https:\\\/\\\/spinbetter.cash\\\/cz\\\/bonus\\\/spinbetter-welcome\\\/#breadcrumb\"},\"inLanguage\":\"cs\",\"potentialAction\":[{\"@type\":\"ReadAction\",\"target\":[\"https:\\\/\\\/spinbetter.cash\\\/cz\\\/bonus\\\/spinbetter-welcome\\\/\"]}]},{\"@type\":\"BreadcrumbList\",\"@id\":\"https:\\\/\\\/spinbetter.cash\\\/cz\\\/bonus\\\/spinbetter-welcome\\\/#breadcrumb\",\"itemListElement\":[{\"@type\":\"ListItem\",\"position\":1,\"name\":\"Home\",\"item\":\"https:\\\/\\\/spinbetter.cash\\\/cz\\\/\"},{\"@type\":\"ListItem\",\"position\":2,\"name\":\"Bonus\",\"item\":\"https:\\\/\\\/spinbetter.cash\\\/cz\\\/bonus\\\/\"},{\"@type\":\"ListItem\",\"position\":3,\"name\":\"SpinBetter v\u00edtejte\"}]},{\"@type\":\"WebSite\",\"@id\":\"https:\\\/\\\/spinbetter.cash\\\/cz\\\/#website\",\"url\":\"https:\\\/\\\/spinbetter.cash\\\/cz\\\/\",\"name\":\"Spinbetter Football CZ\",\"description\":\"My WordPress Blog\",\"potentialAction\":[{\"@type\":\"SearchAction\",\"target\":{\"@type\":\"EntryPoint\",\"urlTemplate\":\"https:\\\/\\\/spinbetter.cash\\\/cz\\\/?s={search_term_string}\"},\"query-input\":{\"@type\":\"PropertyValueSpecification\",\"valueRequired\":true,\"valueName\":\"search_term_string\"}}],\"inLanguage\":\"cs\"}]}<\/script>\n<!-- \/ Yoast SEO plugin. -->","yoast_head_json":{"title":"Uv\u00edtac\u00ed bonus SpinBetter > Z\u00edskejte 1500 \u20ac + 150 rozto\u010den\u00ed zdarma","description":"Toto nen\u00ed jen bonus, ale va\u0161e vstupenka do sv\u011bta vzru\u0161uj\u00edc\u00edch her. Nenechte si uj\u00edt svou \u0161anci \u2013 za\u010dn\u011bte vyhr\u00e1vat je\u0161t\u011b dnes!","robots":{"index":"index","follow":"follow","max-snippet":"max-snippet:-1","max-image-preview":"max-image-preview:large","max-video-preview":"max-video-preview:-1"},"og_locale":"cs_CZ","og_type":"article","og_title":"Uv\u00edtac\u00ed bonus SpinBetter > Z\u00edskejte 1500 \u20ac + 150 rozto\u010den\u00ed zdarma","og_description":"Toto nen\u00ed jen bonus, ale va\u0161e vstupenka do sv\u011bta vzru\u0161uj\u00edc\u00edch her. Nenechte si uj\u00edt svou \u0161anci \u2013 za\u010dn\u011bte vyhr\u00e1vat je\u0161t\u011b dnes!","og_url":"https:\/\/spinbetter.cash\/cz\/bonus\/spinbetter-welcome\/","og_site_name":"Spinbetter Football CZ","article_modified_time":"2025-06-11T07:36:14+00:00","twitter_card":"summary_large_image","schema":{"@context":"https:\/\/schema.org","@graph":[{"@type":"WebPage","@id":"https:\/\/spinbetter.cash\/cz\/bonus\/spinbetter-welcome\/","url":"https:\/\/spinbetter.cash\/cz\/bonus\/spinbetter-welcome\/","name":"Uv\u00edtac\u00ed bonus SpinBetter > Z\u00edskejte 1500 \u20ac + 150 rozto\u010den\u00ed zdarma","isPartOf":{"@id":"https:\/\/spinbetter.cash\/cz\/#website"},"datePublished":"2025-05-21T06:21:45+00:00","dateModified":"2025-06-11T07:36:14+00:00","description":"Toto nen\u00ed jen bonus, ale va\u0161e vstupenka do sv\u011bta vzru\u0161uj\u00edc\u00edch her. Nenechte si uj\u00edt svou \u0161anci \u2013 za\u010dn\u011bte vyhr\u00e1vat je\u0161t\u011b dnes!","breadcrumb":{"@id":"https:\/\/spinbetter.cash\/cz\/bonus\/spinbetter-welcome\/#breadcrumb"},"inLanguage":"cs","potentialAction":[{"@type":"ReadAction","target":["https:\/\/spinbetter.cash\/cz\/bonus\/spinbetter-welcome\/"]}]},{"@type":"BreadcrumbList","@id":"https:\/\/spinbetter.cash\/cz\/bonus\/spinbetter-welcome\/#breadcrumb","itemListElement":[{"@type":"ListItem","position":1,"name":"Home","item":"https:\/\/spinbetter.cash\/cz\/"},{"@type":"ListItem","position":2,"name":"Bonus","item":"https:\/\/spinbetter.cash\/cz\/bonus\/"},{"@type":"ListItem","position":3,"name":"SpinBetter v\u00edtejte"}]},{"@type":"WebSite","@id":"https:\/\/spinbetter.cash\/cz\/#website","url":"https:\/\/spinbetter.cash\/cz\/","name":"Spinbetter Football CZ","description":"My WordPress Blog","potentialAction":[{"@type":"SearchAction","target":{"@type":"EntryPoint","urlTemplate":"https:\/\/spinbetter.cash\/cz\/?s={search_term_string}"},"query-input":{"@type":"PropertyValueSpecification","valueRequired":true,"valueName":"search_term_string"}}],"inLanguage":"cs"}]}},"_links":{"self":[{"href":"https:\/\/spinbetter.cash\/cz\/wp-json\/wp\/v2\/pages\/587","targetHints":{"allow":["GET"]}}],"collection":[{"href":"https:\/\/spinbetter.cash\/cz\/wp-json\/wp\/v2\/pages"}],"about":[{"href":"https:\/\/spinbetter.cash\/cz\/wp-json\/wp\/v2\/types\/page"}],"author":[{"embeddable":true,"href":"https:\/\/spinbetter.cash\/cz\/wp-json\/wp\/v2\/users\/1"}],"replies":[{"embeddable":true,"href":"https:\/\/spinbetter.cash\/cz\/wp-json\/wp\/v2\/comments?post=587"}],"version-history":[{"count":3,"href":"https:\/\/spinbetter.cash\/cz\/wp-json\/wp\/v2\/pages\/587\/revisions"}],"predecessor-version":[{"id":590,"href":"https:\/\/spinbetter.cash\/cz\/wp-json\/wp\/v2\/pages\/587\/revisions\/590"}],"up":[{"embeddable":true,"href":"https:\/\/spinbetter.cash\/cz\/wp-json\/wp\/v2\/pages\/152"}],"wp:attachment":[{"href":"https:\/\/spinbetter.cash\/cz\/wp-json\/wp\/v2\/media?parent=587"}],"curies":[{"name":"wp","href":"https:\/\/api.w.org\/{rel}","templated":true}]}}