{"id":583,"date":"2025-05-20T11:59:20","date_gmt":"2025-05-20T11:59:20","guid":{"rendered":"https:\/\/spinbetter.cash\/cz\/?page_id=583"},"modified":"2025-06-11T07:38:29","modified_gmt":"2025-06-11T07:38:29","slug":"bet-now-pay-later","status":"publish","type":"page","link":"https:\/\/spinbetter.cash\/cz\/bonus\/bet-now-pay-later\/","title":{"rendered":"Vsa\u010fte nyn\u00ed &#8211; pla\u0165te pozd\u011bji"},"content":{"rendered":"","protected":false},"excerpt":{"rendered":"","protected":false},"author":1,"featured_media":0,"parent":152,"menu_order":0,"comment_status":"closed","ping_status":"closed","template":"","meta":{"_acf_changed":false,"footnotes":""},"class_list":["post-583","page","type-page","status-publish","hentry"],"acf":[],"yoast_head":"<!-- This site is optimized with the Yoast SEO plugin v27.3 - https:\/\/yoast.com\/product\/yoast-seo-wordpress\/ -->\n<title>Vsa\u010fte nyn\u00ed, pla\u0165te pozd\u011bji s Advance Bet na SpinBetter!<\/title>\n<meta name=\"description\" content=\"Nenechte si u\u017e\u00edt vy\u010derpan\u00fd z\u016fstatek na \u00fa\u010dtu! S Advance Bet od SpinBetter m\u016f\u017eete s\u00e1zet, i kdy\u017e na \u00fa\u010dtu nem\u00e1te ani korunu!\" \/>\n<meta name=\"robots\" content=\"index, follow, max-snippet:-1, max-image-preview:large, max-video-preview:-1\" \/>\n<meta property=\"og:locale\" content=\"cs_CZ\" \/>\n<meta property=\"og:type\" content=\"article\" \/>\n<meta property=\"og:title\" content=\"Vsa\u010fte nyn\u00ed, pla\u0165te pozd\u011bji s Advance Bet na SpinBetter!\" \/>\n<meta property=\"og:description\" content=\"Nenechte si u\u017e\u00edt vy\u010derpan\u00fd z\u016fstatek na \u00fa\u010dtu! S Advance Bet od SpinBetter m\u016f\u017eete s\u00e1zet, i kdy\u017e na \u00fa\u010dtu nem\u00e1te ani korunu!\" \/>\n<meta property=\"og:url\" content=\"https:\/\/spinbetter.cash\/cz\/bonus\/bet-now-pay-later\/\" \/>\n<meta property=\"og:site_name\" content=\"Spinbetter Football CZ\" \/>\n<meta property=\"article:modified_time\" content=\"2025-06-11T07:38:29+00:00\" \/>\n<meta name=\"twitter:card\" content=\"summary_large_image\" \/>\n<script type=\"application\/ld+json\" class=\"yoast-schema-graph\">{\"@context\":\"https:\\\/\\\/schema.org\",\"@graph\":[{\"@type\":\"WebPage\",\"@id\":\"https:\\\/\\\/spinbetter.cash\\\/cz\\\/bonus\\\/bet-now-pay-later\\\/\",\"url\":\"https:\\\/\\\/spinbetter.cash\\\/cz\\\/bonus\\\/bet-now-pay-later\\\/\",\"name\":\"Vsa\u010fte nyn\u00ed, pla\u0165te pozd\u011bji s Advance Bet na SpinBetter!\",\"isPartOf\":{\"@id\":\"https:\\\/\\\/spinbetter.cash\\\/cz\\\/#website\"},\"datePublished\":\"2025-05-20T11:59:20+00:00\",\"dateModified\":\"2025-06-11T07:38:29+00:00\",\"description\":\"Nenechte si u\u017e\u00edt vy\u010derpan\u00fd z\u016fstatek na \u00fa\u010dtu! S Advance Bet od SpinBetter m\u016f\u017eete s\u00e1zet, i kdy\u017e na \u00fa\u010dtu nem\u00e1te ani korunu!\",\"breadcrumb\":{\"@id\":\"https:\\\/\\\/spinbetter.cash\\\/cz\\\/bonus\\\/bet-now-pay-later\\\/#breadcrumb\"},\"inLanguage\":\"cs\",\"potentialAction\":[{\"@type\":\"ReadAction\",\"target\":[\"https:\\\/\\\/spinbetter.cash\\\/cz\\\/bonus\\\/bet-now-pay-later\\\/\"]}]},{\"@type\":\"BreadcrumbList\",\"@id\":\"https:\\\/\\\/spinbetter.cash\\\/cz\\\/bonus\\\/bet-now-pay-later\\\/#breadcrumb\",\"itemListElement\":[{\"@type\":\"ListItem\",\"position\":1,\"name\":\"Home\",\"item\":\"https:\\\/\\\/spinbetter.cash\\\/cz\\\/\"},{\"@type\":\"ListItem\",\"position\":2,\"name\":\"Bonus\",\"item\":\"https:\\\/\\\/spinbetter.cash\\\/cz\\\/bonus\\\/\"},{\"@type\":\"ListItem\",\"position\":3,\"name\":\"Vsa\u010fte nyn\u00ed &#8211; pla\u0165te pozd\u011bji\"}]},{\"@type\":\"WebSite\",\"@id\":\"https:\\\/\\\/spinbetter.cash\\\/cz\\\/#website\",\"url\":\"https:\\\/\\\/spinbetter.cash\\\/cz\\\/\",\"name\":\"Spinbetter Football CZ\",\"description\":\"My WordPress Blog\",\"potentialAction\":[{\"@type\":\"SearchAction\",\"target\":{\"@type\":\"EntryPoint\",\"urlTemplate\":\"https:\\\/\\\/spinbetter.cash\\\/cz\\\/?s={search_term_string}\"},\"query-input\":{\"@type\":\"PropertyValueSpecification\",\"valueRequired\":true,\"valueName\":\"search_term_string\"}}],\"inLanguage\":\"cs\"}]}<\/script>\n<!-- \/ Yoast SEO plugin. -->","yoast_head_json":{"title":"Vsa\u010fte nyn\u00ed, pla\u0165te pozd\u011bji s Advance Bet na SpinBetter!","description":"Nenechte si u\u017e\u00edt vy\u010derpan\u00fd z\u016fstatek na \u00fa\u010dtu! S Advance Bet od SpinBetter m\u016f\u017eete s\u00e1zet, i kdy\u017e na \u00fa\u010dtu nem\u00e1te ani korunu!","robots":{"index":"index","follow":"follow","max-snippet":"max-snippet:-1","max-image-preview":"max-image-preview:large","max-video-preview":"max-video-preview:-1"},"og_locale":"cs_CZ","og_type":"article","og_title":"Vsa\u010fte nyn\u00ed, pla\u0165te pozd\u011bji s Advance Bet na SpinBetter!","og_description":"Nenechte si u\u017e\u00edt vy\u010derpan\u00fd z\u016fstatek na \u00fa\u010dtu! S Advance Bet od SpinBetter m\u016f\u017eete s\u00e1zet, i kdy\u017e na \u00fa\u010dtu nem\u00e1te ani korunu!","og_url":"https:\/\/spinbetter.cash\/cz\/bonus\/bet-now-pay-later\/","og_site_name":"Spinbetter Football CZ","article_modified_time":"2025-06-11T07:38:29+00:00","twitter_card":"summary_large_image","schema":{"@context":"https:\/\/schema.org","@graph":[{"@type":"WebPage","@id":"https:\/\/spinbetter.cash\/cz\/bonus\/bet-now-pay-later\/","url":"https:\/\/spinbetter.cash\/cz\/bonus\/bet-now-pay-later\/","name":"Vsa\u010fte nyn\u00ed, pla\u0165te pozd\u011bji s Advance Bet na SpinBetter!","isPartOf":{"@id":"https:\/\/spinbetter.cash\/cz\/#website"},"datePublished":"2025-05-20T11:59:20+00:00","dateModified":"2025-06-11T07:38:29+00:00","description":"Nenechte si u\u017e\u00edt vy\u010derpan\u00fd z\u016fstatek na \u00fa\u010dtu! S Advance Bet od SpinBetter m\u016f\u017eete s\u00e1zet, i kdy\u017e na \u00fa\u010dtu nem\u00e1te ani korunu!","breadcrumb":{"@id":"https:\/\/spinbetter.cash\/cz\/bonus\/bet-now-pay-later\/#breadcrumb"},"inLanguage":"cs","potentialAction":[{"@type":"ReadAction","target":["https:\/\/spinbetter.cash\/cz\/bonus\/bet-now-pay-later\/"]}]},{"@type":"BreadcrumbList","@id":"https:\/\/spinbetter.cash\/cz\/bonus\/bet-now-pay-later\/#breadcrumb","itemListElement":[{"@type":"ListItem","position":1,"name":"Home","item":"https:\/\/spinbetter.cash\/cz\/"},{"@type":"ListItem","position":2,"name":"Bonus","item":"https:\/\/spinbetter.cash\/cz\/bonus\/"},{"@type":"ListItem","position":3,"name":"Vsa\u010fte nyn\u00ed &#8211; pla\u0165te pozd\u011bji"}]},{"@type":"WebSite","@id":"https:\/\/spinbetter.cash\/cz\/#website","url":"https:\/\/spinbetter.cash\/cz\/","name":"Spinbetter Football CZ","description":"My WordPress Blog","potentialAction":[{"@type":"SearchAction","target":{"@type":"EntryPoint","urlTemplate":"https:\/\/spinbetter.cash\/cz\/?s={search_term_string}"},"query-input":{"@type":"PropertyValueSpecification","valueRequired":true,"valueName":"search_term_string"}}],"inLanguage":"cs"}]}},"_links":{"self":[{"href":"https:\/\/spinbetter.cash\/cz\/wp-json\/wp\/v2\/pages\/583","targetHints":{"allow":["GET"]}}],"collection":[{"href":"https:\/\/spinbetter.cash\/cz\/wp-json\/wp\/v2\/pages"}],"about":[{"href":"https:\/\/spinbetter.cash\/cz\/wp-json\/wp\/v2\/types\/page"}],"author":[{"embeddable":true,"href":"https:\/\/spinbetter.cash\/cz\/wp-json\/wp\/v2\/users\/1"}],"replies":[{"embeddable":true,"href":"https:\/\/spinbetter.cash\/cz\/wp-json\/wp\/v2\/comments?post=583"}],"version-history":[{"count":3,"href":"https:\/\/spinbetter.cash\/cz\/wp-json\/wp\/v2\/pages\/583\/revisions"}],"predecessor-version":[{"id":586,"href":"https:\/\/spinbetter.cash\/cz\/wp-json\/wp\/v2\/pages\/583\/revisions\/586"}],"up":[{"embeddable":true,"href":"https:\/\/spinbetter.cash\/cz\/wp-json\/wp\/v2\/pages\/152"}],"wp:attachment":[{"href":"https:\/\/spinbetter.cash\/cz\/wp-json\/wp\/v2\/media?parent=583"}],"curies":[{"name":"wp","href":"https:\/\/api.w.org\/{rel}","templated":true}]}}