{"id":449,"date":"2024-10-11T14:31:53","date_gmt":"2024-10-11T14:31:53","guid":{"rendered":"https:\/\/spinbetter.cash\/cz\/?page_id=449"},"modified":"2025-11-20T12:08:59","modified_gmt":"2025-11-20T12:08:59","slug":"mirror","status":"publish","type":"page","link":"https:\/\/spinbetter.cash\/cz\/mirror\/","title":{"rendered":"Zrcadlo"},"content":{"rendered":"","protected":false},"excerpt":{"rendered":"","protected":false},"author":1,"featured_media":0,"parent":0,"menu_order":0,"comment_status":"closed","ping_status":"closed","template":"","meta":{"_acf_changed":false,"footnotes":""},"class_list":["post-449","page","type-page","status-publish","hentry"],"acf":[],"yoast_head":"<!-- This site is optimized with the Yoast SEO plugin v27.3 - https:\/\/yoast.com\/product\/yoast-seo-wordpress\/ -->\n<title>SpinBetter Mirror | Rychl\u00fd p\u0159\u00edstup na str\u00e1nky bez blokov\u00e1n\u00ed!<\/title>\n<meta name=\"description\" content=\"Pomoc\u00ed zrcadla SpinBetter obejd\u011bte blokov\u00e1n\u00ed. Otev\u0159ete si str\u00e1nky, s\u00e1zejte na sporty a hrajte kasino bez omezen\u00ed!\" \/>\n<meta name=\"robots\" content=\"index, follow, max-snippet:-1, max-image-preview:large, max-video-preview:-1\" \/>\n<meta property=\"og:locale\" content=\"cs_CZ\" \/>\n<meta property=\"og:type\" content=\"article\" \/>\n<meta property=\"og:title\" content=\"SpinBetter Mirror | Rychl\u00fd p\u0159\u00edstup na str\u00e1nky bez blokov\u00e1n\u00ed!\" \/>\n<meta property=\"og:description\" content=\"Pomoc\u00ed zrcadla SpinBetter obejd\u011bte blokov\u00e1n\u00ed. Otev\u0159ete si str\u00e1nky, s\u00e1zejte na sporty a hrajte kasino bez omezen\u00ed!\" \/>\n<meta property=\"og:url\" content=\"https:\/\/spinbetter.cash\/cz\/mirror\/\" \/>\n<meta property=\"og:site_name\" content=\"Spinbetter Football CZ\" \/>\n<meta property=\"article:modified_time\" content=\"2025-11-20T12:08:59+00:00\" \/>\n<meta name=\"twitter:card\" content=\"summary_large_image\" \/>\n<script type=\"application\/ld+json\" class=\"yoast-schema-graph\">{\"@context\":\"https:\\\/\\\/schema.org\",\"@graph\":[{\"@type\":\"WebPage\",\"@id\":\"https:\\\/\\\/spinbetter.cash\\\/cz\\\/mirror\\\/\",\"url\":\"https:\\\/\\\/spinbetter.cash\\\/cz\\\/mirror\\\/\",\"name\":\"SpinBetter Mirror | Rychl\u00fd p\u0159\u00edstup na str\u00e1nky bez blokov\u00e1n\u00ed!\",\"isPartOf\":{\"@id\":\"https:\\\/\\\/spinbetter.cash\\\/cz\\\/#website\"},\"datePublished\":\"2024-10-11T14:31:53+00:00\",\"dateModified\":\"2025-11-20T12:08:59+00:00\",\"description\":\"Pomoc\u00ed zrcadla SpinBetter obejd\u011bte blokov\u00e1n\u00ed. Otev\u0159ete si str\u00e1nky, s\u00e1zejte na sporty a hrajte kasino bez omezen\u00ed!\",\"breadcrumb\":{\"@id\":\"https:\\\/\\\/spinbetter.cash\\\/cz\\\/mirror\\\/#breadcrumb\"},\"inLanguage\":\"cs\",\"potentialAction\":[{\"@type\":\"ReadAction\",\"target\":[\"https:\\\/\\\/spinbetter.cash\\\/cz\\\/mirror\\\/\"]}]},{\"@type\":\"BreadcrumbList\",\"@id\":\"https:\\\/\\\/spinbetter.cash\\\/cz\\\/mirror\\\/#breadcrumb\",\"itemListElement\":[{\"@type\":\"ListItem\",\"position\":1,\"name\":\"Home\",\"item\":\"https:\\\/\\\/spinbetter.cash\\\/cz\\\/\"},{\"@type\":\"ListItem\",\"position\":2,\"name\":\"Zrcadlo\"}]},{\"@type\":\"WebSite\",\"@id\":\"https:\\\/\\\/spinbetter.cash\\\/cz\\\/#website\",\"url\":\"https:\\\/\\\/spinbetter.cash\\\/cz\\\/\",\"name\":\"Spinbetter Football CZ\",\"description\":\"My WordPress Blog\",\"potentialAction\":[{\"@type\":\"SearchAction\",\"target\":{\"@type\":\"EntryPoint\",\"urlTemplate\":\"https:\\\/\\\/spinbetter.cash\\\/cz\\\/?s={search_term_string}\"},\"query-input\":{\"@type\":\"PropertyValueSpecification\",\"valueRequired\":true,\"valueName\":\"search_term_string\"}}],\"inLanguage\":\"cs\"}]}<\/script>\n<!-- \/ Yoast SEO plugin. -->","yoast_head_json":{"title":"SpinBetter Mirror | Rychl\u00fd p\u0159\u00edstup na str\u00e1nky bez blokov\u00e1n\u00ed!","description":"Pomoc\u00ed zrcadla SpinBetter obejd\u011bte blokov\u00e1n\u00ed. Otev\u0159ete si str\u00e1nky, s\u00e1zejte na sporty a hrajte kasino bez omezen\u00ed!","robots":{"index":"index","follow":"follow","max-snippet":"max-snippet:-1","max-image-preview":"max-image-preview:large","max-video-preview":"max-video-preview:-1"},"og_locale":"cs_CZ","og_type":"article","og_title":"SpinBetter Mirror | Rychl\u00fd p\u0159\u00edstup na str\u00e1nky bez blokov\u00e1n\u00ed!","og_description":"Pomoc\u00ed zrcadla SpinBetter obejd\u011bte blokov\u00e1n\u00ed. Otev\u0159ete si str\u00e1nky, s\u00e1zejte na sporty a hrajte kasino bez omezen\u00ed!","og_url":"https:\/\/spinbetter.cash\/cz\/mirror\/","og_site_name":"Spinbetter Football CZ","article_modified_time":"2025-11-20T12:08:59+00:00","twitter_card":"summary_large_image","schema":{"@context":"https:\/\/schema.org","@graph":[{"@type":"WebPage","@id":"https:\/\/spinbetter.cash\/cz\/mirror\/","url":"https:\/\/spinbetter.cash\/cz\/mirror\/","name":"SpinBetter Mirror | Rychl\u00fd p\u0159\u00edstup na str\u00e1nky bez blokov\u00e1n\u00ed!","isPartOf":{"@id":"https:\/\/spinbetter.cash\/cz\/#website"},"datePublished":"2024-10-11T14:31:53+00:00","dateModified":"2025-11-20T12:08:59+00:00","description":"Pomoc\u00ed zrcadla SpinBetter obejd\u011bte blokov\u00e1n\u00ed. Otev\u0159ete si str\u00e1nky, s\u00e1zejte na sporty a hrajte kasino bez omezen\u00ed!","breadcrumb":{"@id":"https:\/\/spinbetter.cash\/cz\/mirror\/#breadcrumb"},"inLanguage":"cs","potentialAction":[{"@type":"ReadAction","target":["https:\/\/spinbetter.cash\/cz\/mirror\/"]}]},{"@type":"BreadcrumbList","@id":"https:\/\/spinbetter.cash\/cz\/mirror\/#breadcrumb","itemListElement":[{"@type":"ListItem","position":1,"name":"Home","item":"https:\/\/spinbetter.cash\/cz\/"},{"@type":"ListItem","position":2,"name":"Zrcadlo"}]},{"@type":"WebSite","@id":"https:\/\/spinbetter.cash\/cz\/#website","url":"https:\/\/spinbetter.cash\/cz\/","name":"Spinbetter Football CZ","description":"My WordPress Blog","potentialAction":[{"@type":"SearchAction","target":{"@type":"EntryPoint","urlTemplate":"https:\/\/spinbetter.cash\/cz\/?s={search_term_string}"},"query-input":{"@type":"PropertyValueSpecification","valueRequired":true,"valueName":"search_term_string"}}],"inLanguage":"cs"}]}},"_links":{"self":[{"href":"https:\/\/spinbetter.cash\/cz\/wp-json\/wp\/v2\/pages\/449","targetHints":{"allow":["GET"]}}],"collection":[{"href":"https:\/\/spinbetter.cash\/cz\/wp-json\/wp\/v2\/pages"}],"about":[{"href":"https:\/\/spinbetter.cash\/cz\/wp-json\/wp\/v2\/types\/page"}],"author":[{"embeddable":true,"href":"https:\/\/spinbetter.cash\/cz\/wp-json\/wp\/v2\/users\/1"}],"replies":[{"embeddable":true,"href":"https:\/\/spinbetter.cash\/cz\/wp-json\/wp\/v2\/comments?post=449"}],"version-history":[{"count":22,"href":"https:\/\/spinbetter.cash\/cz\/wp-json\/wp\/v2\/pages\/449\/revisions"}],"predecessor-version":[{"id":647,"href":"https:\/\/spinbetter.cash\/cz\/wp-json\/wp\/v2\/pages\/449\/revisions\/647"}],"wp:attachment":[{"href":"https:\/\/spinbetter.cash\/cz\/wp-json\/wp\/v2\/media?parent=449"}],"curies":[{"name":"wp","href":"https:\/\/api.w.org\/{rel}","templated":true}]}}