{"id":434,"date":"2024-10-11T14:32:24","date_gmt":"2024-10-11T14:32:24","guid":{"rendered":"https:\/\/spinbetter.cash\/cz\/?page_id=434"},"modified":"2025-12-05T10:49:52","modified_gmt":"2025-12-05T10:49:52","slug":"player-reviews","status":"publish","type":"page","link":"https:\/\/spinbetter.cash\/cz\/player-reviews\/","title":{"rendered":"Recenze hr\u00e1\u010d\u016f"},"content":{"rendered":"","protected":false},"excerpt":{"rendered":"","protected":false},"author":1,"featured_media":0,"parent":0,"menu_order":0,"comment_status":"closed","ping_status":"closed","template":"","meta":{"_acf_changed":false,"footnotes":""},"class_list":["post-434","page","type-page","status-publish","hentry"],"acf":[],"yoast_head":"<!-- This site is optimized with the Yoast SEO plugin v27.3 - https:\/\/yoast.com\/product\/yoast-seo-wordpress\/ -->\n<title>SpinBetter recenze hr\u00e1\u010d\u016f kasina a s\u00e1zkov\u00e9 kancel\u00e1\u0159e<\/title>\n<meta name=\"description\" content=\"P\u0159e\u010dt\u011bte si podrobn\u00e9 recenze hr\u00e1\u010d\u016f na SpinBetter. Zjist\u011bte, jak ostatn\u00ed s\u00e1zej\u00ed, vyhr\u00e1vaj\u00ed skute\u010dn\u00e9 pen\u00edze a z\u00edskejte \u0161t\u011bdr\u00e9 bonusy!\" \/>\n<meta name=\"robots\" content=\"index, follow, max-snippet:-1, max-image-preview:large, max-video-preview:-1\" \/>\n<meta property=\"og:locale\" content=\"cs_CZ\" \/>\n<meta property=\"og:type\" content=\"article\" \/>\n<meta property=\"og:title\" content=\"SpinBetter recenze hr\u00e1\u010d\u016f kasina a s\u00e1zkov\u00e9 kancel\u00e1\u0159e\" \/>\n<meta property=\"og:description\" content=\"P\u0159e\u010dt\u011bte si podrobn\u00e9 recenze hr\u00e1\u010d\u016f na SpinBetter. Zjist\u011bte, jak ostatn\u00ed s\u00e1zej\u00ed, vyhr\u00e1vaj\u00ed skute\u010dn\u00e9 pen\u00edze a z\u00edskejte \u0161t\u011bdr\u00e9 bonusy!\" \/>\n<meta property=\"og:url\" content=\"https:\/\/spinbetter.cash\/cz\/player-reviews\/\" \/>\n<meta property=\"og:site_name\" content=\"Spinbetter Football CZ\" \/>\n<meta property=\"article:modified_time\" content=\"2025-12-05T10:49:52+00:00\" \/>\n<meta name=\"twitter:card\" content=\"summary_large_image\" \/>\n<script type=\"application\/ld+json\" class=\"yoast-schema-graph\">{\"@context\":\"https:\\\/\\\/schema.org\",\"@graph\":[{\"@type\":\"WebPage\",\"@id\":\"https:\\\/\\\/spinbetter.cash\\\/cz\\\/player-reviews\\\/\",\"url\":\"https:\\\/\\\/spinbetter.cash\\\/cz\\\/player-reviews\\\/\",\"name\":\"SpinBetter recenze hr\u00e1\u010d\u016f kasina a s\u00e1zkov\u00e9 kancel\u00e1\u0159e\",\"isPartOf\":{\"@id\":\"https:\\\/\\\/spinbetter.cash\\\/cz\\\/#website\"},\"datePublished\":\"2024-10-11T14:32:24+00:00\",\"dateModified\":\"2025-12-05T10:49:52+00:00\",\"description\":\"P\u0159e\u010dt\u011bte si podrobn\u00e9 recenze hr\u00e1\u010d\u016f na SpinBetter. Zjist\u011bte, jak ostatn\u00ed s\u00e1zej\u00ed, vyhr\u00e1vaj\u00ed skute\u010dn\u00e9 pen\u00edze a z\u00edskejte \u0161t\u011bdr\u00e9 bonusy!\",\"breadcrumb\":{\"@id\":\"https:\\\/\\\/spinbetter.cash\\\/cz\\\/player-reviews\\\/#breadcrumb\"},\"inLanguage\":\"cs\",\"potentialAction\":[{\"@type\":\"ReadAction\",\"target\":[\"https:\\\/\\\/spinbetter.cash\\\/cz\\\/player-reviews\\\/\"]}]},{\"@type\":\"BreadcrumbList\",\"@id\":\"https:\\\/\\\/spinbetter.cash\\\/cz\\\/player-reviews\\\/#breadcrumb\",\"itemListElement\":[{\"@type\":\"ListItem\",\"position\":1,\"name\":\"Home\",\"item\":\"https:\\\/\\\/spinbetter.cash\\\/cz\\\/\"},{\"@type\":\"ListItem\",\"position\":2,\"name\":\"Recenze hr\u00e1\u010d\u016f\"}]},{\"@type\":\"WebSite\",\"@id\":\"https:\\\/\\\/spinbetter.cash\\\/cz\\\/#website\",\"url\":\"https:\\\/\\\/spinbetter.cash\\\/cz\\\/\",\"name\":\"Spinbetter Football CZ\",\"description\":\"My WordPress Blog\",\"potentialAction\":[{\"@type\":\"SearchAction\",\"target\":{\"@type\":\"EntryPoint\",\"urlTemplate\":\"https:\\\/\\\/spinbetter.cash\\\/cz\\\/?s={search_term_string}\"},\"query-input\":{\"@type\":\"PropertyValueSpecification\",\"valueRequired\":true,\"valueName\":\"search_term_string\"}}],\"inLanguage\":\"cs\"}]}<\/script>\n<!-- \/ Yoast SEO plugin. -->","yoast_head_json":{"title":"SpinBetter recenze hr\u00e1\u010d\u016f kasina a s\u00e1zkov\u00e9 kancel\u00e1\u0159e","description":"P\u0159e\u010dt\u011bte si podrobn\u00e9 recenze hr\u00e1\u010d\u016f na SpinBetter. Zjist\u011bte, jak ostatn\u00ed s\u00e1zej\u00ed, vyhr\u00e1vaj\u00ed skute\u010dn\u00e9 pen\u00edze a z\u00edskejte \u0161t\u011bdr\u00e9 bonusy!","robots":{"index":"index","follow":"follow","max-snippet":"max-snippet:-1","max-image-preview":"max-image-preview:large","max-video-preview":"max-video-preview:-1"},"og_locale":"cs_CZ","og_type":"article","og_title":"SpinBetter recenze hr\u00e1\u010d\u016f kasina a s\u00e1zkov\u00e9 kancel\u00e1\u0159e","og_description":"P\u0159e\u010dt\u011bte si podrobn\u00e9 recenze hr\u00e1\u010d\u016f na SpinBetter. Zjist\u011bte, jak ostatn\u00ed s\u00e1zej\u00ed, vyhr\u00e1vaj\u00ed skute\u010dn\u00e9 pen\u00edze a z\u00edskejte \u0161t\u011bdr\u00e9 bonusy!","og_url":"https:\/\/spinbetter.cash\/cz\/player-reviews\/","og_site_name":"Spinbetter Football CZ","article_modified_time":"2025-12-05T10:49:52+00:00","twitter_card":"summary_large_image","schema":{"@context":"https:\/\/schema.org","@graph":[{"@type":"WebPage","@id":"https:\/\/spinbetter.cash\/cz\/player-reviews\/","url":"https:\/\/spinbetter.cash\/cz\/player-reviews\/","name":"SpinBetter recenze hr\u00e1\u010d\u016f kasina a s\u00e1zkov\u00e9 kancel\u00e1\u0159e","isPartOf":{"@id":"https:\/\/spinbetter.cash\/cz\/#website"},"datePublished":"2024-10-11T14:32:24+00:00","dateModified":"2025-12-05T10:49:52+00:00","description":"P\u0159e\u010dt\u011bte si podrobn\u00e9 recenze hr\u00e1\u010d\u016f na SpinBetter. Zjist\u011bte, jak ostatn\u00ed s\u00e1zej\u00ed, vyhr\u00e1vaj\u00ed skute\u010dn\u00e9 pen\u00edze a z\u00edskejte \u0161t\u011bdr\u00e9 bonusy!","breadcrumb":{"@id":"https:\/\/spinbetter.cash\/cz\/player-reviews\/#breadcrumb"},"inLanguage":"cs","potentialAction":[{"@type":"ReadAction","target":["https:\/\/spinbetter.cash\/cz\/player-reviews\/"]}]},{"@type":"BreadcrumbList","@id":"https:\/\/spinbetter.cash\/cz\/player-reviews\/#breadcrumb","itemListElement":[{"@type":"ListItem","position":1,"name":"Home","item":"https:\/\/spinbetter.cash\/cz\/"},{"@type":"ListItem","position":2,"name":"Recenze hr\u00e1\u010d\u016f"}]},{"@type":"WebSite","@id":"https:\/\/spinbetter.cash\/cz\/#website","url":"https:\/\/spinbetter.cash\/cz\/","name":"Spinbetter Football CZ","description":"My WordPress Blog","potentialAction":[{"@type":"SearchAction","target":{"@type":"EntryPoint","urlTemplate":"https:\/\/spinbetter.cash\/cz\/?s={search_term_string}"},"query-input":{"@type":"PropertyValueSpecification","valueRequired":true,"valueName":"search_term_string"}}],"inLanguage":"cs"}]}},"_links":{"self":[{"href":"https:\/\/spinbetter.cash\/cz\/wp-json\/wp\/v2\/pages\/434","targetHints":{"allow":["GET"]}}],"collection":[{"href":"https:\/\/spinbetter.cash\/cz\/wp-json\/wp\/v2\/pages"}],"about":[{"href":"https:\/\/spinbetter.cash\/cz\/wp-json\/wp\/v2\/types\/page"}],"author":[{"embeddable":true,"href":"https:\/\/spinbetter.cash\/cz\/wp-json\/wp\/v2\/users\/1"}],"replies":[{"embeddable":true,"href":"https:\/\/spinbetter.cash\/cz\/wp-json\/wp\/v2\/comments?post=434"}],"version-history":[{"count":21,"href":"https:\/\/spinbetter.cash\/cz\/wp-json\/wp\/v2\/pages\/434\/revisions"}],"predecessor-version":[{"id":687,"href":"https:\/\/spinbetter.cash\/cz\/wp-json\/wp\/v2\/pages\/434\/revisions\/687"}],"wp:attachment":[{"href":"https:\/\/spinbetter.cash\/cz\/wp-json\/wp\/v2\/media?parent=434"}],"curies":[{"name":"wp","href":"https:\/\/api.w.org\/{rel}","templated":true}]}}