{"id":392,"date":"2024-10-11T14:30:45","date_gmt":"2024-10-11T14:30:45","guid":{"rendered":"https:\/\/spinbetter.cash\/cz\/?page_id=392"},"modified":"2025-12-05T08:11:59","modified_gmt":"2025-12-05T08:11:59","slug":"free-spins","status":"publish","type":"page","link":"https:\/\/spinbetter.cash\/cz\/free-spins\/","title":{"rendered":"Rozto\u010den\u00ed zdarma"},"content":{"rendered":"","protected":false},"excerpt":{"rendered":"","protected":false},"author":1,"featured_media":0,"parent":0,"menu_order":0,"comment_status":"closed","ping_status":"closed","template":"","meta":{"_acf_changed":false,"footnotes":""},"class_list":["post-392","page","type-page","status-publish","hentry"],"acf":[],"yoast_head":"<!-- This site is optimized with the Yoast SEO plugin v27.3 - https:\/\/yoast.com\/product\/yoast-seo-wordpress\/ -->\n<title>Spinbetter Free Spins \u2714\ufe0f Z\u00edskejte Oto\u010dky Zdarma<\/title>\n<meta name=\"description\" content=\"Odemkn\u011bte oto\u010dky zdarma a vyu\u017eijte aktu\u00e1ln\u00ed bonusov\u00e9 akce \u2b50 Free spiny na obl\u00edben\u00e9 sloty v\u00e1m p\u0159in\u00e1\u0161ej\u00ed v\u00edce \u0161anc\u00ed na v\u00fdhru i z\u00e1bavu bez rizika.\" \/>\n<meta name=\"robots\" content=\"index, follow, max-snippet:-1, max-image-preview:large, max-video-preview:-1\" \/>\n<meta property=\"og:locale\" content=\"cs_CZ\" \/>\n<meta property=\"og:type\" content=\"article\" \/>\n<meta property=\"og:title\" content=\"Spinbetter Free Spins \u2714\ufe0f Z\u00edskejte Oto\u010dky Zdarma\" \/>\n<meta property=\"og:description\" content=\"Odemkn\u011bte oto\u010dky zdarma a vyu\u017eijte aktu\u00e1ln\u00ed bonusov\u00e9 akce \u2b50 Free spiny na obl\u00edben\u00e9 sloty v\u00e1m p\u0159in\u00e1\u0161ej\u00ed v\u00edce \u0161anc\u00ed na v\u00fdhru i z\u00e1bavu bez rizika.\" \/>\n<meta property=\"og:url\" content=\"https:\/\/spinbetter.cash\/cz\/free-spins\/\" \/>\n<meta property=\"og:site_name\" content=\"Spinbetter Football CZ\" \/>\n<meta property=\"article:modified_time\" content=\"2025-12-05T08:11:59+00:00\" \/>\n<meta name=\"twitter:card\" content=\"summary_large_image\" \/>\n<script type=\"application\/ld+json\" class=\"yoast-schema-graph\">{\"@context\":\"https:\\\/\\\/schema.org\",\"@graph\":[{\"@type\":\"WebPage\",\"@id\":\"https:\\\/\\\/spinbetter.cash\\\/cz\\\/free-spins\\\/\",\"url\":\"https:\\\/\\\/spinbetter.cash\\\/cz\\\/free-spins\\\/\",\"name\":\"Spinbetter Free Spins \u2714\ufe0f Z\u00edskejte Oto\u010dky Zdarma\",\"isPartOf\":{\"@id\":\"https:\\\/\\\/spinbetter.cash\\\/cz\\\/#website\"},\"datePublished\":\"2024-10-11T14:30:45+00:00\",\"dateModified\":\"2025-12-05T08:11:59+00:00\",\"description\":\"Odemkn\u011bte oto\u010dky zdarma a vyu\u017eijte aktu\u00e1ln\u00ed bonusov\u00e9 akce \u2b50 Free spiny na obl\u00edben\u00e9 sloty v\u00e1m p\u0159in\u00e1\u0161ej\u00ed v\u00edce \u0161anc\u00ed na v\u00fdhru i z\u00e1bavu bez rizika.\",\"breadcrumb\":{\"@id\":\"https:\\\/\\\/spinbetter.cash\\\/cz\\\/free-spins\\\/#breadcrumb\"},\"inLanguage\":\"cs\",\"potentialAction\":[{\"@type\":\"ReadAction\",\"target\":[\"https:\\\/\\\/spinbetter.cash\\\/cz\\\/free-spins\\\/\"]}]},{\"@type\":\"BreadcrumbList\",\"@id\":\"https:\\\/\\\/spinbetter.cash\\\/cz\\\/free-spins\\\/#breadcrumb\",\"itemListElement\":[{\"@type\":\"ListItem\",\"position\":1,\"name\":\"Home\",\"item\":\"https:\\\/\\\/spinbetter.cash\\\/cz\\\/\"},{\"@type\":\"ListItem\",\"position\":2,\"name\":\"Rozto\u010den\u00ed zdarma\"}]},{\"@type\":\"WebSite\",\"@id\":\"https:\\\/\\\/spinbetter.cash\\\/cz\\\/#website\",\"url\":\"https:\\\/\\\/spinbetter.cash\\\/cz\\\/\",\"name\":\"Spinbetter Football CZ\",\"description\":\"My WordPress Blog\",\"potentialAction\":[{\"@type\":\"SearchAction\",\"target\":{\"@type\":\"EntryPoint\",\"urlTemplate\":\"https:\\\/\\\/spinbetter.cash\\\/cz\\\/?s={search_term_string}\"},\"query-input\":{\"@type\":\"PropertyValueSpecification\",\"valueRequired\":true,\"valueName\":\"search_term_string\"}}],\"inLanguage\":\"cs\"}]}<\/script>\n<!-- \/ Yoast SEO plugin. -->","yoast_head_json":{"title":"Spinbetter Free Spins \u2714\ufe0f Z\u00edskejte Oto\u010dky Zdarma","description":"Odemkn\u011bte oto\u010dky zdarma a vyu\u017eijte aktu\u00e1ln\u00ed bonusov\u00e9 akce \u2b50 Free spiny na obl\u00edben\u00e9 sloty v\u00e1m p\u0159in\u00e1\u0161ej\u00ed v\u00edce \u0161anc\u00ed na v\u00fdhru i z\u00e1bavu bez rizika.","robots":{"index":"index","follow":"follow","max-snippet":"max-snippet:-1","max-image-preview":"max-image-preview:large","max-video-preview":"max-video-preview:-1"},"og_locale":"cs_CZ","og_type":"article","og_title":"Spinbetter Free Spins \u2714\ufe0f Z\u00edskejte Oto\u010dky Zdarma","og_description":"Odemkn\u011bte oto\u010dky zdarma a vyu\u017eijte aktu\u00e1ln\u00ed bonusov\u00e9 akce \u2b50 Free spiny na obl\u00edben\u00e9 sloty v\u00e1m p\u0159in\u00e1\u0161ej\u00ed v\u00edce \u0161anc\u00ed na v\u00fdhru i z\u00e1bavu bez rizika.","og_url":"https:\/\/spinbetter.cash\/cz\/free-spins\/","og_site_name":"Spinbetter Football CZ","article_modified_time":"2025-12-05T08:11:59+00:00","twitter_card":"summary_large_image","schema":{"@context":"https:\/\/schema.org","@graph":[{"@type":"WebPage","@id":"https:\/\/spinbetter.cash\/cz\/free-spins\/","url":"https:\/\/spinbetter.cash\/cz\/free-spins\/","name":"Spinbetter Free Spins \u2714\ufe0f Z\u00edskejte Oto\u010dky Zdarma","isPartOf":{"@id":"https:\/\/spinbetter.cash\/cz\/#website"},"datePublished":"2024-10-11T14:30:45+00:00","dateModified":"2025-12-05T08:11:59+00:00","description":"Odemkn\u011bte oto\u010dky zdarma a vyu\u017eijte aktu\u00e1ln\u00ed bonusov\u00e9 akce \u2b50 Free spiny na obl\u00edben\u00e9 sloty v\u00e1m p\u0159in\u00e1\u0161ej\u00ed v\u00edce \u0161anc\u00ed na v\u00fdhru i z\u00e1bavu bez rizika.","breadcrumb":{"@id":"https:\/\/spinbetter.cash\/cz\/free-spins\/#breadcrumb"},"inLanguage":"cs","potentialAction":[{"@type":"ReadAction","target":["https:\/\/spinbetter.cash\/cz\/free-spins\/"]}]},{"@type":"BreadcrumbList","@id":"https:\/\/spinbetter.cash\/cz\/free-spins\/#breadcrumb","itemListElement":[{"@type":"ListItem","position":1,"name":"Home","item":"https:\/\/spinbetter.cash\/cz\/"},{"@type":"ListItem","position":2,"name":"Rozto\u010den\u00ed zdarma"}]},{"@type":"WebSite","@id":"https:\/\/spinbetter.cash\/cz\/#website","url":"https:\/\/spinbetter.cash\/cz\/","name":"Spinbetter Football CZ","description":"My WordPress Blog","potentialAction":[{"@type":"SearchAction","target":{"@type":"EntryPoint","urlTemplate":"https:\/\/spinbetter.cash\/cz\/?s={search_term_string}"},"query-input":{"@type":"PropertyValueSpecification","valueRequired":true,"valueName":"search_term_string"}}],"inLanguage":"cs"}]}},"_links":{"self":[{"href":"https:\/\/spinbetter.cash\/cz\/wp-json\/wp\/v2\/pages\/392","targetHints":{"allow":["GET"]}}],"collection":[{"href":"https:\/\/spinbetter.cash\/cz\/wp-json\/wp\/v2\/pages"}],"about":[{"href":"https:\/\/spinbetter.cash\/cz\/wp-json\/wp\/v2\/types\/page"}],"author":[{"embeddable":true,"href":"https:\/\/spinbetter.cash\/cz\/wp-json\/wp\/v2\/users\/1"}],"replies":[{"embeddable":true,"href":"https:\/\/spinbetter.cash\/cz\/wp-json\/wp\/v2\/comments?post=392"}],"version-history":[{"count":17,"href":"https:\/\/spinbetter.cash\/cz\/wp-json\/wp\/v2\/pages\/392\/revisions"}],"predecessor-version":[{"id":649,"href":"https:\/\/spinbetter.cash\/cz\/wp-json\/wp\/v2\/pages\/392\/revisions\/649"}],"wp:attachment":[{"href":"https:\/\/spinbetter.cash\/cz\/wp-json\/wp\/v2\/media?parent=392"}],"curies":[{"name":"wp","href":"https:\/\/api.w.org\/{rel}","templated":true}]}}