{"id":364,"date":"2024-10-11T14:32:41","date_gmt":"2024-10-11T14:32:41","guid":{"rendered":"https:\/\/spinbetter.cash\/cz\/?page_id=364"},"modified":"2026-01-13T08:49:36","modified_gmt":"2026-01-13T08:49:36","slug":"promocode","status":"publish","type":"page","link":"https:\/\/spinbetter.cash\/cz\/promocode\/","title":{"rendered":"Promo k\u00f3d"},"content":{"rendered":"","protected":false},"excerpt":{"rendered":"","protected":false},"author":1,"featured_media":0,"parent":0,"menu_order":0,"comment_status":"closed","ping_status":"closed","template":"","meta":{"_acf_changed":false,"footnotes":""},"class_list":["post-364","page","type-page","status-publish","hentry"],"acf":[],"yoast_head":"<!-- This site is optimized with the Yoast SEO plugin v27.3 - https:\/\/yoast.com\/product\/yoast-seo-wordpress\/ -->\n<title>Spinbetter Bonusove Kody \u2b50 Aktivujte Promo Nab\u00eddky<\/title>\n<meta name=\"description\" content=\"Vlo\u017ete promo k\u00f3d a aktivujte exkluzivn\u00ed casino odm\u011bny \u2728 Z\u00edskejte bonusy, oto\u010dky zdarma a extra v\u00fdhody, kter\u00e9 v\u00e1m p\u0159inesou v\u00edce mo\u017enost\u00ed p\u0159i h\u0159e.\" \/>\n<meta name=\"robots\" content=\"index, follow, max-snippet:-1, max-image-preview:large, max-video-preview:-1\" \/>\n<meta property=\"og:locale\" content=\"cs_CZ\" \/>\n<meta property=\"og:type\" content=\"article\" \/>\n<meta property=\"og:title\" content=\"Spinbetter Bonusove Kody \u2b50 Aktivujte Promo Nab\u00eddky\" \/>\n<meta property=\"og:description\" content=\"Vlo\u017ete promo k\u00f3d a aktivujte exkluzivn\u00ed casino odm\u011bny \u2728 Z\u00edskejte bonusy, oto\u010dky zdarma a extra v\u00fdhody, kter\u00e9 v\u00e1m p\u0159inesou v\u00edce mo\u017enost\u00ed p\u0159i h\u0159e.\" \/>\n<meta property=\"og:url\" content=\"https:\/\/spinbetter.cash\/cz\/promocode\/\" \/>\n<meta property=\"og:site_name\" content=\"Spinbetter Football CZ\" \/>\n<meta property=\"article:modified_time\" content=\"2026-01-13T08:49:36+00:00\" \/>\n<meta name=\"twitter:card\" content=\"summary_large_image\" \/>\n<script type=\"application\/ld+json\" class=\"yoast-schema-graph\">{\"@context\":\"https:\\\/\\\/schema.org\",\"@graph\":[{\"@type\":\"WebPage\",\"@id\":\"https:\\\/\\\/spinbetter.cash\\\/cz\\\/promocode\\\/\",\"url\":\"https:\\\/\\\/spinbetter.cash\\\/cz\\\/promocode\\\/\",\"name\":\"Spinbetter Bonusove Kody \u2b50 Aktivujte Promo Nab\u00eddky\",\"isPartOf\":{\"@id\":\"https:\\\/\\\/spinbetter.cash\\\/cz\\\/#website\"},\"datePublished\":\"2024-10-11T14:32:41+00:00\",\"dateModified\":\"2026-01-13T08:49:36+00:00\",\"description\":\"Vlo\u017ete promo k\u00f3d a aktivujte exkluzivn\u00ed casino odm\u011bny \u2728 Z\u00edskejte bonusy, oto\u010dky zdarma a extra v\u00fdhody, kter\u00e9 v\u00e1m p\u0159inesou v\u00edce mo\u017enost\u00ed p\u0159i h\u0159e.\",\"breadcrumb\":{\"@id\":\"https:\\\/\\\/spinbetter.cash\\\/cz\\\/promocode\\\/#breadcrumb\"},\"inLanguage\":\"cs\",\"potentialAction\":[{\"@type\":\"ReadAction\",\"target\":[\"https:\\\/\\\/spinbetter.cash\\\/cz\\\/promocode\\\/\"]}]},{\"@type\":\"BreadcrumbList\",\"@id\":\"https:\\\/\\\/spinbetter.cash\\\/cz\\\/promocode\\\/#breadcrumb\",\"itemListElement\":[{\"@type\":\"ListItem\",\"position\":1,\"name\":\"Home\",\"item\":\"https:\\\/\\\/spinbetter.cash\\\/cz\\\/\"},{\"@type\":\"ListItem\",\"position\":2,\"name\":\"Promo k\u00f3d\"}]},{\"@type\":\"WebSite\",\"@id\":\"https:\\\/\\\/spinbetter.cash\\\/cz\\\/#website\",\"url\":\"https:\\\/\\\/spinbetter.cash\\\/cz\\\/\",\"name\":\"Spinbetter Football CZ\",\"description\":\"My WordPress Blog\",\"potentialAction\":[{\"@type\":\"SearchAction\",\"target\":{\"@type\":\"EntryPoint\",\"urlTemplate\":\"https:\\\/\\\/spinbetter.cash\\\/cz\\\/?s={search_term_string}\"},\"query-input\":{\"@type\":\"PropertyValueSpecification\",\"valueRequired\":true,\"valueName\":\"search_term_string\"}}],\"inLanguage\":\"cs\"}]}<\/script>\n<!-- \/ Yoast SEO plugin. -->","yoast_head_json":{"title":"Spinbetter Bonusove Kody \u2b50 Aktivujte Promo Nab\u00eddky","description":"Vlo\u017ete promo k\u00f3d a aktivujte exkluzivn\u00ed casino odm\u011bny \u2728 Z\u00edskejte bonusy, oto\u010dky zdarma a extra v\u00fdhody, kter\u00e9 v\u00e1m p\u0159inesou v\u00edce mo\u017enost\u00ed p\u0159i h\u0159e.","robots":{"index":"index","follow":"follow","max-snippet":"max-snippet:-1","max-image-preview":"max-image-preview:large","max-video-preview":"max-video-preview:-1"},"og_locale":"cs_CZ","og_type":"article","og_title":"Spinbetter Bonusove Kody \u2b50 Aktivujte Promo Nab\u00eddky","og_description":"Vlo\u017ete promo k\u00f3d a aktivujte exkluzivn\u00ed casino odm\u011bny \u2728 Z\u00edskejte bonusy, oto\u010dky zdarma a extra v\u00fdhody, kter\u00e9 v\u00e1m p\u0159inesou v\u00edce mo\u017enost\u00ed p\u0159i h\u0159e.","og_url":"https:\/\/spinbetter.cash\/cz\/promocode\/","og_site_name":"Spinbetter Football CZ","article_modified_time":"2026-01-13T08:49:36+00:00","twitter_card":"summary_large_image","schema":{"@context":"https:\/\/schema.org","@graph":[{"@type":"WebPage","@id":"https:\/\/spinbetter.cash\/cz\/promocode\/","url":"https:\/\/spinbetter.cash\/cz\/promocode\/","name":"Spinbetter Bonusove Kody \u2b50 Aktivujte Promo Nab\u00eddky","isPartOf":{"@id":"https:\/\/spinbetter.cash\/cz\/#website"},"datePublished":"2024-10-11T14:32:41+00:00","dateModified":"2026-01-13T08:49:36+00:00","description":"Vlo\u017ete promo k\u00f3d a aktivujte exkluzivn\u00ed casino odm\u011bny \u2728 Z\u00edskejte bonusy, oto\u010dky zdarma a extra v\u00fdhody, kter\u00e9 v\u00e1m p\u0159inesou v\u00edce mo\u017enost\u00ed p\u0159i h\u0159e.","breadcrumb":{"@id":"https:\/\/spinbetter.cash\/cz\/promocode\/#breadcrumb"},"inLanguage":"cs","potentialAction":[{"@type":"ReadAction","target":["https:\/\/spinbetter.cash\/cz\/promocode\/"]}]},{"@type":"BreadcrumbList","@id":"https:\/\/spinbetter.cash\/cz\/promocode\/#breadcrumb","itemListElement":[{"@type":"ListItem","position":1,"name":"Home","item":"https:\/\/spinbetter.cash\/cz\/"},{"@type":"ListItem","position":2,"name":"Promo k\u00f3d"}]},{"@type":"WebSite","@id":"https:\/\/spinbetter.cash\/cz\/#website","url":"https:\/\/spinbetter.cash\/cz\/","name":"Spinbetter Football CZ","description":"My WordPress Blog","potentialAction":[{"@type":"SearchAction","target":{"@type":"EntryPoint","urlTemplate":"https:\/\/spinbetter.cash\/cz\/?s={search_term_string}"},"query-input":{"@type":"PropertyValueSpecification","valueRequired":true,"valueName":"search_term_string"}}],"inLanguage":"cs"}]}},"_links":{"self":[{"href":"https:\/\/spinbetter.cash\/cz\/wp-json\/wp\/v2\/pages\/364","targetHints":{"allow":["GET"]}}],"collection":[{"href":"https:\/\/spinbetter.cash\/cz\/wp-json\/wp\/v2\/pages"}],"about":[{"href":"https:\/\/spinbetter.cash\/cz\/wp-json\/wp\/v2\/types\/page"}],"author":[{"embeddable":true,"href":"https:\/\/spinbetter.cash\/cz\/wp-json\/wp\/v2\/users\/1"}],"replies":[{"embeddable":true,"href":"https:\/\/spinbetter.cash\/cz\/wp-json\/wp\/v2\/comments?post=364"}],"version-history":[{"count":33,"href":"https:\/\/spinbetter.cash\/cz\/wp-json\/wp\/v2\/pages\/364\/revisions"}],"predecessor-version":[{"id":716,"href":"https:\/\/spinbetter.cash\/cz\/wp-json\/wp\/v2\/pages\/364\/revisions\/716"}],"wp:attachment":[{"href":"https:\/\/spinbetter.cash\/cz\/wp-json\/wp\/v2\/media?parent=364"}],"curies":[{"name":"wp","href":"https:\/\/api.w.org\/{rel}","templated":true}]}}