{"id":354,"date":"2024-10-11T14:32:58","date_gmt":"2024-10-11T14:32:58","guid":{"rendered":"https:\/\/spinbetter.cash\/cz\/?page_id=354"},"modified":"2025-12-05T08:10:47","modified_gmt":"2025-12-05T08:10:47","slug":"registration","status":"publish","type":"page","link":"https:\/\/spinbetter.cash\/cz\/registration\/","title":{"rendered":"Registrace"},"content":{"rendered":"","protected":false},"excerpt":{"rendered":"","protected":false},"author":1,"featured_media":0,"parent":0,"menu_order":0,"comment_status":"closed","ping_status":"closed","template":"","meta":{"_acf_changed":false,"footnotes":""},"class_list":["post-354","page","type-page","status-publish","hentry"],"acf":[],"yoast_head":"<!-- This site is optimized with the Yoast SEO plugin v27.3 - https:\/\/yoast.com\/product\/yoast-seo-wordpress\/ -->\n<title>Spinbetter Registrace \u2714\ufe0f Rychl\u00e9 Vytvo\u0159en\u00ed \u00da\u010dtu<\/title>\n<meta name=\"description\" content=\"Zalo\u017ete \u00fa\u010det b\u011bhem minuty a z\u00edsk\u00e1te p\u0159\u00edstup k bonus\u016fm, free spin\u016fm i speci\u00e1ln\u00edm nab\u00eddk\u00e1m \u2b50 Bezpe\u010dn\u00e9 prost\u0159ed\u00ed, jednoduch\u00fd proces a okam\u017eit\u00e1 aktivace \u00fa\u010dtu.\" \/>\n<meta name=\"robots\" content=\"index, follow, max-snippet:-1, max-image-preview:large, max-video-preview:-1\" \/>\n<meta property=\"og:locale\" content=\"cs_CZ\" \/>\n<meta property=\"og:type\" content=\"article\" \/>\n<meta property=\"og:title\" content=\"Spinbetter Registrace \u2714\ufe0f Rychl\u00e9 Vytvo\u0159en\u00ed \u00da\u010dtu\" \/>\n<meta property=\"og:description\" content=\"Zalo\u017ete \u00fa\u010det b\u011bhem minuty a z\u00edsk\u00e1te p\u0159\u00edstup k bonus\u016fm, free spin\u016fm i speci\u00e1ln\u00edm nab\u00eddk\u00e1m \u2b50 Bezpe\u010dn\u00e9 prost\u0159ed\u00ed, jednoduch\u00fd proces a okam\u017eit\u00e1 aktivace \u00fa\u010dtu.\" \/>\n<meta property=\"og:url\" content=\"https:\/\/spinbetter.cash\/cz\/registration\/\" \/>\n<meta property=\"og:site_name\" content=\"Spinbetter Football CZ\" \/>\n<meta property=\"article:modified_time\" content=\"2025-12-05T08:10:47+00:00\" \/>\n<meta name=\"twitter:card\" content=\"summary_large_image\" \/>\n<script type=\"application\/ld+json\" class=\"yoast-schema-graph\">{\"@context\":\"https:\\\/\\\/schema.org\",\"@graph\":[{\"@type\":\"WebPage\",\"@id\":\"https:\\\/\\\/spinbetter.cash\\\/cz\\\/registration\\\/\",\"url\":\"https:\\\/\\\/spinbetter.cash\\\/cz\\\/registration\\\/\",\"name\":\"Spinbetter Registrace \u2714\ufe0f Rychl\u00e9 Vytvo\u0159en\u00ed \u00da\u010dtu\",\"isPartOf\":{\"@id\":\"https:\\\/\\\/spinbetter.cash\\\/cz\\\/#website\"},\"datePublished\":\"2024-10-11T14:32:58+00:00\",\"dateModified\":\"2025-12-05T08:10:47+00:00\",\"description\":\"Zalo\u017ete \u00fa\u010det b\u011bhem minuty a z\u00edsk\u00e1te p\u0159\u00edstup k bonus\u016fm, free spin\u016fm i speci\u00e1ln\u00edm nab\u00eddk\u00e1m \u2b50 Bezpe\u010dn\u00e9 prost\u0159ed\u00ed, jednoduch\u00fd proces a okam\u017eit\u00e1 aktivace \u00fa\u010dtu.\",\"breadcrumb\":{\"@id\":\"https:\\\/\\\/spinbetter.cash\\\/cz\\\/registration\\\/#breadcrumb\"},\"inLanguage\":\"cs\",\"potentialAction\":[{\"@type\":\"ReadAction\",\"target\":[\"https:\\\/\\\/spinbetter.cash\\\/cz\\\/registration\\\/\"]}]},{\"@type\":\"BreadcrumbList\",\"@id\":\"https:\\\/\\\/spinbetter.cash\\\/cz\\\/registration\\\/#breadcrumb\",\"itemListElement\":[{\"@type\":\"ListItem\",\"position\":1,\"name\":\"Home\",\"item\":\"https:\\\/\\\/spinbetter.cash\\\/cz\\\/\"},{\"@type\":\"ListItem\",\"position\":2,\"name\":\"Registrace\"}]},{\"@type\":\"WebSite\",\"@id\":\"https:\\\/\\\/spinbetter.cash\\\/cz\\\/#website\",\"url\":\"https:\\\/\\\/spinbetter.cash\\\/cz\\\/\",\"name\":\"Spinbetter Football CZ\",\"description\":\"My WordPress Blog\",\"potentialAction\":[{\"@type\":\"SearchAction\",\"target\":{\"@type\":\"EntryPoint\",\"urlTemplate\":\"https:\\\/\\\/spinbetter.cash\\\/cz\\\/?s={search_term_string}\"},\"query-input\":{\"@type\":\"PropertyValueSpecification\",\"valueRequired\":true,\"valueName\":\"search_term_string\"}}],\"inLanguage\":\"cs\"}]}<\/script>\n<!-- \/ Yoast SEO plugin. -->","yoast_head_json":{"title":"Spinbetter Registrace \u2714\ufe0f Rychl\u00e9 Vytvo\u0159en\u00ed \u00da\u010dtu","description":"Zalo\u017ete \u00fa\u010det b\u011bhem minuty a z\u00edsk\u00e1te p\u0159\u00edstup k bonus\u016fm, free spin\u016fm i speci\u00e1ln\u00edm nab\u00eddk\u00e1m \u2b50 Bezpe\u010dn\u00e9 prost\u0159ed\u00ed, jednoduch\u00fd proces a okam\u017eit\u00e1 aktivace \u00fa\u010dtu.","robots":{"index":"index","follow":"follow","max-snippet":"max-snippet:-1","max-image-preview":"max-image-preview:large","max-video-preview":"max-video-preview:-1"},"og_locale":"cs_CZ","og_type":"article","og_title":"Spinbetter Registrace \u2714\ufe0f Rychl\u00e9 Vytvo\u0159en\u00ed \u00da\u010dtu","og_description":"Zalo\u017ete \u00fa\u010det b\u011bhem minuty a z\u00edsk\u00e1te p\u0159\u00edstup k bonus\u016fm, free spin\u016fm i speci\u00e1ln\u00edm nab\u00eddk\u00e1m \u2b50 Bezpe\u010dn\u00e9 prost\u0159ed\u00ed, jednoduch\u00fd proces a okam\u017eit\u00e1 aktivace \u00fa\u010dtu.","og_url":"https:\/\/spinbetter.cash\/cz\/registration\/","og_site_name":"Spinbetter Football CZ","article_modified_time":"2025-12-05T08:10:47+00:00","twitter_card":"summary_large_image","schema":{"@context":"https:\/\/schema.org","@graph":[{"@type":"WebPage","@id":"https:\/\/spinbetter.cash\/cz\/registration\/","url":"https:\/\/spinbetter.cash\/cz\/registration\/","name":"Spinbetter Registrace \u2714\ufe0f Rychl\u00e9 Vytvo\u0159en\u00ed \u00da\u010dtu","isPartOf":{"@id":"https:\/\/spinbetter.cash\/cz\/#website"},"datePublished":"2024-10-11T14:32:58+00:00","dateModified":"2025-12-05T08:10:47+00:00","description":"Zalo\u017ete \u00fa\u010det b\u011bhem minuty a z\u00edsk\u00e1te p\u0159\u00edstup k bonus\u016fm, free spin\u016fm i speci\u00e1ln\u00edm nab\u00eddk\u00e1m \u2b50 Bezpe\u010dn\u00e9 prost\u0159ed\u00ed, jednoduch\u00fd proces a okam\u017eit\u00e1 aktivace \u00fa\u010dtu.","breadcrumb":{"@id":"https:\/\/spinbetter.cash\/cz\/registration\/#breadcrumb"},"inLanguage":"cs","potentialAction":[{"@type":"ReadAction","target":["https:\/\/spinbetter.cash\/cz\/registration\/"]}]},{"@type":"BreadcrumbList","@id":"https:\/\/spinbetter.cash\/cz\/registration\/#breadcrumb","itemListElement":[{"@type":"ListItem","position":1,"name":"Home","item":"https:\/\/spinbetter.cash\/cz\/"},{"@type":"ListItem","position":2,"name":"Registrace"}]},{"@type":"WebSite","@id":"https:\/\/spinbetter.cash\/cz\/#website","url":"https:\/\/spinbetter.cash\/cz\/","name":"Spinbetter Football CZ","description":"My WordPress Blog","potentialAction":[{"@type":"SearchAction","target":{"@type":"EntryPoint","urlTemplate":"https:\/\/spinbetter.cash\/cz\/?s={search_term_string}"},"query-input":{"@type":"PropertyValueSpecification","valueRequired":true,"valueName":"search_term_string"}}],"inLanguage":"cs"}]}},"_links":{"self":[{"href":"https:\/\/spinbetter.cash\/cz\/wp-json\/wp\/v2\/pages\/354","targetHints":{"allow":["GET"]}}],"collection":[{"href":"https:\/\/spinbetter.cash\/cz\/wp-json\/wp\/v2\/pages"}],"about":[{"href":"https:\/\/spinbetter.cash\/cz\/wp-json\/wp\/v2\/types\/page"}],"author":[{"embeddable":true,"href":"https:\/\/spinbetter.cash\/cz\/wp-json\/wp\/v2\/users\/1"}],"replies":[{"embeddable":true,"href":"https:\/\/spinbetter.cash\/cz\/wp-json\/wp\/v2\/comments?post=354"}],"version-history":[{"count":23,"href":"https:\/\/spinbetter.cash\/cz\/wp-json\/wp\/v2\/pages\/354\/revisions"}],"predecessor-version":[{"id":646,"href":"https:\/\/spinbetter.cash\/cz\/wp-json\/wp\/v2\/pages\/354\/revisions\/646"}],"wp:attachment":[{"href":"https:\/\/spinbetter.cash\/cz\/wp-json\/wp\/v2\/media?parent=354"}],"curies":[{"name":"wp","href":"https:\/\/api.w.org\/{rel}","templated":true}]}}