{"id":297,"date":"2024-10-11T14:29:57","date_gmt":"2024-10-11T14:29:57","guid":{"rendered":"https:\/\/spinbetter.cash\/ar\/?page_id=297"},"modified":"2025-10-13T10:16:13","modified_gmt":"2025-10-13T10:16:13","slug":"casino","status":"publish","type":"page","link":"https:\/\/spinbetter.cash\/ar\/casino\/","title":{"rendered":"Casino"},"content":{"rendered":"","protected":false},"excerpt":{"rendered":"","protected":false},"author":1,"featured_media":0,"parent":0,"menu_order":0,"comment_status":"closed","ping_status":"closed","template":"","meta":{"_acf_changed":false,"footnotes":""},"class_list":["post-297","page","type-page","status-publish","hentry"],"acf":[],"yoast_head":"<!-- This site is optimized with the Yoast SEO plugin v27.3 - https:\/\/yoast.com\/product\/yoast-seo-wordpress\/ -->\n<title>SpinBetter Argentina casino | registro, bonos y rese\u00f1a de juegos<\/title>\n<meta name=\"description\" content=\"\u00a1Descubre la emoci\u00f3n en SpinBetter Casino! Una gran selecci\u00f3n de juegos, bonificaciones incre\u00edbles y la oportunidad de ganar desde la primera tirada.\" \/>\n<meta name=\"robots\" content=\"index, follow, max-snippet:-1, max-image-preview:large, max-video-preview:-1\" \/>\n<meta property=\"og:locale\" content=\"es_ES\" \/>\n<meta property=\"og:type\" content=\"article\" \/>\n<meta property=\"og:title\" content=\"SpinBetter Argentina casino | registro, bonos y rese\u00f1a de juegos\" \/>\n<meta property=\"og:description\" content=\"\u00a1Descubre la emoci\u00f3n en SpinBetter Casino! Una gran selecci\u00f3n de juegos, bonificaciones incre\u00edbles y la oportunidad de ganar desde la primera tirada.\" \/>\n<meta property=\"og:url\" content=\"https:\/\/spinbetter.cash\/ar\/casino\/\" \/>\n<meta property=\"og:site_name\" content=\"Spinbetter football AR\" \/>\n<meta property=\"article:modified_time\" content=\"2025-10-13T10:16:13+00:00\" \/>\n<meta name=\"twitter:card\" content=\"summary_large_image\" \/>\n<script type=\"application\/ld+json\" class=\"yoast-schema-graph\">{\"@context\":\"https:\\\/\\\/schema.org\",\"@graph\":[{\"@type\":\"WebPage\",\"@id\":\"https:\\\/\\\/spinbetter.cash\\\/ar\\\/casino\\\/\",\"url\":\"https:\\\/\\\/spinbetter.cash\\\/ar\\\/casino\\\/\",\"name\":\"SpinBetter Argentina casino | registro, bonos y rese\u00f1a de juegos\",\"isPartOf\":{\"@id\":\"https:\\\/\\\/spinbetter.cash\\\/ar\\\/#website\"},\"datePublished\":\"2024-10-11T14:29:57+00:00\",\"dateModified\":\"2025-10-13T10:16:13+00:00\",\"description\":\"\u00a1Descubre la emoci\u00f3n en SpinBetter Casino! Una gran selecci\u00f3n de juegos, bonificaciones incre\u00edbles y la oportunidad de ganar desde la primera tirada.\",\"breadcrumb\":{\"@id\":\"https:\\\/\\\/spinbetter.cash\\\/ar\\\/casino\\\/#breadcrumb\"},\"inLanguage\":\"es-AR\",\"potentialAction\":[{\"@type\":\"ReadAction\",\"target\":[\"https:\\\/\\\/spinbetter.cash\\\/ar\\\/casino\\\/\"]}]},{\"@type\":\"BreadcrumbList\",\"@id\":\"https:\\\/\\\/spinbetter.cash\\\/ar\\\/casino\\\/#breadcrumb\",\"itemListElement\":[{\"@type\":\"ListItem\",\"position\":1,\"name\":\"Home\",\"item\":\"https:\\\/\\\/spinbetter.cash\\\/ar\\\/\"},{\"@type\":\"ListItem\",\"position\":2,\"name\":\"Casino\"}]},{\"@type\":\"WebSite\",\"@id\":\"https:\\\/\\\/spinbetter.cash\\\/ar\\\/#website\",\"url\":\"https:\\\/\\\/spinbetter.cash\\\/ar\\\/\",\"name\":\"Spinbetter football AR\",\"description\":\"\",\"potentialAction\":[{\"@type\":\"SearchAction\",\"target\":{\"@type\":\"EntryPoint\",\"urlTemplate\":\"https:\\\/\\\/spinbetter.cash\\\/ar\\\/?s={search_term_string}\"},\"query-input\":{\"@type\":\"PropertyValueSpecification\",\"valueRequired\":true,\"valueName\":\"search_term_string\"}}],\"inLanguage\":\"es-AR\"}]}<\/script>\n<!-- \/ Yoast SEO plugin. -->","yoast_head_json":{"title":"SpinBetter Argentina casino | registro, bonos y rese\u00f1a de juegos","description":"\u00a1Descubre la emoci\u00f3n en SpinBetter Casino! Una gran selecci\u00f3n de juegos, bonificaciones incre\u00edbles y la oportunidad de ganar desde la primera tirada.","robots":{"index":"index","follow":"follow","max-snippet":"max-snippet:-1","max-image-preview":"max-image-preview:large","max-video-preview":"max-video-preview:-1"},"og_locale":"es_ES","og_type":"article","og_title":"SpinBetter Argentina casino | registro, bonos y rese\u00f1a de juegos","og_description":"\u00a1Descubre la emoci\u00f3n en SpinBetter Casino! Una gran selecci\u00f3n de juegos, bonificaciones incre\u00edbles y la oportunidad de ganar desde la primera tirada.","og_url":"https:\/\/spinbetter.cash\/ar\/casino\/","og_site_name":"Spinbetter football AR","article_modified_time":"2025-10-13T10:16:13+00:00","twitter_card":"summary_large_image","schema":{"@context":"https:\/\/schema.org","@graph":[{"@type":"WebPage","@id":"https:\/\/spinbetter.cash\/ar\/casino\/","url":"https:\/\/spinbetter.cash\/ar\/casino\/","name":"SpinBetter Argentina casino | registro, bonos y rese\u00f1a de juegos","isPartOf":{"@id":"https:\/\/spinbetter.cash\/ar\/#website"},"datePublished":"2024-10-11T14:29:57+00:00","dateModified":"2025-10-13T10:16:13+00:00","description":"\u00a1Descubre la emoci\u00f3n en SpinBetter Casino! Una gran selecci\u00f3n de juegos, bonificaciones incre\u00edbles y la oportunidad de ganar desde la primera tirada.","breadcrumb":{"@id":"https:\/\/spinbetter.cash\/ar\/casino\/#breadcrumb"},"inLanguage":"es-AR","potentialAction":[{"@type":"ReadAction","target":["https:\/\/spinbetter.cash\/ar\/casino\/"]}]},{"@type":"BreadcrumbList","@id":"https:\/\/spinbetter.cash\/ar\/casino\/#breadcrumb","itemListElement":[{"@type":"ListItem","position":1,"name":"Home","item":"https:\/\/spinbetter.cash\/ar\/"},{"@type":"ListItem","position":2,"name":"Casino"}]},{"@type":"WebSite","@id":"https:\/\/spinbetter.cash\/ar\/#website","url":"https:\/\/spinbetter.cash\/ar\/","name":"Spinbetter football AR","description":"","potentialAction":[{"@type":"SearchAction","target":{"@type":"EntryPoint","urlTemplate":"https:\/\/spinbetter.cash\/ar\/?s={search_term_string}"},"query-input":{"@type":"PropertyValueSpecification","valueRequired":true,"valueName":"search_term_string"}}],"inLanguage":"es-AR"}]}},"_links":{"self":[{"href":"https:\/\/spinbetter.cash\/ar\/wp-json\/wp\/v2\/pages\/297","targetHints":{"allow":["GET"]}}],"collection":[{"href":"https:\/\/spinbetter.cash\/ar\/wp-json\/wp\/v2\/pages"}],"about":[{"href":"https:\/\/spinbetter.cash\/ar\/wp-json\/wp\/v2\/types\/page"}],"author":[{"embeddable":true,"href":"https:\/\/spinbetter.cash\/ar\/wp-json\/wp\/v2\/users\/1"}],"replies":[{"embeddable":true,"href":"https:\/\/spinbetter.cash\/ar\/wp-json\/wp\/v2\/comments?post=297"}],"version-history":[{"count":22,"href":"https:\/\/spinbetter.cash\/ar\/wp-json\/wp\/v2\/pages\/297\/revisions"}],"predecessor-version":[{"id":578,"href":"https:\/\/spinbetter.cash\/ar\/wp-json\/wp\/v2\/pages\/297\/revisions\/578"}],"wp:attachment":[{"href":"https:\/\/spinbetter.cash\/ar\/wp-json\/wp\/v2\/media?parent=297"}],"curies":[{"name":"wp","href":"https:\/\/api.w.org\/{rel}","templated":true}]}}